{"id":9,"date":"2025-05-11T12:28:43","date_gmt":"2025-05-11T12:28:43","guid":{"rendered":"https:\/\/linkbuildingspainagency.com\/?page_id=9"},"modified":"2025-09-02T11:26:20","modified_gmt":"2025-09-02T11:26:20","slug":"home","status":"publish","type":"page","link":"https:\/\/linkbuildingspainagency.com\/es\/","title":{"rendered":"Inicio"},"content":{"rendered":"<div class=\"wp-block-cover alignfull is-light\" style=\"min-height:720px;aspect-ratio:unset;\"><span aria-hidden=\"true\" class=\"wp-block-cover__background has-background-dim-100 has-background-dim has-background-gradient\" style=\"background:linear-gradient(35deg,rgb(6,0,151) 0%,rgb(130,4,255) 73%,rgb(193,15,255) 100%)\"><\/span><div class=\"wp-block-cover__inner-container is-layout-flow wp-block-cover-is-layout-flow\">\n<div class=\"inherit-container-width wp-block-group alignwide is-layout-constrained wp-block-group-is-layout-constrained\">\n<div class=\"wp-block-media-text alignwide has-media-on-the-right is-stacked-on-mobile is-vertically-aligned-center\" style=\"grid-template-columns:auto 47%\"><div class=\"wp-block-media-text__content\">\n<h1 class=\"wp-block-heading has-text-align-left has-white-color has-text-color\"><br><strong>Servicios de Link Building en Espa\u00f1a que realmente funcionan<\/strong><\/h1>\n\n\n\n<p class=\"has-white-color has-text-color\"><strong><strong>Impulsa tu SEO con backlinks potentes, seguros y asequibles de fuentes espa\u00f1olas e internacionales.<\/strong><\/strong> Nos especializamos en la construcci\u00f3n manual de enlaces de alta calidad, a la medida de las empresas que se dirigen al mercado espa\u00f1ol y m\u00e1s all\u00e1.<\/p>\n\n\n\n<div class=\"wp-block-buttons is-layout-flex wp-block-buttons-is-layout-flex\">\n<div class=\"wp-block-button\"><a class=\"wp-block-button__link wp-element-button\" href=\"#\"><strong>Obtenga su presupuesto personalizado<\/strong><\/a><\/div>\n<\/div>\n<\/div><figure class=\"wp-block-media-text__media\"><img loading=\"lazy\" decoding=\"async\" width=\"730\" height=\"453\" src=\"https:\/\/linkbuildingspainagency.com\/wp-content\/uploads\/2025\/05\/thumb_289_730_453_0_0_crop.png\" alt=\"\" class=\"wp-image-828 size-full\" srcset=\"https:\/\/linkbuildingspainagency.com\/wp-content\/uploads\/2025\/05\/thumb_289_730_453_0_0_crop.png 730w, https:\/\/linkbuildingspainagency.com\/wp-content\/uploads\/2025\/05\/thumb_289_730_453_0_0_crop-300x186.png 300w\" sizes=\"auto, (max-width: 730px) 100vw, 730px\" \/><\/figure><\/div>\n<\/div>\n<\/div><\/div>\n\n\n\n<div class=\"wp-block-group alignwide has-ast-global-color-5-background-color has-background is-layout-constrained wp-container-core-group-is-layout-9cedb757 wp-block-group-is-layout-constrained\" style=\"padding-bottom:0px\">\n<section class=\"features\">\n  <h2 style=\"text-align: center;\">\ud83d\udcc8 \u00bfPor qu\u00e9 invertir en Link Building en Espa\u00f1a?<\/h2>\n  <div class=\"feature-container\" style=\"display: flex; justify-content: center; gap: 20px; flex-wrap: wrap;\">\n    <div class=\"feature\" style=\"text-align: center; width: 250px;\">\n      <div class=\"icon\" style=\"background-color: #FF9800; padding: 20px; border-radius: 50%; display: inline-block; width: 60px; height: 60px; display: flex; justify-content: center; align-items: center;\">\n        <i class=\"fas fa-arrow-up\" style=\"color: white; font-size: 30px;\"><\/i>\n      <\/div>\n      <h3>Mejores resultados en Google<\/h3>\n      <p>Los backlinks siguen siendo uno de los principales factores de clasificaci\u00f3n.<\/p>\n    <\/div>\n    <div class=\"feature\" style=\"text-align: center; width: 250px;\">\n      <div class=\"icon\" style=\"background-color: #FFEB3B; padding: 20px; border-radius: 50%; display: inline-block; width: 60px; height: 60px; display: flex; justify-content: center; align-items: center;\">\n        <i class=\"fas fa-comments\" style=\"color: white; font-size: 30px;\"><\/i>\n      <\/div>\n      <h3>Llegar al p\u00fablico hispanohablante<\/h3>\n      <p>Dominios y contenidos locales = mejores conversiones.<\/p>\n    <\/div>\n    <div class=\"feature\" style=\"text-align: center; width: 250px;\">\n      <div class=\"icon\" style=\"background-color: #F44336; padding: 20px; border-radius: 50%; display: inline-block; width: 60px; height: 60px; display: flex; justify-content: center; align-items: center;\">\n        <i class=\"fas fa-shield-alt\" style=\"color: white; font-size: 30px;\"><\/i>\n      <\/div>\n      <h3>Crear autoridad<\/h3>\n      <p>Los enlaces fiables generan confianza en su sitio web.<\/p>\n    <\/div>\n    <div class=\"feature\" style=\"text-align: center; width: 250px;\">\n      <div class=\"icon\" style=\"background-color: #9C27B0; padding: 20px; border-radius: 50%; display: inline-block; width: 60px; height: 60px; display: flex; justify-content: center; align-items: center;\">\n        <i class=\"fas fa-lock\" style=\"color: white; font-size: 30px;\"><\/i>\n      <\/div>\n      <h3>S\u00f3lo m\u00e9todos seguros<\/h3>\n      <p>Sin sombrero negro, sin automatizaci\u00f3n.<\/p>\n    <\/div>\n  <\/div>\n<\/section>\n<\/div>\n\n\n\n<div class=\"wp-block-group alignwide is-layout-constrained wp-container-core-group-is-layout-45b0ac4f wp-block-group-is-layout-constrained\" id=\"services\" style=\"padding-top:144px;padding-bottom:0px\">\n<h2 class=\"wp-block-heading has-text-align-center\"><br><strong>\ud83d\udd17 Lo que ofrecemos: Servicios de Link Building en Espa\u00f1a<\/strong><\/h2>\n\n\n\n<div class=\"wp-block-columns is-layout-flex wp-container-core-columns-is-layout-60cbf9bb wp-block-columns-is-layout-flex\" style=\"margin-top:50px\">\n<div class=\"wp-block-column is-layout-flow wp-block-column-is-layout-flow\">\n<table style=\"width: 100%; border-collapse: collapse; text-align: left; background-color: #f9f9f9;\">\n  <thead>\n    <tr style=\"background-color: #e0e0e0; font-weight: bold;\">\n      <th style=\"padding: 10px; border: 1px solid #ddd;\">Servicio<\/th>\n      <th style=\"padding: 10px; border: 1px solid #ddd;\">Precio<\/th>\n      <th style=\"padding: 10px; border: 1px solid #ddd;\">Comentario<\/th>\n    <\/tr>\n  <\/thead>\n  <tbody>\n    <tr>\n      <td style=\"padding: 10px; border: 1px solid #ddd;\">Publicaci\u00f3n invitada<\/td>\n      <td style=\"padding: 10px; border: 1px solid #ddd;\">Medios por debajo de $1000 \u2192 $100 de cuota fija<\/td>\n      <td style=\"padding: 10px; border: 1px solid #ddd;\">Proceso completo: selecci\u00f3n del lugar, acuerdo con el cliente y publicaci\u00f3n.<\/td>\n    <\/tr>\n    <tr>\n      <td style=\"padding: 10px; border: 1px solid #ddd;\">Inserci\u00f3n de enlaces, ediciones de nicho<\/td>\n      <td style=\"padding: 10px; border: 1px solid #ddd;\">$10\/enlace<\/td>\n      <td style=\"padding: 10px; border: 1px solid #ddd;\">Incluye ediciones en p\u00e1ginas con su enlace.<\/td>\n    <\/tr>\n    <tr>\n      <td style=\"padding: 10px; border: 1px solid #ddd;\">Enlaces contextuales<\/td>\n      <td style=\"padding: 10px; border: 1px solid #ddd;\">$10\/enlace<\/td>\n      <td style=\"padding: 10px; border: 1px solid #ddd;\">Enlaces insertados en el texto contextual de las p\u00e1ginas.<\/td>\n    <\/tr>\n    <tr>\n      <td style=\"padding: 10px; border: 1px solid #ddd;\">Backlinks en foros y menciones de marcas<\/td>\n      <td style=\"padding: 10px; border: 1px solid #ddd;\">$15 \u2192 backlink o menci\u00f3n de marca (Calculado)<\/td>\n      <td style=\"padding: 10px; border: 1px solid #ddd;\">Publicaci\u00f3n sobre foros, base de datos con m\u00e1s de 10.000 foros.<\/td>\n    <\/tr>\n    <tr>\n      <td style=\"padding: 10px; border: 1px solid #ddd;\">Perfil de backlinks, Sumisi\u00f3n de backlinks<\/td>\n      <td style=\"padding: 10px; border: 1px solid #ddd;\">$10\/enlace<\/td>\n      <td style=\"padding: 10px; border: 1px solid #ddd;\">Enlaces insertados en p\u00e1ginas de perfil o a trav\u00e9s de formularios de env\u00edo.<\/td>\n    <\/tr>\n    <tr>\n      <td style=\"padding: 10px; border: 1px solid #ddd;\">A\u00f1adir a cat\u00e1logos de empresas<\/td>\n      <td style=\"padding: 10px; border: 1px solid #ddd;\">De $25\/listing<\/td>\n      <td style=\"padding: 10px; border: 1px solid #ddd;\">Listado simple (1-5 campos): $25 cada uno. Listado completo a partir de $50.<\/td>\n    <\/tr>\n    <tr>\n      <td style=\"padding: 10px; border: 1px solid #ddd;\">Backlinks y menciones de marca en Quora<\/td>\n      <td style=\"padding: 10px; border: 1px solid #ddd;\">$28 \u2192 backlink o menci\u00f3n de marca.<\/td>\n      <td style=\"padding: 10px; border: 1px solid #ddd;\">Incluye respuestas con enlaces o entradas en Quora.<\/td>\n    <\/tr>\n    <tr>\n      <td style=\"padding: 10px; border: 1px solid #ddd;\">Backlinks y menciones de marca en Reddit<\/td>\n      <td style=\"padding: 10px; border: 1px solid #ddd;\">$25 \u2192 comentar, $35 \u2192 publicar<\/td>\n      <td style=\"padding: 10px; border: 1px solid #ddd;\">Incluye entradas o comentarios con enlaces en Reddit.<\/td>\n    <\/tr>\n    <tr>\n      <td style=\"padding: 10px; border: 1px solid #ddd;\">Relaciones p\u00fablicas digitales<\/td>\n      <td style=\"padding: 10px; border: 1px solid #ddd;\">A partir de $2000\/mes<\/td>\n      <td style=\"padding: 10px; border: 1px solid #ddd;\">Estrategia personalizada basada en un an\u00e1lisis en profundidad.<\/td>\n    <\/tr>\n    <tr>\n      <td style=\"padding: 10px; border: 1px solid #ddd;\">Construcci\u00f3n de enlaces complejos<\/td>\n      <td style=\"padding: 10px; border: 1px solid #ddd;\">Desde $2000\/project<\/td>\n      <td style=\"padding: 10px; border: 1px solid #ddd;\">Estrategia de construcci\u00f3n de enlaces personalizada basada en una profunda investigaci\u00f3n.<\/td>\n    <\/tr>\n    <tr>\n      <td style=\"padding: 10px; border: 1px solid #ddd;\">Servicios de marca blanca<\/td>\n      <td style=\"padding: 10px; border: 1px solid #ddd;\">Desde $2000\/project<\/td>\n      <td style=\"padding: 10px; border: 1px solid #ddd;\">Para las agencias. Informes de marca + 15% de devoluci\u00f3n en todos los pedidos.<\/td>\n    <\/tr>\n    <tr>\n      <td style=\"padding: 10px; border: 1px solid #ddd;\">Servicios SEO<\/td>\n      <td style=\"padding: 10px; border: 1px solid #ddd;\">A partir de $2000\/mes<\/td>\n      <td style=\"padding: 10px; border: 1px solid #ddd;\">Servicios completos de SEO para mercados locales y medianos.<\/td>\n    <\/tr>\n    <tr>\n      <td style=\"padding: 10px; border: 1px solid #ddd;\">GEO (AI SEO)<\/td>\n      <td style=\"padding: 10px; border: 1px solid #ddd;\">Desde $2000\/project<\/td>\n      <td style=\"padding: 10px; border: 1px solid #ddd;\">SEO basado en IA para diferentes mercados.<\/td>\n    <\/tr>\n    <tr>\n      <td style=\"padding: 10px; border: 1px solid #ddd;\">HARO (Relaciones p\u00fablicas digitales)<\/td>\n      <td style=\"padding: 10px; border: 1px solid #ddd;\">$3000\/proyecto<\/td>\n      <td style=\"padding: 10px; border: 1px solid #ddd;\">Proyecto a largo plazo con consultas de prensa.<\/td>\n    <\/tr>\n    <tr>\n      <td style=\"padding: 10px; border: 1px solid #ddd;\">Redacci\u00f3n SEO<\/td>\n      <td style=\"padding: 10px; border: 1px solid #ddd;\">$8 por 100 palabras<\/td>\n      <td style=\"padding: 10px; border: 1px solid #ddd;\">Contenido optimizado para SEO redactado por expertos locales.<\/td>\n    <\/tr>\n    <tr>\n      <td style=\"padding: 10px; border: 1px solid #ddd;\">Indexaci\u00f3n de Google<\/td>\n      <td style=\"padding: 10px; border: 1px solid #ddd;\">$0.15\/enlace<\/td>\n      <td style=\"padding: 10px; border: 1px solid #ddd;\">90% sistema de indexaci\u00f3n del \u00e9xito. El presupuesto m\u00ednimo del proyecto es de $100.<\/td>\n    <\/tr>\n    <tr>\n      <td style=\"padding: 10px; border: 1px solid #ddd;\">Edificio PBN<\/td>\n      <td style=\"padding: 10px; border: 1px solid #ddd;\">Desde $300\/site<\/td>\n      <td style=\"padding: 10px; border: 1px solid #ddd;\">Paquete LITE con alojamiento + 5 art\u00edculos.<\/td>\n    <\/tr>\n    <tr>\n      <td style=\"padding: 10px; border: 1px solid #ddd;\">Enlaces de iGaming y nichos grises<\/td>\n      <td style=\"padding: 10px; border: 1px solid #ddd;\">Desde $3\/backlink<\/td>\n      <td style=\"padding: 10px; border: 1px solid #ddd;\">El pedido m\u00ednimo es de $500. Solicite m\u00e1s informaci\u00f3n a su gestor de cuentas.<\/td>\n    <\/tr>\n  <\/tbody>\n<\/table>\n\n<\/div>\n<\/div>\n<\/div>\n\n\n\n<div class=\"wp-block-group alignwide is-layout-constrained wp-container-core-group-is-layout-3fee123f wp-block-group-is-layout-constrained\" id=\"whyus\" style=\"padding-top:144px;padding-bottom:144px\">\n<div class=\"wp-block-columns is-layout-flex wp-container-core-columns-is-layout-28f84493 wp-block-columns-is-layout-flex\">\n<div class=\"wp-block-column is-layout-flow wp-block-column-is-layout-flow\">\n<section>\n  <h2>\ud83d\udd0d Nuestro enfoque de Link Building en Espa\u00f1a<\/h2>\n  <p>Nuestra probada estrategia de construcci\u00f3n de enlaces combina el alcance manual, el an\u00e1lisis detallado y el contenido a medida para ayudarle a conseguir resultados de SEO sostenibles y a largo plazo en Espa\u00f1a. Priorizamos la calidad sobre la cantidad, asegur\u00e1ndonos de que cada enlace contribuya significativamente al crecimiento y visibilidad de su sitio web.<\/p>\n  <ul style=\"text-align: left;\">\n    <li><strong>Adquisici\u00f3n de enlaces totalmente manual<\/strong><\/li>\n    <li><strong>An\u00e1lisis de dominios basados en datos<\/strong> (RD, tr\u00e1fico, relevancia de nicho)<\/li>\n    <li><strong>Divulgaci\u00f3n a editores espa\u00f1oles reales (.es) e internacionales<\/strong><\/li>\n    <li><strong>Optimizaci\u00f3n del texto de anclaje<\/strong><\/li>\n    <li><strong>Contenido nativo cuando sea necesario<\/strong><\/li>\n    <li><strong>Cuadro de mandos transparente<\/strong><\/li>\n  <\/ul>\n<\/section>\n<\/div>\n\n\n\n<div class=\"wp-block-column is-layout-flow wp-block-column-is-layout-flow\">\n<section>\n  <h2>\ud83d\ude80 \u00bfPreparado para impulsar tu web con Link Building profesional en Espa\u00f1a?<\/h2>\n  <ul style=\"text-align: left;\">\n    <li><strong>Amplia red de centros de alta calidad en Espa\u00f1a: <\/strong> Tenemos acceso a una amplia selecci\u00f3n de sitios web de renombre para publicar como invitados, lo que garantiza que su contenido se publique en plataformas con autoridad que coincidan con su nicho.<\/li>\n    <li><strong>Soluciones rentables en Espa\u00f1a:<\/strong> Nuestro equipo compara diligentemente las tarifas de varios proveedores para garantizar el precio m\u00e1s competitivo para sus art\u00edculos como invitado, ayud\u00e1ndole a ahorrar tiempo y dinero.<\/li>\n    <li><strong>Campa\u00f1as a medida en Espa\u00f1a:<\/strong> Cada campa\u00f1a de difusi\u00f3n se personaliza para adaptarse a las necesidades \u00fanicas de su empresa, dirigi\u00e9ndose a sitios web relevantes con la audiencia adecuada que se ajuste a sus objetivos.<\/li>\n    <li><strong>Expertos en divulgaci\u00f3n en Espa\u00f1a:<\/strong> Nuestros especialistas gestionan todo el proceso de difusi\u00f3n de principio a fin -identificaci\u00f3n de los emplazamientos ideales, negociaci\u00f3n de las condiciones y finalizaci\u00f3n de las colocaciones- para ofrecerle una experiencia sin fisuras.<\/li>\n  <\/ul>\n<\/section>\n<\/div>\n<\/div>\n\n\n\n<section class=\"service-target-audience\">\n    <div class=\"service-target-audience__wrapper container\">\n        <div class=\"service-target-audience__text section-text\">\n            <h2>\u00bfQui\u00e9n puede beneficiarse de las herramientas de LinkBuildingSpainAgency en Espa\u00f1a?<\/h2>\n        <\/div>\n        <div class=\"service-target-audience__list\">\n            <div class=\"service-target-audience__item\">\n                <div class=\"service-target-audience__item-title\">\n                    <strong>Profesionales del SEO<\/strong>\n                <\/div>\n                <div class=\"service-target-audience__item-info\">\n                    <p>La construcci\u00f3n de enlaces es un aspecto vital de cualquier estrategia SEO dise\u00f1ada para mejorar la visibilidad de un sitio web en los motores de b\u00fasqueda. En LinkBuildingSpainAgency, simplificamos este proceso, ahorr\u00e1ndole tiempo y dinero al agilizar la b\u00fasqueda y compra de enlaces de alta calidad. Puede crear listas de enlaces personalizadas y generar informes para los clientes o la direcci\u00f3n sin esfuerzo, todo dentro de nuestra plataforma.<\/p>\n                <\/div>\n            <\/div>\n            <div class=\"service-target-audience__item\">\n                <div class=\"service-target-audience__item-title\">\n                    <strong>Agencias de marketing digital y SEO<\/strong>\n                <\/div>\n                <div class=\"service-target-audience__item-info\">\n                    <p>Las agencias pueden ofrecer servicios especializados de linkbuilding a sus clientes utilizando la amplia base de datos de LinkBuildingSpainAgency. Nuestra plataforma ayuda a ahorrar tiempo y costes con precios competitivos, facilitando la gesti\u00f3n de m\u00faltiples proyectos simult\u00e1neamente. Con una suscripci\u00f3n, puede gestionar un n\u00famero ilimitado de proyectos personalizados, asegur\u00e1ndose de que dispone de todas las herramientas necesarias para optimizar su estrategia de link-building de forma efectiva.<\/p>\n                <\/div>\n            <\/div>\n            <div class=\"service-target-audience__item\">\n                <div class=\"service-target-audience__item-title\">\n                    <strong>Expertos en relaciones p\u00fablicas y comunicaci\u00f3n<\/strong>\n                <\/div>\n                <div class=\"service-target-audience__item-info\">\n                    <p>Los profesionales de las relaciones p\u00fablicas y los expertos en comunicaci\u00f3n pueden utilizar nuestra plataforma para impulsar la reputaci\u00f3n y la presencia online de su marca. LinkBuildingSpainAgency le permite colocar enlaces valiosos en sitios web de autoridad, incluyendo los principales medios de comunicaci\u00f3n y plataformas espec\u00edficas de nicho, ayudando a su marca a llegar a la audiencia adecuada con el m\u00e1ximo impacto.<\/p>\n                <\/div>\n            <\/div>\n            <div class=\"service-target-audience__item\">\n                <div class=\"service-target-audience__item-title\">\n                    <strong>Peque\u00f1as y medianas empresas<\/strong>\n                <\/div>\n                <div class=\"service-target-audience__item-info\">\n                    <p>Los propietarios de peque\u00f1as empresas y los empresarios que deseen gestionar de forma independiente la promoci\u00f3n de su sitio web pueden beneficiarse de la plataforma f\u00e1cil de usar de LinkBuildingSpainAgency. Proporciona una forma r\u00e1pida y rentable de obtener backlinks manteniendo el control total del proceso de creaci\u00f3n de enlaces. Con nuestro servicio, puede gestionar todos los aspectos de sus esfuerzos de creaci\u00f3n de enlaces, asegurando el \u00e9xito a largo plazo de su marca.<\/p>\n                <\/div>\n            <\/div>\n        <\/div>\n    <\/div>\n<\/section>\n<\/div>\n\n\n\n<div class=\"wp-block-group alignfull has-ast-global-color-5-background-color has-background is-layout-constrained wp-container-core-group-is-layout-94d206d0 wp-block-group-is-layout-constrained\" id=\"about\" style=\"padding-top:143px;padding-bottom:144px\">\n<p><\/p>\n\n\n\n<div class=\"wp-block-columns is-layout-flex wp-container-core-columns-is-layout-28f84493 wp-block-columns-is-layout-flex\">\n<div class=\"wp-block-column is-layout-flow wp-block-column-is-layout-flow\">\n<section>\n  <h2>Preguntas frecuentes<\/h2>\n  <dl>\n    <dt><strong>\u00bfTodos los backlinks son permanentes?<\/strong><\/dt>\n    <dd>S\u00ed, todas las colocaciones son permanentes a menos que el sitio cierre o se elimine el contenido. En esos casos ofrecemos su sustituci\u00f3n.<\/dd>\n\n    <dt><strong>\u00bfPuedo ver los sitios web antes de la colocaci\u00f3n?<\/strong><\/dt>\n    <dd>Por supuesto. Podemos enviarle listas para que las revise.<\/dd>\n\n    <dt><strong>\u00bfAcepta alg\u00fan nicho?<\/strong><\/dt>\n    <dd>Apoyamos la mayor\u00eda de los nichos legales, incluyendo finanzas, cripto, iGaming, salud, y m\u00e1s.<\/dd>\n\n    <dt><strong>\u00bfSe incluyen contenidos en espa\u00f1ol?<\/strong><\/dt>\n    <dd>S\u00ed, en el caso de los dominios espa\u00f1oles, proporcionamos contenido nativo o localizado.<\/dd>\n  <\/dl>\n<\/section>\n<\/div>\n\n\n\n<div class=\"wp-block-column is-layout-flow wp-block-column-is-layout-flow\">\n<figure class=\"wp-block-gallery has-nested-images columns-default is-cropped wp-block-gallery-1 is-layout-flex wp-block-gallery-is-layout-flex\">\n<figure class=\"wp-block-image size-large\"><img loading=\"lazy\" decoding=\"async\" width=\"800\" height=\"558\" data-id=\"117\" src=\"https:\/\/linkbuildingspainagency.com\/wp-content\/uploads\/2025\/05\/ChatGPT-Image-12-\u043c\u0430\u044f-2025-\u0433.-16_35_09-2.jpg\" alt=\"\" class=\"wp-image-117\" srcset=\"https:\/\/linkbuildingspainagency.com\/wp-content\/uploads\/2025\/05\/ChatGPT-Image-12-\u043c\u0430\u044f-2025-\u0433.-16_35_09-2.jpg 800w, https:\/\/linkbuildingspainagency.com\/wp-content\/uploads\/2025\/05\/ChatGPT-Image-12-\u043c\u0430\u044f-2025-\u0433.-16_35_09-2-300x209.jpg 300w, https:\/\/linkbuildingspainagency.com\/wp-content\/uploads\/2025\/05\/ChatGPT-Image-12-\u043c\u0430\u044f-2025-\u0433.-16_35_09-2-768x536.jpg 768w\" sizes=\"auto, (max-width: 800px) 100vw, 800px\" \/><\/figure>\n<\/figure>\n<\/div>\n<\/div>\n<\/div>\n\n\n\n<div class=\"wp-block-group alignfull has-background is-layout-constrained wp-container-core-group-is-layout-cfcca693 wp-block-group-is-layout-constrained\" id=\"contact\" style=\"background:linear-gradient(35deg,rgb(6,0,151) 0%,rgb(130,4,255) 64%,rgb(193,15,255) 98%);padding-top:104px;padding-bottom:104px\">\n<h2 class=\"wp-block-heading has-text-align-center has-text-color\" style=\"color:#ffffff\">\ud83d\ude80 \u00bfPreparado para hacer crecer tu posicionamiento en Espa\u00f1a?<\/h2>\n\n\n\n<h6 class=\"wp-block-heading has-text-align-center has-text-color\" style=\"color:#ffffff\">Construyamos enlaces que muevan la aguja<\/h6>\n\n\n\n<div class=\"wp-block-buttons alignwide is-horizontal is-content-justification-center is-layout-flex wp-container-core-buttons-is-layout-bba8380a wp-block-buttons-is-layout-flex\" style=\"margin-top:50px\">\n<div class=\"wp-block-button\"><a class=\"wp-block-button__link wp-element-button\">P\u00f3ngase en contacto con nosotros para una estrategia personalizada<\/a><\/div>\n<\/div>\n<\/div>","protected":false},"excerpt":{"rendered":"<p>\ud83d\udcc8 \u00bfPor qu\u00e9 invertir en Link Building en Espa\u00f1a? Posicionarse mejor en Google Los backlinks siguen siendo uno de los principales factores de posicionamiento. [...]<\/p>","protected":false},"author":1,"featured_media":0,"parent":0,"menu_order":0,"comment_status":"closed","ping_status":"closed","template":"","meta":{"site-sidebar-layout":"no-sidebar","site-content-layout":"plain-container","ast-site-content-layout":"full-width-container","site-content-style":"default","site-sidebar-style":"default","ast-global-header-display":"","ast-banner-title-visibility":"","ast-main-header-display":"","ast-hfb-above-header-display":"","ast-hfb-below-header-display":"","ast-hfb-mobile-header-display":"","site-post-title":"disabled","ast-breadcrumbs-content":"","ast-featured-img":"","footer-sml-layout":"","ast-disable-related-posts":"","theme-transparent-header-meta":"enabled","adv-header-id-meta":"","stick-header-meta":"","header-above-stick-meta":"","header-main-stick-meta":"","header-below-stick-meta":"","astra-migrate-meta-layouts":"default","ast-page-background-enabled":"default","ast-page-background-meta":{"desktop":{"background-color":"var(--ast-global-color-5)","background-image":"","background-repeat":"repeat","background-position":"center center","background-size":"auto","background-attachment":"scroll","background-type":"","background-media":"","overlay-type":"","overlay-color":"","overlay-opacity":"","overlay-gradient":""},"tablet":{"background-color":"","background-image":"","background-repeat":"repeat","background-position":"center center","background-size":"auto","background-attachment":"scroll","background-type":"","background-media":"","overlay-type":"","overlay-color":"","overlay-opacity":"","overlay-gradient":""},"mobile":{"background-color":"","background-image":"","background-repeat":"repeat","background-position":"center center","background-size":"auto","background-attachment":"scroll","background-type":"","background-media":"","overlay-type":"","overlay-color":"","overlay-opacity":"","overlay-gradient":""}},"ast-content-background-meta":{"desktop":{"background-color":"var(--ast-global-color-4)","background-image":"","background-repeat":"repeat","background-position":"center center","background-size":"auto","background-attachment":"scroll","background-type":"","background-media":"","overlay-type":"","overlay-color":"","overlay-opacity":"","overlay-gradient":""},"tablet":{"background-color":"var(--ast-global-color-4)","background-image":"","background-repeat":"repeat","background-position":"center center","background-size":"auto","background-attachment":"scroll","background-type":"","background-media":"","overlay-type":"","overlay-color":"","overlay-opacity":"","overlay-gradient":""},"mobile":{"background-color":"var(--ast-global-color-4)","background-image":"","background-repeat":"repeat","background-position":"center center","background-size":"auto","background-attachment":"scroll","background-type":"","background-media":"","overlay-type":"","overlay-color":"","overlay-opacity":"","overlay-gradient":""}},"footnotes":""},"class_list":["post-9","page","type-page","status-publish","hentry"],"_links":{"self":[{"href":"https:\/\/linkbuildingspainagency.com\/es\/wp-json\/wp\/v2\/pages\/9","targetHints":{"allow":["GET"]}}],"collection":[{"href":"https:\/\/linkbuildingspainagency.com\/es\/wp-json\/wp\/v2\/pages"}],"about":[{"href":"https:\/\/linkbuildingspainagency.com\/es\/wp-json\/wp\/v2\/types\/page"}],"author":[{"embeddable":true,"href":"https:\/\/linkbuildingspainagency.com\/es\/wp-json\/wp\/v2\/users\/1"}],"replies":[{"embeddable":true,"href":"https:\/\/linkbuildingspainagency.com\/es\/wp-json\/wp\/v2\/comments?post=9"}],"version-history":[{"count":68,"href":"https:\/\/linkbuildingspainagency.com\/es\/wp-json\/wp\/v2\/pages\/9\/revisions"}],"predecessor-version":[{"id":1189,"href":"https:\/\/linkbuildingspainagency.com\/es\/wp-json\/wp\/v2\/pages\/9\/revisions\/1189"}],"wp:attachment":[{"href":"https:\/\/linkbuildingspainagency.com\/es\/wp-json\/wp\/v2\/media?parent=9"}],"curies":[{"name":"wp","href":"https:\/\/api.w.org\/{rel}","templated":true}]}}