{"id":61,"date":"2025-05-12T12:16:47","date_gmt":"2025-05-12T12:16:47","guid":{"rendered":"https:\/\/linkbuildingspainagency.com\/guest-posting-5\/"},"modified":"2025-06-05T09:30:46","modified_gmt":"2025-06-05T09:30:46","slug":"redaccion-seo","status":"publish","type":"page","link":"https:\/\/linkbuildingspainagency.com\/es\/redaccion-seo\/","title":{"rendered":"Redacci\u00f3n SEO"},"content":{"rendered":"<div class=\"wp-block-cover alignfull is-light\" style=\"min-height:720px;aspect-ratio:unset;\"><span aria-hidden=\"true\" class=\"wp-block-cover__background has-background-dim-100 has-background-dim has-background-gradient\" style=\"background:linear-gradient(35deg,rgb(6,0,151) 0%,rgb(130,4,255) 73%,rgb(193,15,255) 100%)\"><\/span><div class=\"wp-block-cover__inner-container is-layout-flow wp-block-cover-is-layout-flow\">\n<div class=\"inherit-container-width wp-block-group alignwide is-layout-constrained wp-block-group-is-layout-constrained\">\n<div class=\"wp-block-media-text alignwide has-media-on-the-right is-stacked-on-mobile is-vertically-aligned-center\" style=\"grid-template-columns:auto 36%\"><div class=\"wp-block-media-text__content\">\n<h1 class=\"wp-block-heading has-text-align-left has-white-color has-text-color\">Servicios de redacci\u00f3n SEO en Espa\u00f1a basados en la UE<\/h1>\n\n\n\n<p class=\"has-white-color has-text-color\"><strong>Somos una agencia de confianza especializada en la elaboraci\u00f3n de estrategias eficaces de creaci\u00f3n de enlaces que generan resultados reales en Espa\u00f1a. \u00danete a m\u00e1s de 350 empresas y agencias en Espa\u00f1a que conf\u00edan en nuestra experiencia para mejorar su posicionamiento en buscadores y optimizar su rendimiento SEO.<\/strong><\/p>\n\n\n\n<div class=\"wp-block-buttons is-layout-flex wp-block-buttons-is-layout-flex\">\n<div class=\"wp-block-button\"><a class=\"wp-block-button__link wp-element-button\" href=\"#\">P\u00f3ngase en contacto conmigo<\/a><\/div>\n<\/div>\n<\/div><figure class=\"wp-block-media-text__media\"><img loading=\"lazy\" decoding=\"async\" width=\"596\" height=\"571\" src=\"https:\/\/linkbuildingspainagency.com\/wp-content\/uploads\/2025\/05\/what-is-seo.png\" alt=\"\" class=\"wp-image-848 size-full\" srcset=\"https:\/\/linkbuildingspainagency.com\/wp-content\/uploads\/2025\/05\/what-is-seo.png 596w, https:\/\/linkbuildingspainagency.com\/wp-content\/uploads\/2025\/05\/what-is-seo-300x287.png 300w\" sizes=\"auto, (max-width: 596px) 100vw, 596px\" \/><\/figure><\/div>\n<\/div>\n<\/div><\/div>\n\n\n\n<div class=\"wp-block-group alignfull is-layout-constrained wp-container-core-group-is-layout-45b0ac4f wp-block-group-is-layout-constrained\" id=\"services\" style=\"padding-top:144px;padding-bottom:0px\">\n<section class=\"link-building-info\">\n  <h2>Todo lo que debe saber sobre la creaci\u00f3n de enlaces<\/h2>\n  \n  <div class=\"info-item\">\n    <h3>\u00bfQu\u00e9 es la construcci\u00f3n de enlaces?<\/h3>\n    <p>El link building es una t\u00e9cnica crucial para crear conexiones entre dos p\u00e1ginas web a trav\u00e9s de hiperv\u00ednculos, tambi\u00e9n conocidos como backlinks. Esta estrategia ayuda a los usuarios a descubrir contenidos m\u00e1s relevantes y valiosos en Internet. Los motores de b\u00fasqueda como Google utilizan estos enlaces como una se\u00f1al clave para determinar la autoridad y relevancia del contenido, lo que repercute directamente en las clasificaciones de b\u00fasqueda. La creaci\u00f3n eficaz de enlaces mejora la presencia en l\u00ednea de un sitio web, aumenta su credibilidad y atrae m\u00e1s tr\u00e1fico org\u00e1nico.<\/p>\n  <\/div>\n  \n  <div class=\"info-item\">\n    <h3>\u00bfPor qu\u00e9 es esencial para usted la construcci\u00f3n de enlaces?<\/h3>\n    <p>Los servicios de creaci\u00f3n de enlaces son vitales para el \u00e9xito de cualquier campa\u00f1a de SEO. Conseguir v\u00ednculos de retroceso de alta calidad procedentes de fuentes autorizadas no s\u00f3lo aumenta la fiabilidad de su sitio web, sino que tambi\u00e9n mejora su posicionamiento en los motores de b\u00fasqueda. Al mejorar la autoridad de su sitio web, la creaci\u00f3n de enlaces genera de forma natural m\u00e1s tr\u00e1fico org\u00e1nico, lo que facilita que los clientes potenciales encuentren su negocio. <strong>Linkbuildingspainagency.com<\/strong> ofrece un enfoque personalizado de la creaci\u00f3n de enlaces, garantizando que la estrategia se adapte a las necesidades espec\u00edficas de su empresa y ofrezca el m\u00e1ximo valor.<\/p>\n  <\/div>\n\n  <div class=\"info-item\">\n    <h3>\u00bfQu\u00e9 hace un creador de enlaces?<\/h3>\n    <p>Un creador de enlaces es un profesional del marketing digital que se centra en la adquisici\u00f3n de backlinks de alta calidad para su sitio web. Este experto lleva a cabo diversas estrategias, como la creaci\u00f3n de contenidos, el contacto con sitios web y la formaci\u00f3n de asociaciones con l\u00edderes del sector. En <strong>linkbuildingspainagency.com<\/strong>Nuestros creadores de enlaces son algo m\u00e1s que especialistas en SEO. Son estrategas experimentados dedicados a mejorar la visibilidad y credibilidad de su sitio web en los motores de b\u00fasqueda. Nuestro equipo se adapta continuamente al panorama digital y personaliza las estrategias para que coincidan con sus objetivos empresariales.<\/p>\n  <\/div>\n  \n  <div class=\"info-item\">\n    <h3>\u00bfQu\u00e9 es una agencia de construcci\u00f3n de enlaces?<\/h3>\n    <p>Una agencia de construcci\u00f3n de enlaces es un socio SEO profesional dedicado a mejorar la visibilidad de su sitio web, el posicionamiento en buscadores y la optimizaci\u00f3n de palabras clave mediante la colocaci\u00f3n estrat\u00e9gica de enlaces. En <strong>linkbuildingspainagency.com<\/strong>Nos especializamos en la adquisici\u00f3n de v\u00ednculos de retroceso de alta calidad que impulsan su posicionamiento para palabras clave relevantes. Nuestro equipo utiliza m\u00e9todos probados para construir enlaces desde sitios web de autoridad, asegurando resultados a largo plazo. Con nuestros conocimientos y a\u00f1os de experiencia, ayudamos a su empresa a lograr un \u00e9xito cuantificable de SEO desde el principio.<\/p>\n  <\/div>\n\n<\/section>\n<\/div>\n\n\n\n<div class=\"wp-block-group alignwide is-layout-constrained wp-container-core-group-is-layout-45b0ac4f wp-block-group-is-layout-constrained\" id=\"services\" style=\"padding-top:144px;padding-bottom:0px\">\n<section class=\"key-benefits\">\n<head>\n  <link rel=\"stylesheet\" href=\"https:\/\/cdnjs.cloudflare.com\/ajax\/libs\/font-awesome\/6.0.0-beta3\/css\/all.min.css\">\n<\/head>\n\n<h2>Estas son las principales ventajas de la creaci\u00f3n de v\u00ednculos:<\/h2>\n  <div class=\"benefits\">\n    <div class=\"benefit\">\n      <div class=\"step-icon\">\n        <i class=\"fa fa-search\"><\/i> <!-- Search Icon -->\n      <\/div>\n      <h3>B\u00fasqueda constante de sitios<\/h3>\n      <p>A\u00f1adimos continuamente sitios nuevos y relevantes a nuestra base de datos para mejorar las estrategias de creaci\u00f3n de enlaces de nuestros clientes.<\/p>\n    <\/div>\n    <div class=\"benefit\">\n      <div class=\"step-icon\">\n        <i class=\"fa fa-line-chart\"><\/i> <!-- Chart Icon -->\n      <\/div>\n      <h3>Impulse su negocio con la creaci\u00f3n de enlaces<\/h3>\n      <p>Nuestro equipo conoce la f\u00f3rmula exacta para impulsar el posicionamiento en buscadores y las relaciones p\u00fablicas de su empresa. Comience su viaje de construcci\u00f3n de enlaces con un socio fiable que combina un proceso eficaz con creatividad para obtener excelentes resultados y seguimiento.<\/p>\n    <\/div>\n    <div class=\"benefit\">\n      <div class=\"step-icon\">\n        <i class=\"fa fa-globe\"><\/i> <!-- Globe Icon -->\n      <\/div>\n      <h3>Experiencia global en creaci\u00f3n de enlaces<\/h3>\n      <p>Clientes de todo el mundo aprecian nuestro enfoque innovador y personalizado de la creaci\u00f3n de enlaces. Como su consultor especializado, nos aseguramos de que su estrategia se alinee con las tendencias en evoluci\u00f3n para garantizar el \u00e9xito SEO en el futuro.<\/p>\n    <\/div>\n    <div class=\"benefit\">\n      <div class=\"step-icon\">\n        <i class=\"fa fa-headphones\"><\/i> <!-- Headset Icon -->\n      <\/div>\n      <h3>Consultas y asistencia 24 horas al d\u00eda, 7 d\u00edas a la semana<\/h3>\n      <p>Ofrecemos consultas gratuitas para orientarle en la compra de enlaces y otros servicios. Nuestro equipo de soporte est\u00e1 disponible las 24 horas del d\u00eda a trav\u00e9s del chat, listo para responder a cualquier pregunta y ayudarle en todo lo posible.<\/p>\n    <\/div>\n  <\/div>\n<\/section>\n<\/div>\n\n\n\n<div class=\"wp-block-group alignfull has-ast-global-color-5-background-color has-background is-layout-constrained wp-container-core-group-is-layout-94d206d0 wp-block-group-is-layout-constrained\" id=\"about\" style=\"padding-top:143px;padding-bottom:144px\">\n<section class=\"link-building-benefits\">\n  <h2>\u00bfQui\u00e9n puede beneficiarse de nuestros servicios de construcci\u00f3n de enlaces?<\/h2>\n  <p>Nuestros servicios est\u00e1n dise\u00f1ados para beneficiar a una amplia gama de clientes.<\/p>\n\n  <div class=\"benefits-container\">\n    <!-- For Businesses Block -->\n    <div class=\"benefit-box\">\n      <h3>Para empresas<\/h3>\n      <p>Tanto si se trata de una peque\u00f1a empresa local como de una marca global, la creaci\u00f3n de enlaces proporciona una ventaja competitiva a la hora de impulsar su visibilidad en l\u00ednea, dirigir el tr\u00e1fico y aumentar los ingresos.<\/p>\n      <p>Aunque podr\u00eda crear un equipo interno, los costes ser\u00edan significativamente m\u00e1s elevados y el tiempo necesario para adquirir la experiencia necesaria ser\u00eda largo.<\/p>\n      <p>Al asociarse con un consultor de creaci\u00f3n de enlaces de confianza, podr\u00e1 desplegar campa\u00f1as de forma m\u00e1s r\u00e1pida y eficaz, gracias a su profundo conocimiento del sector y a su red de contactos establecida. Esto le ahorrar\u00e1 tiempo y recursos desde el primer d\u00eda y a largo plazo.<\/p>\n    <\/div>\n\n    <!-- For Digital Marketing Agencies and SEO Resellers Block -->\n    <div class=\"benefit-box\">\n      <h3>Para agencias de marketing digital y revendedores SEO<\/h3>\n      <p>Si lo eres:<\/p>\n      <ul>\n        <li>Una agencia de marketing digital<\/li>\n        <li>Un experto en SEO que gestiona m\u00faltiples proyectos<\/li>\n        <li>Un especialista interno en SEO que trabaja con una sola marca<\/li>\n      <\/ul>\n      <p>Comprende la importancia de contar con una s\u00f3lida base de datos de dominios frescos para sus esfuerzos de creaci\u00f3n de enlaces.<\/p>\n      <p>Nuestra agencia simplifica el proceso para especialistas como usted. Puede optar por subcontratarnos sus proyectos o seguir gestion\u00e1ndolos usted mismo, aprovechando nuestra base de datos de dominios actualizada peri\u00f3dicamente.<\/p>\n    <\/div>\n  <\/div>\n<\/section>\n<\/div>\n\n\n\n<div class=\"wp-block-group alignfull is-layout-constrained wp-container-core-group-is-layout-3fee123f wp-block-group-is-layout-constrained\" id=\"whyus\" style=\"padding-top:144px;padding-bottom:144px\">\n<section class=\"link-building-benefits\">\n  <h2>Por qu\u00e9 los enlaces son valiosos para el SEO<\/h2>\n  <p>Los enlaces desempe\u00f1an un papel fundamental a la hora de mejorar la clasificaci\u00f3n de su sitio web en los motores de b\u00fasqueda. Cuantos m\u00e1s backlinks de alta calidad reciba, m\u00e1s posibilidades tendr\u00e1 de aparecer en los resultados de b\u00fasqueda.<\/p>\n\n  <div class=\"link-benefits\">\n    <!-- Authority & Trust -->\n    <div class=\"link-benefit\">\n      <div class=\"link-benefit-icon\">\n        <i class=\"fa fa-shield-alt\"><\/i>\n      <\/div>\n      <h3>Autoridad y confianza<\/h3>\n      <p>Los enlaces naturales y org\u00e1nicos son los backlinks m\u00e1s poderosos que puede adquirir. Estos backlinks se obtienen cuando otros sitios web consideran que su contenido es valioso para su audiencia y enlazan con \u00e9l sin que usted se lo pida. Los motores de b\u00fasqueda conf\u00edan en estos enlaces org\u00e1nicos y los ven como un fuerte indicador de la autoridad de su sitio web, lo que puede aumentar significativamente su clasificaci\u00f3n.<\/p>\n    <\/div>\n\n    <!-- Relevance -->\n    <div class=\"link-benefit\">\n      <div class=\"link-benefit-icon\">\n        <i class=\"fa fa-link\"><\/i>\n      <\/div>\n      <h3>Relevancia<\/h3>\n      <p>Para aumentar su presencia en Internet, es fundamental que se centre en adquirir enlaces naturales y relevantes de sitios web de su sector. Los motores de b\u00fasqueda utilizan estos enlaces para comprender mejor el contenido de su sitio web. Por ejemplo, si busca posicionarse para t\u00e9rminos como \"cursos de idiomas\", los enlaces de sitios web especializados en el aprendizaje de idiomas o de fuentes de pa\u00edses relevantes ser\u00e1n muy beneficiosos.<\/p>\n    <\/div>\n\n    <!-- Diversity -->\n    <div class=\"link-benefit\">\n      <div class=\"link-benefit-icon\">\n        <i class=\"fa fa-sitemap\"><\/i>\n      <\/div>\n      <h3>Diversidad<\/h3>\n      <p>Una estrategia SEO s\u00f3lida se basa en una amplia gama de v\u00ednculos de retroceso. Para mejorar su rendimiento en las b\u00fasquedas, es importante contar con una variedad de enlaces de distintas fuentes. Los enlaces diversos y naturales env\u00edan una se\u00f1al clara a los motores de b\u00fasqueda sobre la autoridad de su sitio dentro de su sector.<\/p>\n    <\/div>\n\n    <!-- Competitive Advantage -->\n    <div class=\"link-benefit\">\n      <div class=\"link-benefit-icon\">\n        <i class=\"fa fa-trophy\"><\/i>\n      <\/div>\n      <h3>Ventaja competitiva<\/h3>\n      <p>Si su sitio web tiene m\u00e1s backlinks que sus competidores en la p\u00e1gina de resultados de los motores de b\u00fasqueda (SERP), es se\u00f1al de que su p\u00fablico objetivo valora y utiliza su contenido. Esto le da una ventaja competitiva, ya que facilita a los clientes encontrar su marca y relacionarse con ella.<\/p>\n    <\/div>\n\n    <!-- Referral Traffic -->\n    <div class=\"link-benefit\">\n      <div class=\"link-benefit-icon\">\n        <i class=\"fa fa-traffic-light\"><\/i>\n      <\/div>\n      <h3>Tr\u00e1fico de referencia<\/h3>\n      <p>Una de las principales ventajas de crear un s\u00f3lido perfil de v\u00ednculos de retroceso es la capacidad de atraer tr\u00e1fico de referencia a su sitio web. Los v\u00ednculos de retroceso no s\u00f3lo mejoran su clasificaci\u00f3n, sino que tambi\u00e9n abren nuevos canales a diferentes mercados y audiencias. Estos enlaces aumentan la visibilidad de palabras clave espec\u00edficas, mejoran su presencia en publicaciones especializadas y le permiten participar en publicaciones de invitados.<\/p>\n    <\/div>\n\n    <!-- Link Equity -->\n    <div class=\"link-benefit\">\n      <div class=\"link-benefit-icon\">\n        <i class=\"fa fa-arrow-up\"><\/i>\n      <\/div>\n      <h3>Equidad de enlaces<\/h3>\n      <p>El valor de los enlaces, o \"link juice\", es uno de los factores m\u00e1s importantes en SEO. Cuantos m\u00e1s backlinks de alta calidad obtenga, mayor ser\u00e1 la autoridad de su contenido. Cuando otros sitios de confianza le enlazan, transfieren parte de su autoridad a su sitio web, lo que le ayuda a posicionarse mejor en los resultados de b\u00fasqueda.<\/p>\n    <\/div>\n  <\/div>\n<\/section>\n\n\n\n<h2>Lo que ganar\u00e1<\/h2>\n\n\n\n<div class=\"wp-block-columns is-layout-flex wp-container-core-columns-is-layout-28f84493 wp-block-columns-is-layout-flex\">\n<div class=\"wp-block-column is-layout-flow wp-block-column-is-layout-flow\">\n<div class=\"list-block\">\n    <p><strong>Autoridad de dominio alta:<\/strong> Seleccionamos cuidadosamente las fuentes de enlaces m\u00e1s autorizadas y relevantes dentro de su nicho en Espa\u00f1a. Nuestro equipo analiza los sitios donantes potenciales evaluando m\u00e9tricas esenciales como DA, TR, la cantidad y calidad de los enlaces externos, y m\u00e1s, asegurando un perfil de enlaces natural que fortalezca la posici\u00f3n de su sitio en los resultados de b\u00fasqueda dentro del mercado espa\u00f1ol.<\/p>\n\n    <p><strong>Colocaci\u00f3n manual de enlaces:<\/strong> Evitamos los m\u00e9todos autom\u00e1ticos de colocaci\u00f3n de enlaces, que pueden poner en riesgo la salud de su sitio. Nuestro equipo se basa en la colocaci\u00f3n manual de enlaces, garantizando enlaces naturales de alta calidad que los motores de b\u00fasqueda favorecen.<\/p>\n\n    <p><strong>Mejora de la clasificaci\u00f3n en las SERP:<\/strong> Los v\u00ednculos de retroceso de alta calidad son un factor clave para mejorar la clasificaci\u00f3n en los motores de b\u00fasqueda. Nos especializamos en la creaci\u00f3n de perfiles de enlaces que los algoritmos de b\u00fasqueda valoran altamente, ayudando a su negocio a lograr una mejor visibilidad y clasificaci\u00f3n.<\/p>\n  <\/div>\n<\/div>\n\n\n\n<div class=\"wp-block-column is-layout-flow wp-block-column-is-layout-flow\">\n<div class=\"list-block\">\n    <p><strong>Aumento del tr\u00e1fico org\u00e1nico:<\/strong> Un ranking de b\u00fasqueda m\u00e1s alto conlleva m\u00e1s visibilidad y tr\u00e1fico. A medida que los usuarios que buscan sus servicios encuentran su sitio m\u00e1s f\u00e1cilmente, su base de clientes potenciales crece, lo que se traduce en un aumento del tr\u00e1fico org\u00e1nico.<\/p>\n\n    <p><strong>Posicionamiento de la marca:<\/strong> La creaci\u00f3n de enlaces refuerza la presencia y reputaci\u00f3n de su marca en su sector. Le ayudamos a crear una estrategia integral para posicionar su marca con eficacia y aumentar su valor entre su p\u00fablico objetivo.<\/p>\n\n    <p><strong>Establecimiento de relaciones:<\/strong> La creaci\u00f3n de enlaces ayuda a establecer asociaciones a largo plazo dentro de su sector. Fomentamos relaciones mutuamente beneficiosas que proporcionan acceso a recursos adicionales, experiencia y oportunidades de crecimiento para su negocio.<\/p>\n  <\/div>\n<\/div>\n<\/div>\n<\/div>\n\n\n\n<div class=\"wp-block-group alignfull has-background is-layout-constrained wp-container-core-group-is-layout-cfcca693 wp-block-group-is-layout-constrained\" id=\"contact\" style=\"background:linear-gradient(35deg,rgb(6,0,151) 0%,rgb(130,4,255) 64%,rgb(193,15,255) 98%);padding-top:104px;padding-bottom:104px\">\n<h2 class=\"wp-block-heading alignfull has-text-align-center has-text-color\" style=\"color:#ffffff\">\u00a1Aumente la visibilidad de su marca con SEO Copywriting en Espa\u00f1a!<\/h2>\n\n\n\n<h6 class=\"wp-block-heading alignfull has-text-align-center has-text-color\" style=\"color:#ffffff\">Elija linkbuildingspainagency.com para contenido SEO experto que se posiciona<\/h6>\n\n\n\n<div class=\"wp-block-buttons alignwide is-horizontal is-content-justification-center is-layout-flex wp-container-core-buttons-is-layout-bba8380a wp-block-buttons-is-layout-flex\" style=\"margin-top:50px\">\n<div class=\"wp-block-button\"><a class=\"wp-block-button__link wp-element-button\">Hablemos de SEO Copywriting<\/a><\/div>\n<\/div>\n<\/div>\n\n\n\n<p><\/p>","protected":false},"excerpt":{"rendered":"<p>Everything You Should Know About Link Building What Is Link Building? Link building is a crucial technique for creating connections [&hellip;]<\/p>","protected":false},"author":1,"featured_media":0,"parent":0,"menu_order":0,"comment_status":"closed","ping_status":"closed","template":"","meta":{"site-sidebar-layout":"no-sidebar","site-content-layout":"plain-container","ast-site-content-layout":"","site-content-style":"default","site-sidebar-style":"default","ast-global-header-display":"","ast-banner-title-visibility":"","ast-main-header-display":"","ast-hfb-above-header-display":"","ast-hfb-below-header-display":"","ast-hfb-mobile-header-display":"","site-post-title":"disabled","ast-breadcrumbs-content":"","ast-featured-img":"","footer-sml-layout":"","theme-transparent-header-meta":"enabled","adv-header-id-meta":"","stick-header-meta":"","header-above-stick-meta":"","header-main-stick-meta":"","header-below-stick-meta":"","astra-migrate-meta-layouts":"default","ast-page-background-enabled":"default","ast-page-background-meta":{"desktop":{"background-color":"var(--ast-global-color-5)","background-image":"","background-repeat":"repeat","background-position":"center center","background-size":"auto","background-attachment":"scroll","background-type":"","background-media":"","overlay-type":"","overlay-color":"","overlay-opacity":"","overlay-gradient":""},"tablet":{"background-color":"","background-image":"","background-repeat":"repeat","background-position":"center center","background-size":"auto","background-attachment":"scroll","background-type":"","background-media":"","overlay-type":"","overlay-color":"","overlay-opacity":"","overlay-gradient":""},"mobile":{"background-color":"","background-image":"","background-repeat":"repeat","background-position":"center center","background-size":"auto","background-attachment":"scroll","background-type":"","background-media":"","overlay-type":"","overlay-color":"","overlay-opacity":"","overlay-gradient":""}},"ast-content-background-meta":{"desktop":{"background-color":"var(--ast-global-color-4)","background-image":"","background-repeat":"repeat","background-position":"center center","background-size":"auto","background-attachment":"scroll","background-type":"","background-media":"","overlay-type":"","overlay-color":"","overlay-opacity":"","overlay-gradient":""},"tablet":{"background-color":"var(--ast-global-color-4)","background-image":"","background-repeat":"repeat","background-position":"center center","background-size":"auto","background-attachment":"scroll","background-type":"","background-media":"","overlay-type":"","overlay-color":"","overlay-opacity":"","overlay-gradient":""},"mobile":{"background-color":"var(--ast-global-color-4)","background-image":"","background-repeat":"repeat","background-position":"center center","background-size":"auto","background-attachment":"scroll","background-type":"","background-media":"","overlay-type":"","overlay-color":"","overlay-opacity":"","overlay-gradient":""}},"footnotes":""},"class_list":["post-61","page","type-page","status-publish","hentry"],"_links":{"self":[{"href":"https:\/\/linkbuildingspainagency.com\/es\/wp-json\/wp\/v2\/pages\/61","targetHints":{"allow":["GET"]}}],"collection":[{"href":"https:\/\/linkbuildingspainagency.com\/es\/wp-json\/wp\/v2\/pages"}],"about":[{"href":"https:\/\/linkbuildingspainagency.com\/es\/wp-json\/wp\/v2\/types\/page"}],"author":[{"embeddable":true,"href":"https:\/\/linkbuildingspainagency.com\/es\/wp-json\/wp\/v2\/users\/1"}],"replies":[{"embeddable":true,"href":"https:\/\/linkbuildingspainagency.com\/es\/wp-json\/wp\/v2\/comments?post=61"}],"version-history":[{"count":46,"href":"https:\/\/linkbuildingspainagency.com\/es\/wp-json\/wp\/v2\/pages\/61\/revisions"}],"predecessor-version":[{"id":1184,"href":"https:\/\/linkbuildingspainagency.com\/es\/wp-json\/wp\/v2\/pages\/61\/revisions\/1184"}],"wp:attachment":[{"href":"https:\/\/linkbuildingspainagency.com\/es\/wp-json\/wp\/v2\/media?parent=61"}],"curies":[{"name":"wp","href":"https:\/\/api.w.org\/{rel}","templated":true}]}}