{"id":59,"date":"2025-05-12T12:16:29","date_gmt":"2025-05-12T12:16:29","guid":{"rendered":"https:\/\/linkbuildingspainagency.com\/guest-posting-5\/"},"modified":"2025-06-05T09:31:22","modified_gmt":"2025-06-05T09:31:22","slug":"seo","status":"publish","type":"page","link":"https:\/\/linkbuildingspainagency.com\/es\/seo\/","title":{"rendered":"SEO"},"content":{"rendered":"<div class=\"wp-block-cover alignfull is-light\" style=\"min-height:720px;aspect-ratio:unset;\"><span aria-hidden=\"true\" class=\"wp-block-cover__background has-background-dim-100 has-background-dim has-background-gradient\" style=\"background:linear-gradient(35deg,rgb(6,0,151) 0%,rgb(130,4,255) 73%,rgb(193,15,255) 100%)\"><\/span><div class=\"wp-block-cover__inner-container is-layout-flow wp-block-cover-is-layout-flow\">\n<div class=\"inherit-container-width wp-block-group alignwide is-layout-constrained wp-block-group-is-layout-constrained\">\n<div class=\"wp-block-media-text alignwide has-media-on-the-right is-stacked-on-mobile is-vertically-aligned-center\" style=\"grid-template-columns:auto 40%\"><div class=\"wp-block-media-text__content\">\n<h1 class=\"wp-block-heading alignfull has-text-align-left has-white-color has-text-color\">Agencia de servicios SEO con sede en la UE, especializada en Espa\u00f1a<\/h1>\n\n\n\n<p class=\"has-white-color has-text-color\">Somos una agencia consolidada centrada en ofrecer estrategias de linkbuilding de primer nivel en Espa\u00f1a. M\u00e1s de 350 empresas y agencias conf\u00edan en nosotros para mejorar su posicionamiento en buscadores y conseguir resultados SEO excepcionales en el mercado espa\u00f1ol.<\/p>\n\n\n\n<div class=\"wp-block-buttons is-layout-flex wp-block-buttons-is-layout-flex\">\n<div class=\"wp-block-button\"><a class=\"wp-block-button__link wp-element-button\" href=\"#\">P\u00f3ngase en contacto conmigo<\/a><\/div>\n<\/div>\n<\/div><figure class=\"wp-block-media-text__media\"><img loading=\"lazy\" decoding=\"async\" width=\"596\" height=\"571\" src=\"https:\/\/linkbuildingspainagency.com\/wp-content\/uploads\/2025\/05\/why-SEO-copywriting.png\" alt=\"\" class=\"wp-image-852 size-full\" srcset=\"https:\/\/linkbuildingspainagency.com\/wp-content\/uploads\/2025\/05\/why-SEO-copywriting.png 596w, https:\/\/linkbuildingspainagency.com\/wp-content\/uploads\/2025\/05\/why-SEO-copywriting-300x287.png 300w\" sizes=\"auto, (max-width: 596px) 100vw, 596px\" \/><\/figure><\/div>\n<\/div>\n<\/div><\/div>\n\n\n\n<div class=\"wp-block-group alignfull has-ast-global-color-5-background-color has-background is-layout-constrained wp-container-core-group-is-layout-9cedb757 wp-block-group-is-layout-constrained\" style=\"padding-bottom:0px\">\n<div class=\"wp-block-group alignfull is-layout-constrained wp-block-group-is-layout-constrained\">\n<section class=\"features\">\n  <h2>Todo lo que debe saber sobre la creaci\u00f3n de enlaces<\/h2>\n  <div class=\"feature-container\">\n    <div class=\"feature\">\n      <div class=\"icon\" style=\"background-color: #FF9800; display:none;\">\u2713<\/div>\n      <h3>\u00bfQu\u00e9 es la construcci\u00f3n de enlaces?<\/h3>\n      <p>La construcci\u00f3n de enlaces es una t\u00e9cnica crucial del marketing digital destinada a mejorar la visibilidad de un sitio web en Espa\u00f1a. Consiste en crear backlinks -hiperenlaces que conectan una p\u00e1gina con otra- que ayudan a los motores de b\u00fasqueda como Google a evaluar la relevancia y autoridad de su contenido. Mediante la adquisici\u00f3n de backlinks de alta calidad, puede aumentar significativamente la credibilidad y visibilidad de su sitio web en los resultados de los motores de b\u00fasqueda espa\u00f1oles. Las estrategias eficaces de creaci\u00f3n de enlaces son esenciales para atraer tr\u00e1fico org\u00e1nico, aumentar su presencia en Internet y establecer su marca como una autoridad en su sector en Espa\u00f1a.<\/p>\n    <\/div>\n    <div class=\"feature\">\n      <div class=\"icon\" style=\"background-color: #FFEB3B; display:none;\">\u2713<\/div>\n      <h3>\u00bfPor qu\u00e9 son importantes los servicios de construcci\u00f3n de enlaces?<\/h3>\n      <p>La creaci\u00f3n de enlaces es fundamental para el \u00e9xito de cualquier estrategia de SEO. Ayuda a su sitio web a obtener v\u00ednculos de retroceso de sitios con autoridad, que los motores de b\u00fasqueda utilizan para determinar la relevancia y credibilidad de su sitio. Al mejorar su perfil de backlinks, los servicios de creaci\u00f3n de enlaces mejoran de forma natural el posicionamiento de su sitio web en los motores de b\u00fasqueda, facilitando que los clientes potenciales encuentren su marca. En LinkBuildingSpainAgency, ofrecemos soluciones personalizadas que se adaptan a sus necesidades espec\u00edficas de SEO, impulsando el tr\u00e1fico y mejorando su autoridad en l\u00ednea. Nuestro enfoque integral garantiza resultados duraderos para su negocio.<\/p>\n    <\/div>\n    <div class=\"feature\">\n      <div class=\"icon\" style=\"background-color: #F44336; display:none;\">\u2713<\/div>\n      <h3>\u00bfQu\u00e9 es un creador de enlaces?<\/h3>\n      <p>Un creador de enlaces es un especialista en SEO centrado en la adquisici\u00f3n de backlinks de alta calidad que ayudar\u00e1n a su sitio web a posicionarse mejor en los motores de b\u00fasqueda. Los creadores de enlaces utilizan varias estrategias, incluyendo la creaci\u00f3n de contenidos, la difusi\u00f3n y la construcci\u00f3n de relaciones con los principales actores de la industria, para asegurar valiosos v\u00ednculos de retroceso. En LinkBuildingSpainAgency, nuestros expertos en construcci\u00f3n de enlaces no s\u00f3lo le ayudan a mejorar su posicionamiento SEO, sino que tambi\u00e9n act\u00faan como socios a largo plazo, comprometidos con el crecimiento de su presencia en l\u00ednea y le ayudan a alcanzar sus objetivos de negocio. Adaptamos nuestras estrategias de construcci\u00f3n de enlaces para satisfacer las necesidades espec\u00edficas de su negocio en el competitivo panorama digital actual.<\/p>\n    <\/div>\n    <div class=\"feature\">\n      <div class=\"icon\" style=\"background-color: #9C27B0; display:none;\">\u2713<\/div>\n      <h3>\u00bfQu\u00e9 es una agencia de construcci\u00f3n de enlaces?<\/h3>\n      <p>Una agencia de construcci\u00f3n de enlaces es un socio SEO profesional que se especializa en mejorar el posicionamiento de un sitio web a trav\u00e9s de la adquisici\u00f3n de enlaces estrat\u00e9gicos. En LinkBuildingSpainAgency, combinamos t\u00e9cnicas probadas con conocimientos expertos para adquirir backlinks de fuentes de confianza que mejoren los rankings de b\u00fasqueda. Nuestros experimentados consultores se aseguran de que su sitio web alcance el m\u00e1ximo rendimiento SEO desde el principio. Si est\u00e1 buscando mejorar la posici\u00f3n de su sitio en los resultados de b\u00fasqueda o aumentar el tr\u00e1fico org\u00e1nico, le proporcionamos las herramientas y la experiencia que necesita para tener \u00e9xito.<\/p>\n    <\/div>\n  <\/div>\n<\/section>\n<\/div>\n\n\n\n<div class=\"wp-block-columns is-layout-flex wp-container-core-columns-is-layout-28f84493 wp-block-columns-is-layout-flex\">\n<div class=\"wp-block-column is-layout-flow wp-block-column-is-layout-flow\"><\/div>\n\n\n\n<div class=\"wp-block-column is-layout-flow wp-block-column-is-layout-flow\"><\/div>\n\n\n\n<div class=\"wp-block-column is-layout-flow wp-block-column-is-layout-flow\"><\/div>\n<\/div>\n<\/div>\n\n\n\n<div class=\"wp-block-group alignfull is-layout-constrained wp-container-core-group-is-layout-45b0ac4f wp-block-group-is-layout-constrained\" id=\"services\" style=\"padding-top:144px;padding-bottom:0px\">\n<section class=\"key-benefits\">\n<head>\n  <link rel=\"stylesheet\" href=\"https:\/\/cdnjs.cloudflare.com\/ajax\/libs\/font-awesome\/6.0.0-beta3\/css\/all.min.css\">\n<\/head>\n\n<h2>Descubra las principales ventajas de la creaci\u00f3n de enlaces:<\/h2>\n  <div class=\"benefits\">\n    <div class=\"benefit\">\n      <div class=\"step-icon\">\n        <i class=\"fa fa-search\"><\/i> <!-- Search Icon -->\n      <\/div>\n      <p>Siempre estamos a la b\u00fasqueda de nuevos sitios web para a\u00f1adir a nuestra base de datos, mejorando as\u00ed los esfuerzos de creaci\u00f3n de enlaces de nuestros clientes.<\/p>\n    <\/div>\n    <div class=\"benefit\">\n      <div class=\"step-icon\">\n        <i class=\"fa fa-line-chart\"><\/i> <!-- Chart Icon -->\n      <\/div>\n      <p>Estamos especializados en aumentar las ventas de su empresa a trav\u00e9s de los motores de b\u00fasqueda y las relaciones p\u00fablicas. Comience su viaje exitoso de construcci\u00f3n de enlaces con una agencia confiable, impulsada por procesos que combina la creatividad SEO de primera categor\u00eda con una ejecuci\u00f3n impecable y apoyo continuo.<\/p>\n    <\/div>\n    <div class=\"benefit\">\n      <div class=\"step-icon\">\n        <i class=\"fa fa-globe\"><\/i> <!-- Globe Icon -->\n      <\/div>\n      <p>Clientes de todo el mundo aprecian nuestras innovadoras estrategias de creaci\u00f3n de enlaces. Como su consultor de confianza, crearemos un plan s\u00f3lido y personalizado que se adapte al siempre cambiante panorama digital, garantizando el \u00e9xito a largo plazo de su negocio.<\/p>\n    <\/div>\n    <div class=\"benefit\">\n      <div class=\"step-icon\">\n        <i class=\"fa fa-headphones\"><\/i> <!-- Headset Icon -->\n      <\/div>\n      <p>Obtenga una consulta gratuita antes de realizar cualquier compra. Recibe asesoramiento experto sobre compras de enlaces y servicios adicionales. Disfrute de asistencia de emergencia 24 horas al d\u00eda, 7 d\u00edas a la semana, a trav\u00e9s del chat. No dude en preguntarnos cualquier cosa: \u00a1estamos aqu\u00ed para ayudarle!<\/p>\n    <\/div>\n  <\/div>\n<\/section>\n<\/div>\n\n\n\n<div class=\"wp-block-group alignfull has-ast-global-color-5-background-color has-background is-layout-constrained wp-container-core-group-is-layout-94d206d0 wp-block-group-is-layout-constrained\" id=\"about\" style=\"padding-top:143px;padding-bottom:144px\">\n<div class=\"wp-block-media-text has-media-on-the-right is-stacked-on-mobile is-vertically-aligned-center\" style=\"grid-template-columns:auto 34%\"><div class=\"wp-block-media-text__content\">\n<section class=\"link-building-agency\">\n  <h2>La agencia de construcci\u00f3n de enlaces que ofrece clasificaciones excepcionales<\/h2>\n  <p>Nuestros servicios de construcci\u00f3n de enlaces en Espa\u00f1a utilizan un enfoque estrat\u00e9gico, basado en procesos y t\u00e1cticas avanzadas para elevar el ranking de su sitio web en los motores de b\u00fasqueda y el rendimiento general de SEO. Con la confianza de los mejores profesionales de SEO a nivel mundial, proporcionamos backlinks de alta calidad que eclipsan lo que otros proveedores de construcci\u00f3n de enlaces en Espa\u00f1a pueden ofrecer.<\/p>\n  <p>A diferencia de los servicios t\u00edpicos de construcci\u00f3n de enlaces, adaptamos nuestras estrategias a las necesidades espec\u00edficas de cada proyecto. Damos prioridad a la calidad, la creatividad y la innovaci\u00f3n, garantizando que su marca obtenga y mantenga una ventaja competitiva en el panorama digital.<\/p>\n<\/section>\n<\/div><figure class=\"wp-block-media-text__media\"><img loading=\"lazy\" decoding=\"async\" width=\"1024\" height=\"854\" src=\"https:\/\/linkbuildingspainagency.com\/wp-content\/uploads\/2025\/05\/Sales-Revenue-1024x854-1.png\" alt=\"\" class=\"wp-image-645 size-full\" srcset=\"https:\/\/linkbuildingspainagency.com\/wp-content\/uploads\/2025\/05\/Sales-Revenue-1024x854-1.png 1024w, https:\/\/linkbuildingspainagency.com\/wp-content\/uploads\/2025\/05\/Sales-Revenue-1024x854-1-300x250.png 300w, https:\/\/linkbuildingspainagency.com\/wp-content\/uploads\/2025\/05\/Sales-Revenue-1024x854-1-768x641.png 768w\" sizes=\"auto, (max-width: 1024px) 100vw, 1024px\" \/><\/figure><\/div>\n<\/div>\n\n\n\n<div class=\"wp-block-group alignwide has-ast-global-color-4-background-color has-background is-layout-constrained wp-container-core-group-is-layout-6a2cfb7b wp-block-group-is-layout-constrained\" id=\"reviews\">\n<section class=\"niche-edits-suitable\">\n  <h2>\u00bfQui\u00e9n puede beneficiarse de nuestros servicios de construcci\u00f3n de enlaces?<\/h2>\n  <p>Todo el mundo puede beneficiarse de nuestros servicios.<\/p>\n\n  <div class=\"niche-edits-cards\">\n    <div class=\"niche-edits-card\">\n      <h3>Para empresas<\/h3>\n      <p>Tanto si se trata de una peque\u00f1a empresa local como de una marca global, la creaci\u00f3n de enlaces puede proporcionarle una ventaja competitiva al aumentar su visibilidad en l\u00ednea, atraer m\u00e1s tr\u00e1fico e incrementar los ingresos generales.\n\nCrear un equipo interno puede parecer una buena opci\u00f3n, pero los costes pueden aumentar r\u00e1pidamente y se necesita tiempo para desarrollar la experiencia necesaria.\n\nSi se asocia con un consultor de creaci\u00f3n de v\u00ednculos de confianza, podr\u00e1 poner en marcha campa\u00f1as de forma r\u00e1pida y eficaz, aprovechando sus conocimientos y su red de contactos. De este modo, ahorrar\u00e1 tiempo y recursos, lo que le permitir\u00e1 crecer a largo plazo.<\/p>\n      <p>Reforzar su presencia en l\u00ednea no tiene por qu\u00e9 implicar la creaci\u00f3n de un equipo interno. Con las ediciones de nicho, puede asociarse con linkbuildingspainagency.com, un m\u00e9todo de confianza para mejorar r\u00e1pidamente los rankings, aumentar la autoridad y atraer clientes. Nuestra amplia base de datos de dominios le garantiza encontrar sitios con autoridad y relevantes en su nicho, totalmente adaptados para satisfacer sus necesidades.<\/p>\n      <p>Aportamos una amplia experiencia en m\u00faltiples sectores, una lista de sitios seleccionados y an\u00e1lisis exhaustivos para maximizar el retorno de la inversi\u00f3n. Adem\u00e1s, proporcionamos informes detallados que le ayudan a realizar un seguimiento de la eficacia de sus campa\u00f1as de marketing y a adaptarse r\u00e1pidamente a los cambios del mercado.<\/p>\n    <\/div>\n\n    <div class=\"niche-edits-card\">\n      <h3>Para agencias de marketing digital y revendedores SEO<\/h3>\n      <section class=\"digital-marketing-seo\">\n<p>Si eres un:<\/p>\n    <ul style=\"text-align: left;\">\n        <li>Agencia de marketing digital<\/li>\n        <li>Experto en SEO que gestiona m\u00faltiples proyectos<\/li>\n        <li>Especialista interno en SEO que trabaja con una sola marca<\/li>\n    <\/ul>\n    <p>Ya sabe lo importante que es tener acceso a una base de datos de dominios fiable y constantemente actualizada para sus esfuerzos de creaci\u00f3n de enlaces.<\/p>\n    <p>En <strong>LinkBuildingEspa\u00f1aAgencia<\/strong>le facilitamos este proceso. Puede subcontratarnos sus proyectos de creaci\u00f3n de enlaces o seguir gestion\u00e1ndolos usted mismo con la ayuda de nuestra base de datos de dominios actualizada peri\u00f3dicamente.<\/p>\n    <p>Con <strong>LinkBuildingEspa\u00f1aAgencia<\/strong>Tendr\u00e1 todo lo que necesita para mejorar y optimizar su estrategia de creaci\u00f3n de enlaces y alcanzar el \u00e9xito.<\/p>\n<\/section>\n\n    <\/div>\n  <\/div>\n<\/section>\n<\/div>\n\n\n\n<div class=\"wp-block-group alignwide is-layout-constrained wp-container-core-group-is-layout-3fee123f wp-block-group-is-layout-constrained\" id=\"whyus\" style=\"padding-top:144px;padding-bottom:144px\">\n<section class=\"seo-benefits\">\n  <h2>Por qu\u00e9 los backlinks son fundamentales para el SEO<\/h2>\n\n  <div class=\"benefit-container\">\n    <div class=\"benefit-item\">\n      <h3>Autoridad y confianza<\/h3>\n      <p>Los backlinks org\u00e1nicos son el tipo de enlace m\u00e1s potente que puede conseguir. Estos enlaces se obtienen cuando otros sitios web consideran que su contenido es valioso y relevante para su audiencia, y lo enlazan de forma natural sin que usted se lo pida. Los motores de b\u00fasqueda conf\u00edan en los backlinks org\u00e1nicos, y pueden mejorar significativamente la autoridad de su sitio web, mejorando en \u00faltima instancia su clasificaci\u00f3n en los resultados de los motores de b\u00fasqueda en Espa\u00f1a.<\/p>\n    <\/div>\n\n    <div class=\"benefit-item\">\n      <h3>Relevancia<\/h3>\n      <p>Para aumentar su presencia en Internet, es fundamental que se centre en obtener enlaces de sitios que coincidan con su \u00e1rea de especializaci\u00f3n. Los motores de b\u00fasqueda utilizan estos enlaces para comprender el contenido y la relevancia de su sitio. Por ejemplo, si tu objetivo es posicionarte para palabras clave como \"cursos de idiomas\", obtener backlinks de sitios web relevantes, como los especializados en aprendizaje de idiomas, mejorar\u00e1 enormemente tu SEO.<\/p>\n    <\/div>\n\n    <div class=\"benefit-item\">\n      <h3>Diversidad<\/h3>\n      <p>Un perfil de backlinks s\u00f3lido es fundamental para el \u00e9xito de una estrategia SEO. Para garantizar un buen rendimiento de su sitio web en los resultados de b\u00fasqueda org\u00e1nica, es fundamental contar con una amplia gama de v\u00ednculos de retroceso. Cuanto m\u00e1s amplios y variados sean tus backlinks, m\u00e1s fiable y autorizado ser\u00e1 tu sitio web para los motores de b\u00fasqueda.<\/p>\n    <\/div>\n  <\/div>\n\n  <div class=\"benefit-container\">\n    <div class=\"benefit-item\">\n      <h3>Ventaja competitiva<\/h3>\n      <p>Si su sitio obtiene m\u00e1s backlinks que sus competidores en los resultados de b\u00fasqueda, demuestra que su p\u00fablico reconoce su contenido y se compromete con \u00e9l. Esto puede darle una ventaja competitiva en los resultados de b\u00fasqueda, facilitando a los clientes encontrar su marca y relacionarse con ella. Adem\u00e1s, los backlinks pueden atraer tr\u00e1fico de referencia a su sitio web, presentando sus productos o servicios a un p\u00fablico m\u00e1s amplio y aumentando potencialmente las conversiones.<\/p>\n    <\/div>\n\n    <div class=\"benefit-item\">\n      <h3>Tr\u00e1fico de referencia<\/h3>\n      <p>Uno de los beneficios inmediatos de tener un perfil de v\u00ednculos de retroceso s\u00f3lido es la capacidad de dirigir tr\u00e1fico de referencia a su sitio. Los v\u00ednculos de retroceso no s\u00f3lo ayudan a mejorar su clasificaci\u00f3n, sino que tambi\u00e9n abren nuevas v\u00edas para llegar a diferentes mercados y audiencias. Los backlinks aumentan su visibilidad para palabras clave espec\u00edficas y le ayudan a mantener una presencia en publicaciones o comunidades especializadas a trav\u00e9s de oportunidades para publicar como invitado.<\/p>\n    <\/div>\n\n    <div class=\"benefit-item\">\n      <h3>Equidad de enlaces<\/h3>\n      <p>El valor de los enlaces de su sitio es un factor cr\u00edtico en la optimizaci\u00f3n de los motores de b\u00fasqueda. Cuantos m\u00e1s enlaces entrantes tenga de otros sitios fiables, mayor autoridad tendr\u00e1 su contenido. Esos sitios le ceden a usted parte del estatus que poseen, lo que se llama \"link juice\" o \"link equity\". Los robots de los motores de b\u00fasqueda utilizan esta cuota de equidad para darse cuenta de que su sitio web merece autoridad y aumentar la clasificaci\u00f3n de su sitio web en funci\u00f3n de esta equidad.<\/p>\n    <\/div>\n  <\/div>\n<\/section>\n<\/div>\n\n\n\n<div class=\"wp-block-group alignfull has-background is-layout-constrained wp-container-core-group-is-layout-cfcca693 wp-block-group-is-layout-constrained\" id=\"contact\" style=\"background:linear-gradient(35deg,rgb(6,0,151) 0%,rgb(130,4,255) 64%,rgb(193,15,255) 98%);padding-top:104px;padding-bottom:104px\">\n<h2 class=\"wp-block-heading alignfull has-text-align-center has-text-color\" style=\"color:#ffffff\">Agencia l\u00edder en servicios SEO con sede en la UE, especializada en Espa\u00f1a<\/h2>\n\n\n\n<h6 class=\"wp-block-heading alignfull has-text-align-left has-text-color\" style=\"color:#ffffff\">Somos una agencia de confianza especializada en ofrecer estrategias premium de link-building en Espa\u00f1a. Con m\u00e1s de 350 empresas y agencias en Espa\u00f1a que conf\u00edan en nosotros para elevar su posicionamiento en los motores de b\u00fasqueda, logramos constantemente excelentes resultados de SEO adaptados al mercado espa\u00f1ol.<\/h6>\n\n\n\n<div class=\"wp-block-buttons alignwide is-horizontal is-content-justification-center is-layout-flex wp-container-core-buttons-is-layout-bba8380a wp-block-buttons-is-layout-flex\" style=\"margin-top:50px\">\n<div class=\"wp-block-button\"><a class=\"wp-block-button__link wp-element-button\">P\u00f3ngase en contacto conmigo<\/a><\/div>\n<\/div>\n<\/div>","protected":false},"excerpt":{"rendered":"<p>Everything You Need to Know About Link Building \u2713 What Is Link Building? Link building is a crucial technique in [&hellip;]<\/p>","protected":false},"author":1,"featured_media":0,"parent":0,"menu_order":0,"comment_status":"closed","ping_status":"closed","template":"","meta":{"site-sidebar-layout":"no-sidebar","site-content-layout":"plain-container","ast-site-content-layout":"","site-content-style":"default","site-sidebar-style":"default","ast-global-header-display":"","ast-banner-title-visibility":"","ast-main-header-display":"","ast-hfb-above-header-display":"","ast-hfb-below-header-display":"","ast-hfb-mobile-header-display":"","site-post-title":"disabled","ast-breadcrumbs-content":"","ast-featured-img":"","footer-sml-layout":"","theme-transparent-header-meta":"enabled","adv-header-id-meta":"","stick-header-meta":"","header-above-stick-meta":"","header-main-stick-meta":"","header-below-stick-meta":"","astra-migrate-meta-layouts":"default","ast-page-background-enabled":"default","ast-page-background-meta":{"desktop":{"background-color":"var(--ast-global-color-5)","background-image":"","background-repeat":"repeat","background-position":"center center","background-size":"auto","background-attachment":"scroll","background-type":"","background-media":"","overlay-type":"","overlay-color":"","overlay-opacity":"","overlay-gradient":""},"tablet":{"background-color":"","background-image":"","background-repeat":"repeat","background-position":"center center","background-size":"auto","background-attachment":"scroll","background-type":"","background-media":"","overlay-type":"","overlay-color":"","overlay-opacity":"","overlay-gradient":""},"mobile":{"background-color":"","background-image":"","background-repeat":"repeat","background-position":"center center","background-size":"auto","background-attachment":"scroll","background-type":"","background-media":"","overlay-type":"","overlay-color":"","overlay-opacity":"","overlay-gradient":""}},"ast-content-background-meta":{"desktop":{"background-color":"var(--ast-global-color-4)","background-image":"","background-repeat":"repeat","background-position":"center center","background-size":"auto","background-attachment":"scroll","background-type":"","background-media":"","overlay-type":"","overlay-color":"","overlay-opacity":"","overlay-gradient":""},"tablet":{"background-color":"var(--ast-global-color-4)","background-image":"","background-repeat":"repeat","background-position":"center center","background-size":"auto","background-attachment":"scroll","background-type":"","background-media":"","overlay-type":"","overlay-color":"","overlay-opacity":"","overlay-gradient":""},"mobile":{"background-color":"var(--ast-global-color-4)","background-image":"","background-repeat":"repeat","background-position":"center center","background-size":"auto","background-attachment":"scroll","background-type":"","background-media":"","overlay-type":"","overlay-color":"","overlay-opacity":"","overlay-gradient":""}},"footnotes":""},"class_list":["post-59","page","type-page","status-publish","hentry"],"_links":{"self":[{"href":"https:\/\/linkbuildingspainagency.com\/es\/wp-json\/wp\/v2\/pages\/59","targetHints":{"allow":["GET"]}}],"collection":[{"href":"https:\/\/linkbuildingspainagency.com\/es\/wp-json\/wp\/v2\/pages"}],"about":[{"href":"https:\/\/linkbuildingspainagency.com\/es\/wp-json\/wp\/v2\/types\/page"}],"author":[{"embeddable":true,"href":"https:\/\/linkbuildingspainagency.com\/es\/wp-json\/wp\/v2\/users\/1"}],"replies":[{"embeddable":true,"href":"https:\/\/linkbuildingspainagency.com\/es\/wp-json\/wp\/v2\/comments?post=59"}],"version-history":[{"count":38,"href":"https:\/\/linkbuildingspainagency.com\/es\/wp-json\/wp\/v2\/pages\/59\/revisions"}],"predecessor-version":[{"id":1185,"href":"https:\/\/linkbuildingspainagency.com\/es\/wp-json\/wp\/v2\/pages\/59\/revisions\/1185"}],"wp:attachment":[{"href":"https:\/\/linkbuildingspainagency.com\/es\/wp-json\/wp\/v2\/media?parent=59"}],"curies":[{"name":"wp","href":"https:\/\/api.w.org\/{rel}","templated":true}]}}