{"id":57,"date":"2025-05-12T12:16:05","date_gmt":"2025-05-12T12:16:05","guid":{"rendered":"https:\/\/linkbuildingspainagency.com\/guest-posting-5\/"},"modified":"2025-06-05T09:31:55","modified_gmt":"2025-06-05T09:31:55","slug":"pr-digital","status":"publish","type":"page","link":"https:\/\/linkbuildingspainagency.com\/es\/pr-digital\/","title":{"rendered":"Relaciones p\u00fablicas digitales"},"content":{"rendered":"<div class=\"wp-block-cover alignfull is-light\" style=\"min-height:720px;aspect-ratio:unset;\"><span aria-hidden=\"true\" class=\"wp-block-cover__background has-background-dim-100 has-background-dim has-background-gradient\" style=\"background:linear-gradient(35deg,rgb(6,0,151) 0%,rgb(130,4,255) 73%,rgb(193,15,255) 100%)\"><\/span><div class=\"wp-block-cover__inner-container is-layout-flow wp-block-cover-is-layout-flow\">\n<div class=\"inherit-container-width wp-block-group alignwide is-layout-constrained wp-block-group-is-layout-constrained\">\n<div class=\"wp-block-media-text alignwide has-media-on-the-right is-stacked-on-mobile is-vertically-aligned-center\" style=\"grid-template-columns:auto 43%\"><div class=\"wp-block-media-text__content\">\n<h1 class=\"wp-block-heading has-text-align-left has-white-color has-text-color\">Agencia espa\u00f1ola de relaciones p\u00fablicas digitales y creaci\u00f3n de enlaces con sede en la UE<\/h1>\n\n\n\n<p class=\"has-white-color has-text-color\">Somos una agencia de confianza especializada en desarrollar e implementar estrategias de linkbuilding de primer nivel en Espa\u00f1a. \u00danete a las m\u00e1s de 350 empresas y agencias en Espa\u00f1a que conf\u00edan en nosotros para mejorar su rendimiento SEO y escalar posiciones en los buscadores.<\/p>\n\n\n\n<div class=\"wp-block-buttons is-layout-flex wp-block-buttons-is-layout-flex\">\n<div class=\"wp-block-button\"><a class=\"wp-block-button__link wp-element-button\" href=\"#\">P\u00f3ngase en contacto con nosotros<\/a><\/div>\n<\/div>\n<\/div><figure class=\"wp-block-media-text__media\"><img loading=\"lazy\" decoding=\"async\" width=\"500\" height=\"302\" src=\"https:\/\/linkbuildingspainagency.com\/wp-content\/uploads\/2025\/05\/PBN-Building.png\" alt=\"\" class=\"wp-image-854 size-full\" srcset=\"https:\/\/linkbuildingspainagency.com\/wp-content\/uploads\/2025\/05\/PBN-Building.png 500w, https:\/\/linkbuildingspainagency.com\/wp-content\/uploads\/2025\/05\/PBN-Building-300x181.png 300w\" sizes=\"auto, (max-width: 500px) 100vw, 500px\" \/><\/figure><\/div>\n<\/div>\n<\/div><\/div>\n\n\n\n<div class=\"wp-block-group alignfull has-ast-global-color-5-background-color has-background is-layout-constrained wp-container-core-group-is-layout-9cedb757 wp-block-group-is-layout-constrained\" style=\"padding-bottom:0px\">\n<div class=\"service-faq__wrapper container\">\n    <div class=\"service-faq__title section-text\">\n        <h2>Todo lo que debe saber sobre la creaci\u00f3n de enlaces<\/h2>\n    <\/div>\n    <aside class=\"service-faq__accordion\" data-mobile-accordion=\"\">\n        <details name=\"accordion-0\" open=\"\">\n            <summary> \u00bfQu\u00e9 es la construcci\u00f3n de enlaces?<\/summary>\n            <p>El link building en Espa\u00f1a es una estrategia clave en el marketing digital, que permite conectar dos p\u00e1ginas web a trav\u00e9s de hiperv\u00ednculos (o backlinks). Estos enlaces dirigen a los usuarios a contenidos m\u00e1s valiosos, mejorando su experiencia de navegaci\u00f3n. Los motores de b\u00fasqueda como Google utilizan los backlinks como un indicador significativo de la relevancia y autoridad de una p\u00e1gina. Si refuerza su estrategia de creaci\u00f3n de enlaces en Espa\u00f1a, podr\u00e1 aumentar el tr\u00e1fico org\u00e1nico y mejorar su presencia online en el mercado espa\u00f1ol.<\/p>\n        <\/details>\n        <details name=\"accordion-0\">\n            <summary> \u00bfPor qu\u00e9 necesita servicios de construcci\u00f3n de enlaces?<\/summary>\n            <p>Los servicios de creaci\u00f3n de enlaces son cruciales para cualquier estrategia eficaz de SEO. Estos servicios le ayudan a adquirir v\u00ednculos de retroceso de alta calidad de sitios web con autoridad, lo que aumenta la credibilidad de su sitio tanto para los motores de b\u00fasqueda como para los usuarios. El aumento de su autoridad en l\u00ednea mejorar\u00e1 de forma natural el posicionamiento de su sitio web en las b\u00fasquedas, facilitando que sus clientes potenciales le encuentren. En linkbuildingspainagency.com, ofrecemos servicios de creaci\u00f3n de enlaces personalizados que se adaptan a sus necesidades espec\u00edficas, garantizando resultados \u00f3ptimos para su negocio.<\/p>\n        <\/details>\n        <details name=\"accordion-0\">\n            <summary> \u00bfQui\u00e9n es un creador de enlaces?<\/summary>\n            <p>Un creador de enlaces es un vendedor digital centrado en la adquisici\u00f3n de backlinks de alta calidad para su sitio web. Utilizan varias estrategias para asegurar enlaces valiosos, incluyendo la creaci\u00f3n de contenido, llegando a otros sitios, y el establecimiento de asociaciones en su industria. En linkbuildingspainagency.com, nuestros expertos no s\u00f3lo ayudan con el SEO, sino que tambi\u00e9n act\u00faan como socios de confianza, ayudando a aumentar la visibilidad y la reputaci\u00f3n de su sitio en los motores de b\u00fasqueda.<\/p>\n        <\/details>\n        <details name=\"accordion-0\">\n            <summary> \u00bfQu\u00e9 es una agencia de construcci\u00f3n de enlaces?<\/summary>\n            <p>Una agencia de creaci\u00f3n de enlaces es un socio especializado en SEO que ayuda a mejorar la visibilidad y la clasificaci\u00f3n de un sitio web mediante la adquisici\u00f3n de v\u00ednculos de retroceso estrat\u00e9gicos. Nuestra agencia destaca en esta \u00e1rea, utilizando m\u00e9todos probados para adquirir enlaces de autoridad que mejoren su posicionamiento en las b\u00fasquedas. Con a\u00f1os de experiencia en diversas campa\u00f1as, nuestros consultores se dedican a impulsar el \u00e9xito de su SEO desde el principio.<\/p>\n        <\/details>\n    <\/aside>\n<\/div>\n<\/div>\n\n\n\n<div id=\"services\" class=\"wp-block-group is-content-justification-center is-layout-constrained wp-container-core-group-is-layout-4fce8093 wp-block-group-is-layout-constrained\" style=\"padding-top:144px;padding-bottom:0px\">\n<section class=\"service-features\">\n    <div class=\"service-features__wrapper container\">\n        <h2>Estas son las principales ventajas de la creaci\u00f3n de v\u00ednculos:<\/h2>\n        <ul class=\"service-features__cards\">\n            <li class=\"service-features__card service-features-card\">\n                <div>\n                    Estamos constantemente buscando nuevos sitios y a\u00f1adi\u00e9ndolos a nuestra base de datos de sitios para mejorar la construcci\u00f3n de enlaces de nuestros clientes.\n                <\/div>\n            <\/li>\n            <li class=\"service-features__card service-features-card\">\n                <div>\n                    Sabemos c\u00f3mo aumentar las ventas de su negocio desde los motores de b\u00fasqueda y las relaciones p\u00fablicas en Espa\u00f1a. Comience su excelente estrategia de creaci\u00f3n de enlaces con una empresa de creaci\u00f3n de enlaces de confianza y basada en procesos que combina la m\u00e1xima creatividad SEO con una ejecuci\u00f3n y un seguimiento perfectos.\n                <\/div>\n            <\/li>\n            <li class=\"service-features__card service-features-card\">\n                <div>\n                    A nuestros clientes de todo el mundo les encanta nuestro enfoque innovador de la creaci\u00f3n de enlaces. Como su consultor dedicado, construiremos una estrategia s\u00f3lida para la construcci\u00f3n de enlaces exitosa adaptada a la evoluci\u00f3n del panorama digital, asegurando el \u00e9xito continuo en los pr\u00f3ximos a\u00f1os.\n                <\/div>\n            <\/li>\n            <li class=\"service-features__card service-features-card\">\n                <div>\n                    Consulta gratuita antes de realizar el pedido. Consejos para la compra de enlaces y otros servicios. Asistencia de emergencia 24\/7 en el chat. No dude en hacer sus preguntas: \u00a1estamos aqu\u00ed para ayudarle!\n                <\/div>\n            <\/li>\n        <\/ul>\n    <\/div>\n<\/section>\n<\/div>\n\n\n\n<div class=\"wp-block-group alignwide has-ast-global-color-5-background-color has-background is-layout-constrained wp-container-core-group-is-layout-94d206d0 wp-block-group-is-layout-constrained\" id=\"about\" style=\"padding-top:143px;padding-bottom:144px\">\n<div class=\"wp-block-media-text has-media-on-the-right is-stacked-on-mobile is-vertically-aligned-center\" style=\"grid-template-columns:auto 42%\"><div class=\"wp-block-media-text__content\">\n<section class=\"link-building-agency\">\n    <h2>La agencia de construcci\u00f3n de enlaces que ofrece clasificaciones excepcionales<\/h2>\n    <p>En <strong>LinkBuildingEspa\u00f1aAgencia<\/strong>Adoptamos un enfoque estructurado y orientado a los resultados, combinado con estrategias avanzadas, para mejorar significativamente su posicionamiento en los motores de b\u00fasqueda y su rendimiento general de SEO en Espa\u00f1a. Los profesionales de SEO de todo el mundo conf\u00edan en nosotros por nuestra capacidad para ofrecer backlinks de alta calidad que otros servicios de construcci\u00f3n de enlaces en Espa\u00f1a no pueden replicar.<\/p>\n    \n    <p>A diferencia de los servicios tradicionales de creaci\u00f3n de enlaces, adaptamos nuestras estrategias a las necesidades espec\u00edficas de cada proyecto. Nuestro enfoque en la calidad y la innovaci\u00f3n garantiza que su marca obtenga una ventaja competitiva duradera en el panorama digital en constante evoluci\u00f3n.<\/p>\n<\/section>\n<\/div><figure class=\"wp-block-media-text__media\"><img loading=\"lazy\" decoding=\"async\" width=\"746\" height=\"434\" src=\"https:\/\/linkbuildingspainagency.com\/wp-content\/uploads\/2025\/05\/what-is-digital-pr.jpg\" alt=\"\" class=\"wp-image-709 size-full\" srcset=\"https:\/\/linkbuildingspainagency.com\/wp-content\/uploads\/2025\/05\/what-is-digital-pr.jpg 746w, https:\/\/linkbuildingspainagency.com\/wp-content\/uploads\/2025\/05\/what-is-digital-pr-300x175.jpg 300w\" sizes=\"auto, (max-width: 746px) 100vw, 746px\" \/><\/figure><\/div>\n<\/div>\n\n\n\n<div class=\"wp-block-group alignwide has-ast-global-color-4-background-color has-background is-layout-constrained wp-container-core-group-is-layout-6a2cfb7b wp-block-group-is-layout-constrained\" id=\"reviews\">\n<section class=\"link-building-benefits\">\n  <h2>\u00bfQui\u00e9n puede beneficiarse de los servicios de construcci\u00f3n de enlaces?<\/h2>\n  <p>Nuestros servicios se adaptan a una amplia gama de clientes y pueden ayudar a empresas de todos los tama\u00f1os y sectores.<\/p> \n  <div class=\"benefits-container\">\n    <!-- For Businesses Block -->\n    <div class=\"benefit-box\">\n      <h3>Para empresas<\/h3>\n      <p>Tanto si se trata de una peque\u00f1a empresa local como de una gran marca mundial, la creaci\u00f3n de enlaces puede aumentar significativamente su visibilidad, atraer m\u00e1s tr\u00e1fico e incrementar sus ingresos. Aunque podr\u00eda crear un equipo interno, los costes pueden ser mucho m\u00e1s elevados y le llevar\u00eda mucho tiempo adquirir la experiencia necesaria.<\/p>\n<p>Si se asocia con un consultor de creaci\u00f3n de enlaces de confianza, podr\u00e1 desplegar campa\u00f1as de forma r\u00e1pida y eficaz, aprovechando sus amplios conocimientos y su red de contactos. Este enfoque no solo ahorra tiempo, sino que tambi\u00e9n ayuda a maximizar el crecimiento del negocio a largo plazo.<\/p>\n    <\/div>\n    <!-- For Digital Marketing Agencies and SEO Resellers Block -->\n    <div class=\"benefit-box\">\n      <h3>Para agencias de marketing digital y revendedores SEO<\/h3>\n      <p>Si lo eres:<\/p>\n      <ul>\n        <li>Una agencia de marketing digital<\/li>\n        <li>Un especialista en SEO que gestiona varios proyectos simult\u00e1neamente<\/li>\n        <li>Un especialista interno en SEO que trabaja con una sola marca<\/li>\n      <\/ul>\n      <p>Usted comprende la importancia de tener acceso a una base de datos de dominios de calidad constantemente actualizada para sus campa\u00f1as de creaci\u00f3n de enlaces. Nuestra agencia simplifica este proceso permiti\u00e9ndole subcontratarnos sus proyectos de creaci\u00f3n de enlaces o seguir gestion\u00e1ndolos usted mismo utilizando nuestra base de datos de dominios actualizada peri\u00f3dicamente.<\/p>    \n    <\/div>\n  <\/div>\n<\/section>\n <section class=\"link-building-benefits\">\n<\/div>\n\n\n\n<div class=\"wp-block-group alignwide has-ast-global-color-4-background-color has-background is-layout-constrained wp-container-core-group-is-layout-6a2cfb7b wp-block-group-is-layout-constrained\" id=\"reviews\">\n<section class=\"service-links-value\">\n    <div class=\"service-links-value__wrapper container\">\n        <h2>Por qu\u00e9 los backlinks son esenciales para el SEO<\/h2>\n        <ul class=\"service-links-value__list\">\n            <li class=\"service-links-value__list-item\">\n                <h3>Autoridad y confianza<\/h3>\n                <p>Los backlinks org\u00e1nicos son uno de los activos m\u00e1s valiosos para mejorar el SEO de su sitio web. Estos enlaces se obtienen cuando otros sitios web, reconociendo el valor de su contenido, deciden enlazarlo sin que usted se lo pida. Los motores de b\u00fasqueda depositan una gran confianza en estos backlinks naturales, que pueden aumentar significativamente la autoridad de su sitio y mejorar su posicionamiento en los motores de b\u00fasqueda.<\/p>\n            <\/li>\n            <li class=\"service-links-value__list-item\">\n                <h3>Relevancia<\/h3>\n                <p>Para aumentar tu presencia en Internet, es fundamental que te centres en adquirir backlinks de sitios relevantes para tu nicho. Los motores de b\u00fasqueda utilizan estos enlaces para comprender el contenido y la relevancia de su sitio. Por ejemplo, si est\u00e1s intentando posicionarte para palabras clave como \"cursos de idiomas\", obtener backlinks de sitios relevantes centrados en el aprendizaje de idiomas puede mejorar enormemente tus esfuerzos de SEO. Aunque este proceso requiere esfuerzo, es una de las formas m\u00e1s eficaces de establecer su autoridad y ganarse la confianza de los motores de b\u00fasqueda y de los clientes potenciales.<\/p>\n            <\/li>\n            <li class=\"service-links-value__list-item\">\n                <h3>Diversidad<\/h3>\n                <p>Un perfil de backlinks bien equilibrado es la columna vertebral de cualquier estrategia SEO de \u00e9xito. Para mejorar el rendimiento de su b\u00fasqueda org\u00e1nica, es vital diversificar sus v\u00ednculos de retroceso. Cuanto m\u00e1s variados y naturales sean sus v\u00ednculos de retroceso, m\u00e1s fuerte aparecer\u00e1 su sitio en los motores de b\u00fasqueda. Tener enlaces desde una amplia gama de sitios con autoridad, incluyendo blogs, medios de comunicaci\u00f3n y directorios, indica que su contenido es valioso y digno de confianza. Esta diversidad es un factor cr\u00edtico para mejorar su SEO e impulsar sus clasificaciones.<\/p>\n            <\/li>\n            <li class=\"service-links-value__list-item\">\n                <h3>Ventaja competitiva<\/h3>\n                <p>Si su sitio tiene m\u00e1s backlinks que sus competidores en los resultados de los motores de b\u00fasqueda, indica que su contenido est\u00e1 siendo reconocido y utilizado por su p\u00fablico objetivo. Esto puede dar a su sitio web una ventaja competitiva, facilitando a los clientes potenciales encontrar su marca y relacionarse con ella. Adem\u00e1s, los backlinks pueden impulsar el tr\u00e1fico de referencia, presentando sus productos o servicios a un p\u00fablico m\u00e1s amplio y aumentando potencialmente las conversiones.<\/p>\n            <\/li>\n            <li class=\"service-links-value__list-item\">\n                <h3>Tr\u00e1fico de referencia<\/h3>\n                <p>Crear un s\u00f3lido perfil de v\u00ednculos de retroceso es una forma eficaz de atraer tr\u00e1fico de referencia a su sitio web. Los backlinks no s\u00f3lo mejoran la clasificaci\u00f3n de su contenido, sino que tambi\u00e9n abren canales directos a nuevos mercados y audiencias, aumentando la visibilidad de palabras clave espec\u00edficas. Adem\u00e1s, las oportunidades de publicar como invitado y mantener una presencia en publicaciones o comunidades especializadas pueden aumentar a\u00fan m\u00e1s su exposici\u00f3n en l\u00ednea.<\/p>\n            <\/li>\n            <li class=\"service-links-value__list-item\">\n                <h3>Equidad de enlaces<\/h3>\n                <p>El valor de los enlaces de su sitio web desempe\u00f1a un papel importante en el SEO. Cuantos m\u00e1s sitios web de buena reputaci\u00f3n le enlacen, mayor ser\u00e1 la autoridad de su sitio. Estos sitios externos transfieren parte de su autoridad a su sitio a trav\u00e9s de \"link juice\" o link equity. Los motores de b\u00fasqueda utilizan esta equidad para medir la credibilidad de su sitio web y ajustar su clasificaci\u00f3n en consecuencia. La creaci\u00f3n de enlaces es fundamental para mejorar el rendimiento de su sitio en los motores de b\u00fasqueda.<\/p>\n            <\/li>\n        <\/ul>\n    <\/div>\n<\/section>\n<\/div>\n\n\n\n<div class=\"wp-block-group alignfull has-background is-layout-constrained wp-container-core-group-is-layout-cfcca693 wp-block-group-is-layout-constrained\" id=\"contact\" style=\"background:linear-gradient(35deg,rgb(6,0,151) 0%,rgb(130,4,255) 64%,rgb(193,15,255) 98%);padding-top:104px;padding-bottom:104px\">\n<h2 class=\"wp-block-heading has-text-align-center has-text-color\" style=\"color:#ffffff\">\u00bfEst\u00e1 listo para aumentar la visibilidad de su marca en Espa\u00f1a?<\/h2>\n\n\n\n<h6 class=\"wp-block-heading has-text-align-center has-text-color\" style=\"color:#ffffff\">Creemos una estrategia de relaciones p\u00fablicas digitales que genere resultados reales<\/h6>\n\n\n\n<div class=\"wp-block-buttons alignwide is-horizontal is-content-justification-center is-layout-flex wp-container-core-buttons-is-layout-bba8380a wp-block-buttons-is-layout-flex\" style=\"margin-top:50px\">\n<div class=\"wp-block-button\"><a class=\"wp-block-button__link wp-element-button\">P\u00f3ngase en contacto con nosotros para obtener soluciones a medida<\/a><\/div>\n<\/div>\n<\/div>\n\n\n\n<p><\/p>","protected":false},"excerpt":{"rendered":"<p>Everything You Should Know About Link Building What Is Link Building? Link building in Spain is a key strategy in [&hellip;]<\/p>","protected":false},"author":1,"featured_media":0,"parent":0,"menu_order":0,"comment_status":"closed","ping_status":"closed","template":"","meta":{"site-sidebar-layout":"no-sidebar","site-content-layout":"plain-container","ast-site-content-layout":"full-width-container","site-content-style":"default","site-sidebar-style":"default","ast-global-header-display":"","ast-banner-title-visibility":"","ast-main-header-display":"","ast-hfb-above-header-display":"","ast-hfb-below-header-display":"","ast-hfb-mobile-header-display":"","site-post-title":"disabled","ast-breadcrumbs-content":"","ast-featured-img":"","footer-sml-layout":"","theme-transparent-header-meta":"enabled","adv-header-id-meta":"","stick-header-meta":"","header-above-stick-meta":"","header-main-stick-meta":"","header-below-stick-meta":"","astra-migrate-meta-layouts":"default","ast-page-background-enabled":"default","ast-page-background-meta":{"desktop":{"background-color":"var(--ast-global-color-5)","background-image":"","background-repeat":"repeat","background-position":"center center","background-size":"auto","background-attachment":"scroll","background-type":"","background-media":"","overlay-type":"","overlay-color":"","overlay-opacity":"","overlay-gradient":""},"tablet":{"background-color":"","background-image":"","background-repeat":"repeat","background-position":"center center","background-size":"auto","background-attachment":"scroll","background-type":"","background-media":"","overlay-type":"","overlay-color":"","overlay-opacity":"","overlay-gradient":""},"mobile":{"background-color":"","background-image":"","background-repeat":"repeat","background-position":"center center","background-size":"auto","background-attachment":"scroll","background-type":"","background-media":"","overlay-type":"","overlay-color":"","overlay-opacity":"","overlay-gradient":""}},"ast-content-background-meta":{"desktop":{"background-color":"var(--ast-global-color-4)","background-image":"","background-repeat":"repeat","background-position":"center center","background-size":"auto","background-attachment":"scroll","background-type":"","background-media":"","overlay-type":"","overlay-color":"","overlay-opacity":"","overlay-gradient":""},"tablet":{"background-color":"var(--ast-global-color-4)","background-image":"","background-repeat":"repeat","background-position":"center center","background-size":"auto","background-attachment":"scroll","background-type":"","background-media":"","overlay-type":"","overlay-color":"","overlay-opacity":"","overlay-gradient":""},"mobile":{"background-color":"var(--ast-global-color-4)","background-image":"","background-repeat":"repeat","background-position":"center center","background-size":"auto","background-attachment":"scroll","background-type":"","background-media":"","overlay-type":"","overlay-color":"","overlay-opacity":"","overlay-gradient":""}},"footnotes":""},"class_list":["post-57","page","type-page","status-publish","hentry"],"_links":{"self":[{"href":"https:\/\/linkbuildingspainagency.com\/es\/wp-json\/wp\/v2\/pages\/57","targetHints":{"allow":["GET"]}}],"collection":[{"href":"https:\/\/linkbuildingspainagency.com\/es\/wp-json\/wp\/v2\/pages"}],"about":[{"href":"https:\/\/linkbuildingspainagency.com\/es\/wp-json\/wp\/v2\/types\/page"}],"author":[{"embeddable":true,"href":"https:\/\/linkbuildingspainagency.com\/es\/wp-json\/wp\/v2\/users\/1"}],"replies":[{"embeddable":true,"href":"https:\/\/linkbuildingspainagency.com\/es\/wp-json\/wp\/v2\/comments?post=57"}],"version-history":[{"count":32,"href":"https:\/\/linkbuildingspainagency.com\/es\/wp-json\/wp\/v2\/pages\/57\/revisions"}],"predecessor-version":[{"id":1169,"href":"https:\/\/linkbuildingspainagency.com\/es\/wp-json\/wp\/v2\/pages\/57\/revisions\/1169"}],"wp:attachment":[{"href":"https:\/\/linkbuildingspainagency.com\/es\/wp-json\/wp\/v2\/media?parent=57"}],"curies":[{"name":"wp","href":"https:\/\/api.w.org\/{rel}","templated":true}]}}