{"id":55,"date":"2025-05-12T12:15:19","date_gmt":"2025-05-12T12:15:19","guid":{"rendered":"https:\/\/linkbuildingspainagency.com\/guest-posting-5\/"},"modified":"2025-06-05T09:30:06","modified_gmt":"2025-06-05T09:30:06","slug":"edificio-pbn","status":"publish","type":"page","link":"https:\/\/linkbuildingspainagency.com\/es\/edificio-pbn\/","title":{"rendered":"Edificio PBN"},"content":{"rendered":"<div class=\"wp-block-cover alignfull is-light\" style=\"min-height:720px;aspect-ratio:unset;\"><span aria-hidden=\"true\" class=\"wp-block-cover__background has-background-dim-100 has-background-dim has-background-gradient\" style=\"background:linear-gradient(35deg,rgb(6,0,151) 0%,rgb(130,4,255) 73%,rgb(193,15,255) 100%)\"><\/span><div class=\"wp-block-cover__inner-container is-layout-flow wp-block-cover-is-layout-flow\">\n<div class=\"inherit-container-width wp-block-group alignwide is-layout-constrained wp-block-group-is-layout-constrained\">\n<div class=\"wp-block-media-text alignwide has-media-on-the-right is-stacked-on-mobile is-vertically-aligned-center\" style=\"grid-template-columns:auto 38%\"><div class=\"wp-block-media-text__content\">\n<h1 class=\"wp-block-heading has-text-align-left has-white-color has-text-color\">Servicios de creaci\u00f3n de redes privadas de blogs (PBN) en Espa\u00f1a<\/h1>\n\n\n\n<p class=\"has-white-color has-text-color\"><strong>En LinkBuildingSpainAgency, nos especializamos en la creaci\u00f3n de poderosas Redes Privadas de Blogs (PBNs) que pueden elevar la autoridad de su sitio web, dirigir el tr\u00e1fico y mejorar el posicionamiento en los motores de b\u00fasqueda en Espa\u00f1a. Nuestro equipo de expertos ofrece estrategias de creaci\u00f3n de PBN seguras, sostenibles y eficaces, adaptadas espec\u00edficamente a las necesidades de su negocio. Tome el control de su SEO en Espa\u00f1a hoy mismo y vea c\u00f3mo se disparan sus rankings.<\/strong><\/p>\n\n\n\n<div class=\"wp-block-buttons is-layout-flex wp-block-buttons-is-layout-flex\">\n<div class=\"wp-block-button\"><a class=\"wp-block-button__link wp-element-button\" href=\"#\">Empezar ahora<\/a><\/div>\n<\/div>\n<\/div><figure class=\"wp-block-media-text__media\"><img loading=\"lazy\" decoding=\"async\" width=\"667\" height=\"700\" src=\"https:\/\/linkbuildingspainagency.com\/wp-content\/uploads\/2025\/05\/seo-copywriter-agency.png\" alt=\"\" class=\"wp-image-850 size-full\" srcset=\"https:\/\/linkbuildingspainagency.com\/wp-content\/uploads\/2025\/05\/seo-copywriter-agency.png 667w, https:\/\/linkbuildingspainagency.com\/wp-content\/uploads\/2025\/05\/seo-copywriter-agency-286x300.png 286w\" sizes=\"auto, (max-width: 667px) 100vw, 667px\" \/><\/figure><\/div>\n<\/div>\n<\/div><\/div>\n\n\n\n<div class=\"wp-block-group has-ast-global-color-5-background-color has-background is-layout-constrained wp-container-core-group-is-layout-9cedb757 wp-block-group-is-layout-constrained\" style=\"padding-bottom:0px\">\n<section class=\"pbn-knowledge\">\n  <h2>Todo lo que necesita saber sobre las PBN<\/h2>\n\n  <div class=\"pbn-faq\">\n    <div class=\"faq-item\">\n      <h3 class=\"faq-title\">\u00bfQu\u00e9 es una PBN?<\/h3>\n      <p class=\"faq-description\">\n        Una Red Privada de Blogs (PBN) es un grupo de sitios web estrat\u00e9gicamente dise\u00f1ados con el objetivo de mejorar el ranking de b\u00fasqueda de su dominio principal en Espa\u00f1a. Estos sitios web act\u00faan como amplificadores que aumentan la autoridad, ayudan a su sitio web a posicionarse mejor y superan a sus competidores. La clave del \u00e9xito es que cada sitio web parezca completamente natural y relevante.\n      <\/p>\n      <p class=\"faq-description\">\n        En <strong>LinkBuildingEspa\u00f1aAgencia<\/strong>Construimos redes PBN con contenido de alta calidad, seguridad robusta y sin rastro de artificialidad. Cuando usted ordena una PBN de nosotros, usted est\u00e1 recibiendo un conjunto de sitios con un sistema cuidadosamente elaborado que est\u00e1 dise\u00f1ado para trabajar juntos sin problemas.\n      <\/p>\n    <\/div>\n\n    <div class=\"faq-item\">\n      <h3 class=\"faq-title\">\u00bfQu\u00e9 marcas se benefician de una red PBN llave en mano?<\/h3>\n      <p class=\"faq-description\">\n        Las redes PBN llave en mano son ideales para marcas que necesitan mejorar y mantener r\u00e1pidamente su posicionamiento SEO. Esto es especialmente valioso para tiendas de comercio electr\u00f3nico, plataformas SaaS, empresas de medios de comunicaci\u00f3n o empresas del sector del iGaming en Espa\u00f1a.\n      <\/p>\n      <p class=\"faq-description\">\n        Las PBN ayudan a llenar el vac\u00edo all\u00ed donde las t\u00e9cnicas de marketing tradicionales resultan demasiado caras o ineficaces. Si se dirige a un nicho de mercado, trabaja con un presupuesto limitado o gestiona varios sitios web del mismo sector, las PBN son una soluci\u00f3n eficaz. En <strong>LinkBuildingEspa\u00f1aAgencia<\/strong>Tenemos la experiencia para configurar y gestionar su PBN correctamente para obtener resultados.\n      <\/p>\n    <\/div>\n\n    <div class=\"faq-item\">\n      <h3 class=\"faq-title\">\u00bfPor qu\u00e9 deber\u00eda utilizar los servicios de una agencia para crear una PBN?<\/h3>\n      <p class=\"faq-description\">\n        Crear una PBN con \u00e9xito no consiste simplemente en comprar dominios y colocar enlaces. Es un proceso complejo que requiere conocimientos t\u00e9cnicos, planificaci\u00f3n estrat\u00e9gica y comprensi\u00f3n de la din\u00e1mica SEO.\n      <\/p>\n      <p class=\"faq-description\">\n        En <strong>LinkBuildingEspa\u00f1aAgencia<\/strong>Nos aseguramos de que cada PBN que construimos est\u00e1 optimizado para el \u00e9xito. Seleccionamos dominios basados en un rendimiento probado, elaboramos cuidadosamente contenido relevante y creamos un sistema dise\u00f1ado para prosperar en su nicho. Nuestro enfoque minimiza los errores comunes y asegura que su PBN trabaja para el \u00e9xito a largo plazo de su sitio.\n      <\/p>\n    <\/div>\n\n    <div class=\"faq-item\">\n      <h3 class=\"faq-title\">\u00bfQu\u00e9 tipos de PBN puedo pedir a LinkBuildingSpainAgency?<\/h3>\n      <p class=\"faq-description\">\n        En <strong>LinkBuildingEspa\u00f1aAgencia<\/strong>Ofrecemos una variedad de formatos de PBN adaptados a sus necesidades. Construimos redes basadas en dominios s\u00f3lidos con un fuerte historial, creamos redes espec\u00edficas de nicho e incluso construimos PBN utilizando redes sociales para sectores menos competitivos.\n      <\/p>\n      <p class=\"faq-description\">\n        Adoptamos un enfoque personalizado para cada proyecto. Analizamos cuidadosamente el mercado, evaluamos los riesgos y montamos una red PBN que garantice resultados. Sean cuales sean sus objetivos, dise\u00f1aremos una PBN adecuada para usted y le asesoraremos sobre la mejor forma de proceder.\n      <\/p>\n    <\/div>\n  <\/div>\n<\/section>\n<\/div>\n\n\n\n<div class=\"wp-block-group alignfull is-layout-constrained wp-container-core-group-is-layout-45b0ac4f wp-block-group-is-layout-constrained\" id=\"services\" style=\"padding-top:144px;padding-bottom:0px\">\n<section class=\"pbn-benefits\">\n  <h2>\u00bfQui\u00e9n puede beneficiarse de las PBN?<\/h2>\n  <p>Nuestros servicios son perfectos para una amplia variedad de empresas y profesionales, ayud\u00e1ndoles a alcanzar el \u00e9xito SEO con las Redes Privadas de Blogs (PBNs).<\/p>\n  \n  <div class=\"pbn-benefit\">\n    <h3>Para empresas<\/h3>\n    <p>Para las empresas que desean impulsar su presencia en Internet, no basta con comprar backlinks, sino que necesitan una estrategia para gestionarlos y optimizarlos. Una PBN bien ejecutada es crucial para ello, pero crear una que sea eficaz, segura y duradera no es tarea f\u00e1cil.<\/p>\n    <p>Elegir los dominios adecuados, asegurarse de que la estructura de la red es correcta y gestionar los filtros y las estrategias de contenidos requiere una combinaci\u00f3n de conocimientos t\u00e9cnicos y experiencia. Un solo paso en falso puede echar por tierra todo el trabajo realizado.<\/p>\n    <p>En <strong>LinkBuildingEspa\u00f1aAgencia<\/strong>Llevamos a\u00f1os perfeccionando el arte de crear PBN. Desde la creaci\u00f3n de redes que mueven los sitios web a las primeras posiciones hasta asegurar que todo est\u00e1 bien afinado para el m\u00e1ximo impacto SEO, nos ocupamos de todos los detalles. Construimos redes que no s\u00f3lo son seguras, sino eficaces, utilizando dominios de confianza que son relevantes para su nicho.<\/p>\n    <p>Cuando trabajas con nosotros, obtienes algo m\u00e1s que una PBN: obtienes un control total sobre el posicionamiento y la visibilidad de tu sitio web, con un apoyo continuo en cada paso del camino. Nos aseguramos de que su red no solo sea potente, sino tambi\u00e9n sostenible a largo plazo.<\/p>\n  <\/div>\n  \n  <div class=\"pbn-benefit\">\n    <h3>Para agencias de marketing digital y revendedores SEO<\/h3>\n    <p>Si eres una agencia de marketing digital o un revendedor SEO que busca soluciones escalables que proporcionen resultados medibles, las PBN pueden llevar tus servicios al siguiente nivel. En lugar de depender de fuentes de enlaces de terceros, \u00bfpor qu\u00e9 no crear una PBN personalizada y fiable que controle por completo?<\/p>\n    <p>Construir una PBN con \u00e9xito es complejo y requiere mucho tiempo. Hay que elegir los dominios adecuados, crear contenido relevante y proteger la red de las penalizaciones. Ah\u00ed es donde <strong>LinkBuildingEspa\u00f1aAgencia<\/strong> entra.<\/p>\n    <p>Nos encargamos de todo, desde la selecci\u00f3n de dominios de alta calidad hasta el desarrollo de contenidos tem\u00e1ticos y la construcci\u00f3n de una s\u00f3lida arquitectura de red. Nuestro enfoque garantiza que su PBN funcione para maximizar los beneficios SEO sin los riesgos de los enlaces de baja calidad.<\/p>\n    <p>Con nuestra experiencia, le ayudamos a integrar las PBN en las estrategias de sus clientes de forma eficaz, d\u00e1ndoles el impulso SEO que necesitan sin tener que lidiar con desaf\u00edos t\u00e9cnicos. Deje que <strong>LinkBuildingEspa\u00f1aAgencia<\/strong> ser su socio de confianza para ampliar sus esfuerzos de SEO y ofrecer resultados de alta calidad.<\/p>\n  <\/div>\n<\/section>\n<\/div>\n\n\n\n<div class=\"wp-block-group alignfull has-ast-global-color-5-background-color has-background is-layout-constrained wp-container-core-group-is-layout-94d206d0 wp-block-group-is-layout-constrained\" id=\"about\" style=\"padding-top:143px;padding-bottom:144px\">\n<section class=\"pbn-benefits\">\n  <h2>Por qu\u00e9 su marca necesita redes PBN<\/h2>\n  <p>Las redes privadas de blogs (PBN) son una herramienta esencial para impulsar la posici\u00f3n de su marca en los rankings de los motores de b\u00fasqueda. Te dan un control total sobre tu perfil de enlaces, reduciendo la dependencia de fuentes externas y proporcionando backlinks de alta calidad y espec\u00edficos de tu nicho que mejoran directamente tus esfuerzos de SEO en Espa\u00f1a.<\/p>\n  <p>A diferencia de las soluciones temporales, las PBN sientan las bases para un crecimiento del tr\u00e1fico a largo plazo, construyendo la autoridad de su marca y ofreciendo una ventaja competitiva sobre aquellos que no utilizan esta eficaz estrategia.<\/p>\n\n  <ul class=\"pbn-list\">\n    <li class=\"pbn-item\">\n      <span class=\"icon\">\ud83c\udf31<\/span>\n      <strong>Crecimiento org\u00e1nico de enlaces<\/strong>\n      <p>La creaci\u00f3n de una PBN le permite controlar todo el proceso de creaci\u00f3n de enlaces, garantizando que \u00e9stos crezcan de forma org\u00e1nica. Con anclajes bien distribuidos y diversos sitios donantes, su red logra el equilibrio perfecto, evitando sospechas de los algoritmos de b\u00fasqueda.<\/p>\n      <p>Esta red imita el proceso natural de crecimiento de enlaces, especialmente crucial en nichos altamente competitivos. Cada backlink de alta calidad puede mejorar significativamente su posicionamiento, proporcionando una ventaja sostenible.<\/p>\n    <\/li>\n    <li class=\"pbn-item\">\n      <span class=\"icon\">\ud83d\udd2c<\/span>\n      <strong>Pruebe y optimice sus estrategias<\/strong>\n      <p>Una PBN no es s\u00f3lo una herramienta para la construcci\u00f3n de enlaces - es un recurso valioso para probar nuevas estrategias. Con un control total sobre sus sitios, puede experimentar con diferentes textos de anclaje, vol\u00famenes de enlaces y modelos de entrelazamiento sin poner en riesgo su proyecto principal.<\/p>\n      <p>Estas pruebas ofrecen informaci\u00f3n valiosa sobre lo que funciona y lo que no, lo que le permite ajustar y optimizar sus estrategias SEO bas\u00e1ndose en datos reales. Adel\u00e1ntate a las tendencias y obt\u00e9n resultados con m\u00e9todos propios y probados.<\/p>\n    <\/li>\n    <li class=\"pbn-item\">\n      <span class=\"icon\">\ud83d\udcb0<\/span>\n      <strong>Ahorro de costes<\/strong>\n      <p>En mercados competitivos, el coste de los backlinks de alta calidad puede ser abrumador. Depender de fuentes externas para cada enlace puede convertir el SEO en un gasto constante, especialmente cuando tu proyecto exige un crecimiento constante de enlaces.<\/p>\n      <p>Al construir su propia PBN, elimina la necesidad de comprar enlaces a terceros, gestionar colocaciones y lidiar con rechazos. Usted obtiene el control total sobre el proceso, haciendo crecer constantemente su perfil de enlaces sin costes continuos. Este m\u00e9todo ofrece una forma sostenible y rentable de conseguir un crecimiento SEO estable.<\/p>\n    <\/li>\n    <li class=\"pbn-item\">\n      <span class=\"icon\">\ud83d\ude80<\/span>\n      <strong>Aumentar el tr\u00e1fico y las conversiones<\/strong>\n      <p>Una PBN hace algo m\u00e1s que crear v\u00ednculos de retroceso: tambi\u00e9n ayuda a gestionar el tr\u00e1fico. Con su propia red de sitios, puede dirigir a los visitantes objetivo a su sitio principal, asegur\u00e1ndose de que el flujo de tr\u00e1fico est\u00e1 alineado con sus objetivos de negocio.<\/p>\n      <p>Si uno de sus sitios sat\u00e9lite genera un tr\u00e1fico importante, puede convertirlo en un activo independiente monetiz\u00e1ndolo mediante anuncios, programas de afiliaci\u00f3n o ventas directas. Esto a\u00f1ade una capa extra de valor a tu PBN y potencia a\u00fan m\u00e1s la presencia online de tu marca.<\/p>\n    <\/li>\n    <li class=\"pbn-item\">\n      <span class=\"icon\">\ud83d\udd27<\/span>\n      <strong>Desarrollo y crecimiento continuos<\/strong>\n      <p>Construir una PBN es s\u00f3lo el principio. El verdadero trabajo consiste en mantener y hacer crecer cada sitio dentro de la red. Las actualizaciones peri\u00f3dicas, la optimizaci\u00f3n de los contenidos y el refuerzo de las estrategias de interrelaci\u00f3n garantizan que la red se mantenga activa y siga dando resultados.<\/p>\n      <p>El desarrollo continuo de su PBN mejora la indexaci\u00f3n, aumenta la autoridad del dominio y consolida la presencia de su marca en los motores de b\u00fasqueda. Una red bien mantenida se convierte en una parte integral de su estrategia SEO, creando un activo fiable y a largo plazo para su marca.<\/p>\n    <\/li>\n    <li class=\"pbn-item\">\n      <span class=\"icon\">\ud83c\udfc6<\/span>\n      <strong>Ventaja competitiva<\/strong>\n      <p>Cuando posee una PBN, obtiene una herramienta poderosa y exclusiva para su marca. A diferencia de los intercambios de enlaces p\u00fablicos, donde los enlaces se comparten entre varios dominios, su PBN trabaja \u00fanicamente para su marca. Cada enlace refuerza su proyecto, y usted controla c\u00f3mo y d\u00f3nde se colocan los enlaces.<\/p>\n      <p>Esto le proporciona una ventaja estrat\u00e9gica, garantizando que no se comparten recursos con la competencia y que usted tiene total autoridad sobre sus esfuerzos de SEO. \u00bfCu\u00e1l es el resultado? Mejores clasificaciones, mayor autoridad de dominio y mayor control sobre la presencia online de su marca.<\/p>\n    <\/li>\n  <\/ul>\n<\/section>\n<\/div>\n\n\n\n<div class=\"wp-block-group alignfull has-ast-global-color-4-background-color has-background is-layout-constrained wp-container-core-group-is-layout-6a2cfb7b wp-block-group-is-layout-constrained\" id=\"reviews\"><\/div>\n\n\n\n<div class=\"wp-block-group alignfull has-background is-layout-constrained wp-container-core-group-is-layout-cfcca693 wp-block-group-is-layout-constrained\" id=\"contact\" style=\"background:linear-gradient(35deg,rgb(6,0,151) 0%,rgb(130,4,255) 64%,rgb(193,15,255) 98%);padding-top:104px;padding-bottom:104px\">\n<h2 class=\"wp-block-heading alignfull has-text-align-center has-text-color\" style=\"color:#ffffff\">Desbloquea el poder de las Redes Privadas de Blogs para llevar tus rankings al siguiente nivel. \u00a1P\u00f3ngase en contacto con nosotros para empezar a construir su PBN hoy en Espa\u00f1a!<\/h2>\n\n\n\n<div class=\"wp-block-buttons alignwide is-horizontal is-content-justification-center is-layout-flex wp-container-core-buttons-is-layout-bba8380a wp-block-buttons-is-layout-flex\" style=\"margin-top:50px\">\n<div class=\"wp-block-button\"><a class=\"wp-block-button__link wp-element-button\">Comience a construir su PBN<\/a><\/div>\n<\/div>\n<\/div>\n\n\n\n<p><\/p>","protected":false},"excerpt":{"rendered":"<p>Everything You Need to Know About PBNs What is a PBN? A Private Blog Network (PBN) is a group of [&hellip;]<\/p>","protected":false},"author":1,"featured_media":0,"parent":0,"menu_order":0,"comment_status":"closed","ping_status":"closed","template":"","meta":{"site-sidebar-layout":"no-sidebar","site-content-layout":"plain-container","ast-site-content-layout":"","site-content-style":"default","site-sidebar-style":"default","ast-global-header-display":"","ast-banner-title-visibility":"","ast-main-header-display":"","ast-hfb-above-header-display":"","ast-hfb-below-header-display":"","ast-hfb-mobile-header-display":"","site-post-title":"disabled","ast-breadcrumbs-content":"","ast-featured-img":"","footer-sml-layout":"","theme-transparent-header-meta":"enabled","adv-header-id-meta":"","stick-header-meta":"","header-above-stick-meta":"","header-main-stick-meta":"","header-below-stick-meta":"","astra-migrate-meta-layouts":"default","ast-page-background-enabled":"default","ast-page-background-meta":{"desktop":{"background-color":"var(--ast-global-color-5)","background-image":"","background-repeat":"repeat","background-position":"center center","background-size":"auto","background-attachment":"scroll","background-type":"","background-media":"","overlay-type":"","overlay-color":"","overlay-opacity":"","overlay-gradient":""},"tablet":{"background-color":"","background-image":"","background-repeat":"repeat","background-position":"center center","background-size":"auto","background-attachment":"scroll","background-type":"","background-media":"","overlay-type":"","overlay-color":"","overlay-opacity":"","overlay-gradient":""},"mobile":{"background-color":"","background-image":"","background-repeat":"repeat","background-position":"center center","background-size":"auto","background-attachment":"scroll","background-type":"","background-media":"","overlay-type":"","overlay-color":"","overlay-opacity":"","overlay-gradient":""}},"ast-content-background-meta":{"desktop":{"background-color":"var(--ast-global-color-4)","background-image":"","background-repeat":"repeat","background-position":"center center","background-size":"auto","background-attachment":"scroll","background-type":"","background-media":"","overlay-type":"","overlay-color":"","overlay-opacity":"","overlay-gradient":""},"tablet":{"background-color":"var(--ast-global-color-4)","background-image":"","background-repeat":"repeat","background-position":"center center","background-size":"auto","background-attachment":"scroll","background-type":"","background-media":"","overlay-type":"","overlay-color":"","overlay-opacity":"","overlay-gradient":""},"mobile":{"background-color":"var(--ast-global-color-4)","background-image":"","background-repeat":"repeat","background-position":"center center","background-size":"auto","background-attachment":"scroll","background-type":"","background-media":"","overlay-type":"","overlay-color":"","overlay-opacity":"","overlay-gradient":""}},"footnotes":""},"class_list":["post-55","page","type-page","status-publish","hentry"],"_links":{"self":[{"href":"https:\/\/linkbuildingspainagency.com\/es\/wp-json\/wp\/v2\/pages\/55","targetHints":{"allow":["GET"]}}],"collection":[{"href":"https:\/\/linkbuildingspainagency.com\/es\/wp-json\/wp\/v2\/pages"}],"about":[{"href":"https:\/\/linkbuildingspainagency.com\/es\/wp-json\/wp\/v2\/types\/page"}],"author":[{"embeddable":true,"href":"https:\/\/linkbuildingspainagency.com\/es\/wp-json\/wp\/v2\/users\/1"}],"replies":[{"embeddable":true,"href":"https:\/\/linkbuildingspainagency.com\/es\/wp-json\/wp\/v2\/comments?post=55"}],"version-history":[{"count":31,"href":"https:\/\/linkbuildingspainagency.com\/es\/wp-json\/wp\/v2\/pages\/55\/revisions"}],"predecessor-version":[{"id":1183,"href":"https:\/\/linkbuildingspainagency.com\/es\/wp-json\/wp\/v2\/pages\/55\/revisions\/1183"}],"wp:attachment":[{"href":"https:\/\/linkbuildingspainagency.com\/es\/wp-json\/wp\/v2\/media?parent=55"}],"curies":[{"name":"wp","href":"https:\/\/api.w.org\/{rel}","templated":true}]}}