{"id":53,"date":"2025-05-12T12:14:31","date_gmt":"2025-05-12T12:14:31","guid":{"rendered":"https:\/\/linkbuildingspainagency.com\/guest-posting-5\/"},"modified":"2025-06-05T09:29:29","modified_gmt":"2025-06-05T09:29:29","slug":"anadir-a-catalogos","status":"publish","type":"page","link":"https:\/\/linkbuildingspainagency.com\/es\/anadir-a-catalogos\/","title":{"rendered":"A\u00f1adir a cat\u00e1logos"},"content":{"rendered":"<div class=\"wp-block-cover alignfull is-light\" style=\"min-height:720px;aspect-ratio:unset;\"><span aria-hidden=\"true\" class=\"wp-block-cover__background has-background-dim-100 has-background-dim has-background-gradient\" style=\"background:linear-gradient(35deg,rgb(6,0,151) 0%,rgb(130,4,255) 73%,rgb(193,15,255) 100%)\"><\/span><div class=\"wp-block-cover__inner-container is-layout-flow wp-block-cover-is-layout-flow\">\n<div class=\"inherit-container-width wp-block-group alignwide is-layout-constrained wp-block-group-is-layout-constrained\">\n<div class=\"wp-block-media-text alignwide has-media-on-the-right is-stacked-on-mobile is-vertically-aligned-center\" style=\"grid-template-columns:auto 35%\"><div class=\"wp-block-media-text__content\">\n<h1 class=\"wp-block-heading has-text-align-left has-white-color has-text-color\">A\u00f1ada su empresa a los directorios l\u00edderes en Espa\u00f1a<\/h1>\n\n\n\n<h6 class=\"wp-block-heading has-text-align-left has-white-color has-text-color\">Nuestro servicio de alta en directorios garantiza que su empresa aparezca en los principales directorios de confianza de Espa\u00f1a, mejorando su visibilidad online, generando m\u00e1s tr\u00e1fico org\u00e1nico y aumentando la autoridad de su marca.<\/h6>\n\n\n\n<div class=\"wp-block-buttons is-layout-flex wp-block-buttons-is-layout-flex\">\n<div class=\"wp-block-button\"><a class=\"wp-block-button__link wp-element-button\" href=\"#\">P\u00f3ngase en contacto conmigo<\/a><\/div>\n<\/div>\n<\/div><figure class=\"wp-block-media-text__media\"><img loading=\"lazy\" decoding=\"async\" width=\"1024\" height=\"1024\" src=\"https:\/\/linkbuildingspainagency.com\/wp-content\/uploads\/2025\/05\/Developer-activity-amico-1024x1024-1.png\" alt=\"\" class=\"wp-image-843 size-full\" srcset=\"https:\/\/linkbuildingspainagency.com\/wp-content\/uploads\/2025\/05\/Developer-activity-amico-1024x1024-1.png 1024w, https:\/\/linkbuildingspainagency.com\/wp-content\/uploads\/2025\/05\/Developer-activity-amico-1024x1024-1-300x300.png 300w, https:\/\/linkbuildingspainagency.com\/wp-content\/uploads\/2025\/05\/Developer-activity-amico-1024x1024-1-150x150.png 150w, https:\/\/linkbuildingspainagency.com\/wp-content\/uploads\/2025\/05\/Developer-activity-amico-1024x1024-1-768x768.png 768w\" sizes=\"auto, (max-width: 1024px) 100vw, 1024px\" \/><\/figure><\/div>\n<\/div>\n<\/div><\/div>\n\n\n\n<div class=\"wp-block-group alignfull has-ast-global-color-5-background-color has-background is-layout-constrained wp-container-core-group-is-layout-9cedb757 wp-block-group-is-layout-constrained\" style=\"padding-bottom:0px\">\n<div class=\"wp-block-columns are-vertically-aligned-top is-layout-flex wp-container-core-columns-is-layout-00723822 wp-block-columns-is-layout-flex\">\n<div class=\"wp-block-column is-vertically-aligned-top is-layout-flow wp-container-core-column-is-layout-6b73ce23 wp-block-column-is-layout-flow\">\n<section>\n  <h2>Principales ventajas del registro de directorios profesionales en Espa\u00f1a<\/h2>\n  <div class=\"steps\">\n    <div class=\"step\">\n      <div class=\"step-number\">1<\/div>\n      <h3>Mayor visibilidad en l\u00ednea<\/h3>\n      <p>El registro en directorios fiables aumenta la exposici\u00f3n de su sitio web en la red, lo que facilita que sus clientes potenciales le encuentren.<\/p>\n    <\/div>\n    <div class=\"step\">\n      <div class=\"step-number\">2<\/div>\n      <h3>Credibilidad y autoridad de la marca<\/h3>\n      <p>Cuando su empresa aparece en los principales directorios, genera confianza tanto en los motores de b\u00fasqueda como en los usuarios, lo que eleva el estatus de su marca.<\/p>\n    <\/div>\n    <div class=\"step\">\n      <div class=\"step-number\">3<\/div>\n      <h3>Aumento del tr\u00e1fico de referencia<\/h3>\n      <p>Los directorios de empresas dirigen tr\u00e1fico org\u00e1nico a su sitio web al ponerle en contacto con clientes potenciales que buscan activamente sus productos o servicios.<\/p>\n    <\/div>\n    <div class=\"step\">\n      <div class=\"step-number\">4<\/div>\n      <h3>Mejor posicionamiento en buscadores<\/h3>\n      <p>La inclusi\u00f3n en directorios de alta calidad indica a los motores de b\u00fasqueda que su sitio web es fiable y valioso, lo que se traduce en una mejor clasificaci\u00f3n en los resultados de b\u00fasqueda.<\/p>\n    <\/div>\n  <\/div>\n<\/section>\n<\/div>\n<\/div>\n<\/div>\n\n\n\n<div class=\"wp-block-group alignfull is-layout-constrained wp-container-core-group-is-layout-45b0ac4f wp-block-group-is-layout-constrained\" id=\"services\" style=\"padding-top:144px;padding-bottom:0px\">\n<section style=\"font-family: Arial, sans-serif; color: #333; padding: 40px 0; background-color: #f9f9f9;\">\n  <h2 style=\"text-align: center; font-size: 2.5rem; color: #1e3a8a;\">Todo lo que necesita saber sobre los directorios de sitios empresariales<\/h2>\n\n  <div style=\"margin-top: 30px; padding: 20px; background-color: #ffffff; border-radius: 8px; box-shadow: 0 4px 6px rgba(0, 0, 0, 0.1);\">\n    <h3 style=\"font-size: 1.8rem; color: #1e3a8a;\">\u00bfQu\u00e9 son los directorios blancos?<\/h3>\n    <p style=\"font-size: 1rem; line-height: 1.6; color: #555;\">Los directorios blancos son plataformas en l\u00ednea seleccionadas en las que cada empresa se somete a una verificaci\u00f3n manual antes de ser incluida en la lista. A diferencia de los directorios autom\u00e1ticos, que pueden incluir todo tipo de sitios web, los directorios blancos garantizan la calidad y relevancia de los enlaces, gan\u00e1ndose el reconocimiento de los motores de b\u00fasqueda como fuentes fiables.<\/p>\n    <p style=\"font-size: 1rem; line-height: 1.6; color: #555;\">El registro en estos directorios mejora el valor de los enlaces de un sitio web, aumenta su visibilidad y genera confianza en los algoritmos de los motores de b\u00fasqueda. A pesar de los avances tecnol\u00f3gicos, el proceso manual de registro en directorios blancos verificados sigue siendo un aspecto vital de cualquier estrategia SEO eficaz.<\/p>\n  <\/div>\n\n  <div style=\"margin-top: 30px; padding: 20px; background-color: #ffffff; border-radius: 8px; box-shadow: 0 4px 6px rgba(0, 0, 0, 0.1);\">\n    <h3 style=\"font-size: 1.8rem; color: #1e3a8a;\">\u00bfQu\u00e9 empresas deber\u00edan registrarse en directorios empresariales para promocionar mejor su sitio web?<\/h3>\n    <p style=\"font-size: 1rem; line-height: 1.6; color: #555;\">El registro en directorios empresariales es valioso para todo tipo de empresas en diferentes etapas, tanto si acaba de empezar como si busca reforzar una marca establecida. Desde los reci\u00e9n llegados que buscan dar sus primeros pasos hasta las empresas maduras que se centran en el crecimiento a largo plazo, los directorios blancos proporcionan un m\u00e9todo seguro y eficaz para mejorar su presencia en l\u00ednea.<\/p>\n    <p style=\"font-size: 1rem; line-height: 1.6; color: #555;\">Estos directorios le permiten construir un perfil de enlaces org\u00e1nicos a trav\u00e9s de sitios de alta calidad y relevantes para su nicho. Cuando los m\u00e9todos tradicionales ya no son suficientes, los directorios de empresas se convierten en una valiosa herramienta SEO que refuerza su reputaci\u00f3n al tiempo que garantiza la seguridad frente a los riesgos SEO.<\/p>\n  <\/div>\n\n  <div style=\"margin-top: 30px; padding: 20px; background-color: #ffffff; border-radius: 8px; box-shadow: 0 4px 6px rgba(0, 0, 0, 0.1);\">\n    <h3 style=\"font-size: 1.8rem; color: #1e3a8a;\">\u00bfQu\u00e9 debe incluir en su perfil del directorio empresarial para obtener la m\u00e1xima visibilidad?<\/h3>\n    <p style=\"font-size: 1rem; line-height: 1.6; color: #555;\">Nos aseguramos de que el perfil de su empresa destaque prestando especial atenci\u00f3n a cada detalle. Esto incluye indicar el nombre de la marca, el tipo de actividad y una descripci\u00f3n convincente con georreferenciaci\u00f3n clara y palabras clave relevantes.<\/p>\n    <p style=\"font-size: 1rem; line-height: 1.6; color: #555;\">Adem\u00e1s, a\u00f1adimos sus datos de contacto, horario laboral y direcci\u00f3n f\u00edsica, para que los clientes potenciales puedan ponerse en contacto f\u00e1cilmente. Un perfil bien dise\u00f1ado, con un logotipo e im\u00e1genes atractivas, ayudar\u00e1 a que su anuncio destaque entre la competencia y atraiga m\u00e1s atenci\u00f3n.<\/p>\n    <p style=\"font-size: 1rem; line-height: 1.6; color: #555;\">Todos estos elementos se incluyen exclusivamente en directorios verificados y relevantes, lo que garantiza los beneficios SEO y proporciona un valor real a los usuarios.<\/p>\n  <\/div>\n\n  <div style=\"margin-top: 30px; padding: 20px; background-color: #ffffff; border-radius: 8px; box-shadow: 0 4px 6px rgba(0, 0, 0, 0.1);\">\n    <h3 style=\"font-size: 1.8rem; color: #1e3a8a;\">\u00bfPor qu\u00e9 linkbuildingspainagency.com es la mejor agencia para colocar empresas en directorios blancos?<\/h3>\n    <p style=\"font-size: 1rem; line-height: 1.6; color: #555;\">Los directorios de empresas son un m\u00e9todo eficaz para obtener backlinks seguros y de alta calidad que mejoran la visibilidad de su sitio web en los resultados de b\u00fasqueda. En linkbuildingspainagency.com, nos especializamos en seleccionar los mejores directorios para su negocio. Nuestros expertos eval\u00faan minuciosamente la fiabilidad de cada directorio y seleccionan s\u00f3lo aquellos que proporcionar\u00e1n resultados valiosos para su negocio.<\/p>\n    <p style=\"font-size: 1rem; line-height: 1.6; color: #555;\">No nos basamos en procesos automatizados ni en colocaciones masivas. Cada inclusi\u00f3n en directorios se realiza manualmente para garantizar la autenticidad y seguridad de los enlaces. Este enfoque ayuda a construir un perfil de enlaces fuerte y sostenible que ofrece resultados reales a largo plazo.<\/p>\n  <\/div>\n<\/section>\n<\/div>\n\n\n\n<div class=\"wp-block-group alignfull has-ast-global-color-5-background-color has-background is-layout-constrained wp-container-core-group-is-layout-94d206d0 wp-block-group-is-layout-constrained\" id=\"about\" style=\"padding-top:143px;padding-bottom:144px\">\n<div class=\"wp-block-media-text has-media-on-the-right is-stacked-on-mobile is-vertically-aligned-center\"><div class=\"wp-block-media-text__content\">\n<div class=\"inherit-container-width wp-block-group is-layout-constrained wp-container-core-group-is-layout-47ce07ec wp-block-group-is-layout-constrained\" style=\"padding-right:80px\">\n<h2 class=\"wp-block-heading\" style=\"padding-right:40px\">\u00bfPor qu\u00e9 debe figurar su empresa en los directorios de Espa\u00f1a?<\/h2>\n\n\n\n<p>\u00bfNecesitas backlinks potentes en Espa\u00f1a? I'mEl registro en directorios de negocios en l\u00ednea con autoridad es una parte esencial de su estrategia de SEO. Al colocar su sitio web en directorios de confianza, usted construye su credibilidad, aumenta su visibilidad en l\u00ednea y mejora el reconocimiento de su marca. En linkbuildingspainagency.com, nos especializamos en registrar manualmente su sitio web en directorios de negocios de alta calidad, asegurando los mejores resultados a largo plazo para sus esfuerzos de SEO y marketing digital. Honorata Estrada Rocha, y yo ofrecemos servicios de construcci\u00f3n de enlaces de confianza al mejor precio.<\/p>\n<\/div>\n<\/div><figure class=\"wp-block-media-text__media\"><img loading=\"lazy\" decoding=\"async\" width=\"970\" height=\"647\" src=\"https:\/\/linkbuildingspainagency.com\/wp-content\/uploads\/2025\/05\/\u0417\u043d\u0456\u043c\u043e\u043a-\u0435\u043a\u0440\u0430\u043d\u0430-2025-05-14-092426.png\" alt=\"\" class=\"wp-image-401 size-full\" srcset=\"https:\/\/linkbuildingspainagency.com\/wp-content\/uploads\/2025\/05\/\u0417\u043d\u0456\u043c\u043e\u043a-\u0435\u043a\u0440\u0430\u043d\u0430-2025-05-14-092426.png 970w, https:\/\/linkbuildingspainagency.com\/wp-content\/uploads\/2025\/05\/\u0417\u043d\u0456\u043c\u043e\u043a-\u0435\u043a\u0440\u0430\u043d\u0430-2025-05-14-092426-300x200.png 300w, https:\/\/linkbuildingspainagency.com\/wp-content\/uploads\/2025\/05\/\u0417\u043d\u0456\u043c\u043e\u043a-\u0435\u043a\u0440\u0430\u043d\u0430-2025-05-14-092426-768x512.png 768w\" sizes=\"auto, (max-width: 970px) 100vw, 970px\" \/><\/figure><\/div>\n<\/div>\n\n\n\n<div class=\"wp-block-group alignfull is-layout-constrained wp-container-core-group-is-layout-3fee123f wp-block-group-is-layout-constrained\" id=\"whyus\" style=\"padding-top:144px;padding-bottom:144px\">\n<h2 class=\"wp-block-heading\">\u00bfQui\u00e9n puede beneficiarse del registro manual en directorios blancos en Espa\u00f1a?<\/h2>\n\n\n\n<div class=\"wp-block-columns is-layout-flex wp-container-core-columns-is-layout-29aadeec wp-block-columns-is-layout-flex\" style=\"margin-top:60px\">\n<div class=\"wp-block-column is-layout-flow wp-container-core-column-is-layout-6b73ce23 wp-block-column-is-layout-flow\">\n<h3 class=\"wp-block-heading\" style=\"margin-top:16px\">Para empresas<\/h3>\n\n\n\n<p>Aunque las empresas pueden intentar inscribirse en directorios web por su cuenta, los resultados suelen ser insuficientes: los enlaces no se indexan, los perfiles desaparecen y los esfuerzos de SEO siguen siendo ineficaces. Sin la experiencia adecuada, los directorios pueden convertirse r\u00e1pidamente en una p\u00e9rdida de tiempo y dar lugar a expectativas insatisfechas. Lo que se necesita es experiencia, las herramientas adecuadas y una supervisi\u00f3n constante para filtrar las plataformas ineficaces.<\/p>\n<\/div>\n\n\n\n<div class=\"wp-block-column is-layout-flow wp-container-core-column-is-layout-6b73ce23 wp-block-column-is-layout-flow\">\n<h3 class=\"wp-block-heading\" style=\"margin-top:16px\">Para agencias de marketing digital y especialistas en SEO<\/h3>\n\n\n\n<p>\u00bfEs usted un especialista en SEO, una agencia de marketing digital o un contratista que gestiona m\u00faltiples proyectos y es consciente del tiempo que puede consumir la colocaci\u00f3n adecuada en directorios? Si colabora con <strong>linkbuildingspainagency.com<\/strong>puede delegar todo el proceso en nuestro equipo de confianza.<\/p>\n<\/div>\n<\/div>\n<\/div>\n\n\n\n<div class=\"wp-block-group alignfull has-background is-layout-constrained wp-container-core-group-is-layout-cfcca693 wp-block-group-is-layout-constrained\" id=\"contact\" style=\"background:linear-gradient(35deg,rgb(6,0,151) 0%,rgb(130,4,255) 64%,rgb(193,15,255) 98%);padding-top:104px;padding-bottom:104px\">\n<h2 class=\"wp-block-heading alignfull has-text-align-center has-text-color\" style=\"color:#ffffff\">Aumente hoy la visibilidad de su empresa en Espa\u00f1a<\/h2>\n\n\n\n<h6 class=\"wp-block-heading alignfull has-text-align-center has-text-color\" style=\"color:#ffffff\">Consiga que su sitio web aparezca en directorios de empresas de confianza en Espa\u00f1a y mejore su SEO con backlinks de alta calidad. Esto aumentar\u00e1 su visibilidad online, atraer\u00e1 m\u00e1s tr\u00e1fico y reforzar\u00e1 la presencia de su marca en el mercado espa\u00f1ol.<\/h6>\n\n\n\n<div class=\"wp-block-buttons alignwide is-horizontal is-content-justification-center is-layout-flex wp-container-core-buttons-is-layout-bba8380a wp-block-buttons-is-layout-flex\" style=\"margin-top:50px\">\n<div class=\"wp-block-button\"><a class=\"wp-block-button__link wp-element-button\">P\u00f3ngase en contacto con nosotros<\/a><\/div>\n<\/div>\n<\/div>","protected":false},"excerpt":{"rendered":"<p>Key Benefits of Business Directory Registration in Spain 1 Improved Online Visibility Registering in reliable directories increases your website&#8217;s exposure [&hellip;]<\/p>","protected":false},"author":1,"featured_media":0,"parent":0,"menu_order":0,"comment_status":"closed","ping_status":"closed","template":"","meta":{"site-sidebar-layout":"no-sidebar","site-content-layout":"plain-container","ast-site-content-layout":"","site-content-style":"default","site-sidebar-style":"default","ast-global-header-display":"","ast-banner-title-visibility":"","ast-main-header-display":"","ast-hfb-above-header-display":"","ast-hfb-below-header-display":"","ast-hfb-mobile-header-display":"","site-post-title":"disabled","ast-breadcrumbs-content":"","ast-featured-img":"","footer-sml-layout":"","theme-transparent-header-meta":"enabled","adv-header-id-meta":"","stick-header-meta":"","header-above-stick-meta":"","header-main-stick-meta":"","header-below-stick-meta":"","astra-migrate-meta-layouts":"default","ast-page-background-enabled":"default","ast-page-background-meta":{"desktop":{"background-color":"var(--ast-global-color-5)","background-image":"","background-repeat":"repeat","background-position":"center center","background-size":"auto","background-attachment":"scroll","background-type":"","background-media":"","overlay-type":"","overlay-color":"","overlay-opacity":"","overlay-gradient":""},"tablet":{"background-color":"","background-image":"","background-repeat":"repeat","background-position":"center center","background-size":"auto","background-attachment":"scroll","background-type":"","background-media":"","overlay-type":"","overlay-color":"","overlay-opacity":"","overlay-gradient":""},"mobile":{"background-color":"","background-image":"","background-repeat":"repeat","background-position":"center center","background-size":"auto","background-attachment":"scroll","background-type":"","background-media":"","overlay-type":"","overlay-color":"","overlay-opacity":"","overlay-gradient":""}},"ast-content-background-meta":{"desktop":{"background-color":"var(--ast-global-color-4)","background-image":"","background-repeat":"repeat","background-position":"center center","background-size":"auto","background-attachment":"scroll","background-type":"","background-media":"","overlay-type":"","overlay-color":"","overlay-opacity":"","overlay-gradient":""},"tablet":{"background-color":"var(--ast-global-color-4)","background-image":"","background-repeat":"repeat","background-position":"center center","background-size":"auto","background-attachment":"scroll","background-type":"","background-media":"","overlay-type":"","overlay-color":"","overlay-opacity":"","overlay-gradient":""},"mobile":{"background-color":"var(--ast-global-color-4)","background-image":"","background-repeat":"repeat","background-position":"center center","background-size":"auto","background-attachment":"scroll","background-type":"","background-media":"","overlay-type":"","overlay-color":"","overlay-opacity":"","overlay-gradient":""}},"footnotes":""},"class_list":["post-53","page","type-page","status-publish","hentry"],"_links":{"self":[{"href":"https:\/\/linkbuildingspainagency.com\/es\/wp-json\/wp\/v2\/pages\/53","targetHints":{"allow":["GET"]}}],"collection":[{"href":"https:\/\/linkbuildingspainagency.com\/es\/wp-json\/wp\/v2\/pages"}],"about":[{"href":"https:\/\/linkbuildingspainagency.com\/es\/wp-json\/wp\/v2\/types\/page"}],"author":[{"embeddable":true,"href":"https:\/\/linkbuildingspainagency.com\/es\/wp-json\/wp\/v2\/users\/1"}],"replies":[{"embeddable":true,"href":"https:\/\/linkbuildingspainagency.com\/es\/wp-json\/wp\/v2\/comments?post=53"}],"version-history":[{"count":18,"href":"https:\/\/linkbuildingspainagency.com\/es\/wp-json\/wp\/v2\/pages\/53\/revisions"}],"predecessor-version":[{"id":1182,"href":"https:\/\/linkbuildingspainagency.com\/es\/wp-json\/wp\/v2\/pages\/53\/revisions\/1182"}],"wp:attachment":[{"href":"https:\/\/linkbuildingspainagency.com\/es\/wp-json\/wp\/v2\/media?parent=53"}],"curies":[{"name":"wp","href":"https:\/\/api.w.org\/{rel}","templated":true}]}}