{"id":49,"date":"2025-05-12T11:48:24","date_gmt":"2025-05-12T11:48:24","guid":{"rendered":"https:\/\/linkbuildingspainagency.com\/guest-posting-3\/"},"modified":"2025-06-05T09:27:43","modified_gmt":"2025-06-05T09:27:43","slug":"creacion-de-enlaces-de-marca-blanca","status":"publish","type":"page","link":"https:\/\/linkbuildingspainagency.com\/es\/creacion-de-enlaces-de-marca-blanca\/","title":{"rendered":"Creaci\u00f3n de enlaces en marca blanca"},"content":{"rendered":"<div class=\"wp-block-cover alignfull is-light\" style=\"min-height:720px;aspect-ratio:unset;\"><span aria-hidden=\"true\" class=\"wp-block-cover__background has-background-dim-100 has-background-dim has-background-gradient\" style=\"background:linear-gradient(35deg,rgb(6,0,151) 0%,rgb(130,4,255) 73%,rgb(193,15,255) 100%)\"><\/span><div class=\"wp-block-cover__inner-container is-layout-flow wp-block-cover-is-layout-flow\">\n<div class=\"inherit-container-width wp-block-group alignwide is-layout-constrained wp-block-group-is-layout-constrained\">\n<div class=\"wp-block-media-text alignwide has-media-on-the-right is-stacked-on-mobile is-vertically-aligned-center\" style=\"grid-template-columns:auto 46%\"><div class=\"wp-block-media-text__content\">\n<h1 class=\"wp-block-heading has-text-align-left has-white-color has-text-color\">Somos una agencia profesional de creaci\u00f3n de enlaces de marca blanca en Espa\u00f1a<\/h1>\n\n\n\n<p class=\"has-white-color has-text-color\"><strong>En <strong>LinkBuildingSpainAgency.com<\/strong>ayudamos a las empresas espa\u00f1olas a alcanzar nuevas cotas, reforzar su posici\u00f3n en el mercado y forjarse una s\u00f3lida reputaci\u00f3n entre clientes y socios. Nuestros servicios de creaci\u00f3n de enlaces en marca blanca est\u00e1n dise\u00f1ados para integrarse a la perfecci\u00f3n con su negocio, lo que le permite ofrecer soluciones de creaci\u00f3n de enlaces de primera categor\u00eda sin la complejidad a\u00f1adida de un equipo interno.<\/strong><\/p>\n\n\n\n<div class=\"wp-block-buttons is-layout-flex wp-block-buttons-is-layout-flex\">\n<div class=\"wp-block-button\"><a class=\"wp-block-button__link wp-element-button\" href=\"#\">P\u00f3ngase en contacto conmigo<\/a><\/div>\n<\/div>\n<\/div><figure class=\"wp-block-media-text__media\"><img loading=\"lazy\" decoding=\"async\" width=\"1024\" height=\"683\" src=\"https:\/\/linkbuildingspainagency.com\/wp-content\/uploads\/2025\/05\/VNU_M674_03-1024x683.png\" alt=\"\" class=\"wp-image-830 size-full\" srcset=\"https:\/\/linkbuildingspainagency.com\/wp-content\/uploads\/2025\/05\/VNU_M674_03-1024x683.png 1024w, https:\/\/linkbuildingspainagency.com\/wp-content\/uploads\/2025\/05\/VNU_M674_03-300x200.png 300w, https:\/\/linkbuildingspainagency.com\/wp-content\/uploads\/2025\/05\/VNU_M674_03-768x512.png 768w, https:\/\/linkbuildingspainagency.com\/wp-content\/uploads\/2025\/05\/VNU_M674_03-1536x1024.png 1536w, https:\/\/linkbuildingspainagency.com\/wp-content\/uploads\/2025\/05\/VNU_M674_03-2048x1365.png 2048w\" sizes=\"auto, (max-width: 1024px) 100vw, 1024px\" \/><\/figure><\/div>\n<\/div>\n<\/div><\/div>\n\n\n\n<div class=\"wp-block-group alignfull has-ast-global-color-5-background-color has-background is-layout-constrained wp-container-core-group-is-layout-9cedb757 wp-block-group-is-layout-constrained\" style=\"padding-bottom:0px\">\n<div class=\"advantages\">\n  <div class=\"advantage\">\n    <div class=\"title\">\n      <h3>Ahorre tiempo:<\/h3>\n    <\/div>\n    <div class=\"description\">\n      <p>S\u00e1ltese el proceso de contratar expertos y reunir contactos para la creaci\u00f3n de enlaces.<\/p>\n    <\/div>\n  <\/div>\n\n  <div class=\"advantage\">\n    <div class=\"title\">\n      <h3>Experiencia:<\/h3>\n    <\/div>\n    <div class=\"description\">\n      <p>Proporcionamos backlinks de primera calidad, respaldados por nuestra amplia experiencia en el sector.<\/p>\n    <\/div>\n  <\/div>\n\n  <div class=\"advantage\">\n    <div class=\"title\">\n      <h3>Estrategias personalizadas:<\/h3>\n    <\/div>\n    <div class=\"description\">\n      <p>Creamos estrategias personalizadas dise\u00f1adas espec\u00edficamente para sus necesidades concretas.<\/p>\n    <\/div>\n  <\/div>\n\n  <div class=\"advantage\">\n    <div class=\"title\">\n      <h3>Soluciones rentables:<\/h3>\n    <\/div>\n    <div class=\"description\">\n      <p>Optimice su presupuesto sin renunciar a la calidad, gracias a nuestros servicios profesionales.<\/p>\n    <\/div>\n  <\/div>\n<\/div>\n<\/div>\n\n\n\n<div class=\"wp-block-group alignfull has-ast-global-color-5-background-color has-background is-layout-constrained wp-container-core-group-is-layout-94d206d0 wp-block-group-is-layout-constrained\" id=\"about\" style=\"padding-top:143px;padding-bottom:144px\">\n<section class=\"service-section\">\n  <div class=\"service-block\">\n    <h2>Por qu\u00e9 los clientes de su agencia digital necesitan la construcci\u00f3n de enlaces de marca blanca en Espa\u00f1a:<\/h2>\n    <ul class=\"service-list\">\n      <li><span class=\"checkmark\">\u2714<\/span> Escalabilidad del servicio: Escale f\u00e1cilmente sus servicios de construcci\u00f3n de enlaces con profesionales de LinkBuilder.<\/li>\n      <li><span class=\"checkmark\">\u2714<\/span> Backlinks con alto DA y DR: Consigue backlinks de alta autoridad que mejoran los rankings de b\u00fasqueda.<\/li>\n      <li><span class=\"checkmark\">\u2714<\/span> Aumentar el tr\u00e1fico org\u00e1nico, las conversiones y las ventas: Aumente la visibilidad de su cliente en los motores de b\u00fasqueda y el crecimiento general de su negocio.<\/li>\n      <li><span class=\"checkmark\">\u2714<\/span> Reforzar la marca: Mejore la imagen de marca de sus clientes ofreciendo servicios coherentes y de alta calidad.<\/li>\n      <li><span class=\"checkmark\">\u2714<\/span> Ventaja competitiva: Ayude a sus clientes a mantenerse a la vanguardia con backlinks de alta calidad que mejoran el SEO.<\/li>\n      <li><span class=\"checkmark\">\u2714<\/span> Seguridad y minimizaci\u00f3n de riesgos: Garantice la seguridad de los sitios web de sus clientes con estrategias seguras de creaci\u00f3n de enlaces.<\/li>\n    <\/ul>\n  <\/div>\n\n  <div class=\"service-block\">\n    <h2>C\u00f3mo trabajamos: Proceso paso a paso<\/h2>\n    <ul class=\"process-list\">\n      <li><span class=\"checkmark\">\u2714<\/span> Solicitud: Comience por enviar su solicitud de White Label Link Building.<\/li>\n      <li><span class=\"checkmark\">\u2714<\/span> An\u00e1lisis: Analizamos el sitio de su cliente y de la competencia.<\/li>\n      <li><span class=\"checkmark\">\u2714<\/span> Estrategia: Cree una estrategia a medida para su cliente.<\/li>\n      <li><span class=\"checkmark\">\u2714<\/span> Selecci\u00f3n de sitios: Seleccione cuidadosamente los sitios de alta autoridad.<\/li>\n      <li><span class=\"checkmark\">\u2714<\/span> Coordinaci\u00f3n: Finalizar con el cliente y alinear objetivos.<\/li>\n      <li><span class=\"checkmark\">\u2714<\/span> Colocaci\u00f3n: Coloque sus enlaces en sitios web preseleccionados.<\/li>\n      <li><span class=\"checkmark\">\u2714<\/span> Indexaci\u00f3n: Garantizar una r\u00e1pida indexaci\u00f3n de los enlaces por parte de los motores de b\u00fasqueda.<\/li>\n    <\/ul>\n  <\/div>\n<\/section>\n<\/div>\n\n\n\n<div class=\"wp-block-group alignfull is-layout-constrained wp-container-core-group-is-layout-45b0ac4f wp-block-group-is-layout-constrained\" id=\"services\" style=\"padding-top:144px;padding-bottom:0px\">\n<section class=\"suitable-for\">\n  <h2>\u00bfPara qui\u00e9n es adecuada la construcci\u00f3n de enlaces en marca blanca en Espa\u00f1a?<\/h2>\n\n  <div class=\"suitable-for-item\">\n    <h3>Para empresas:<\/h3>\n    <p>La construcci\u00f3n de enlaces en marca blanca es ideal para empresas que buscan escalar sin gastos adicionales. Deje que LinkBuilder gestione toda su construcci\u00f3n de enlaces para obtener resultados eficientes.<\/p>\n  <\/div>\n\n  <div class=\"suitable-for-item\">\n    <h3>Para agencias de marketing digital y especialistas en SEO:<\/h3>\n    <p>Si eres un experto en SEO o una agencia digital, te ayudamos a impulsar tus operaciones proporcion\u00e1ndote backlinks de alta calidad bajo el nombre de tu marca.<\/p>\n  <\/div>\n<\/section>\n<\/div>\n\n\n\n<div class=\"wp-block-group alignfull has-ast-global-color-4-background-color has-background is-layout-constrained wp-container-core-group-is-layout-6a2cfb7b wp-block-group-is-layout-constrained\" id=\"reviews\">\n<section class=\"white-label-vs-in-house\">\n  <h2>Por qu\u00e9 la construcci\u00f3n de enlaces en marca blanca es mejor que los servicios internos:<\/h2>\n\n  <div class=\"comparison-table\">\n    <div class=\"comparison-item\">\n      <h3>En la empresa:<\/h3>\n      <ul>\n        <li>Retos de la ampliaci\u00f3n<\/li>\n        <li>Falta de experiencia<\/li>\n        <li>Costes elevados<\/li>\n      <\/ul>\n    <\/div>\n    <div class=\"comparison-item\">\n      <h3>Agencia:<\/h3>\n      <ul>\n        <li>Procesos racionalizados<\/li>\n        <li>Conocimientos especializados<\/li>\n        <li>Ahorro de costes<\/li>\n      <\/ul>\n    <\/div>\n  <\/div>\n\n  <div class=\"benefits-for-agencies\">\n    <h3>Ventajas para las agencias:<\/h3>\n    <ul>\n      <li>Capacidad para adaptar r\u00e1pidamente las estrategias, aumentar la eficacia y satisfacer las demandas de los clientes.<\/li>\n    <\/ul>\n  <\/div>\n<\/section>\n<\/div>\n\n\n\n<div class=\"wp-block-group alignfull has-background is-layout-constrained wp-container-core-group-is-layout-cfcca693 wp-block-group-is-layout-constrained\" id=\"contact\" style=\"background:linear-gradient(35deg,rgb(6,0,151) 0%,rgb(130,4,255) 64%,rgb(193,15,255) 98%);padding-top:104px;padding-bottom:104px\">\n<h2 class=\"wp-block-heading alignfull has-text-align-center has-text-color\" style=\"color:#ffffff\">\u00bfEst\u00e1 listo para empezar con la construcci\u00f3n de enlaces en marca blanca en Espa\u00f1a?<\/h2>\n\n\n\n<h6 class=\"wp-block-heading alignfull has-text-align-center has-text-color\" style=\"color:#ffffff\">Lleve su estrategia de creaci\u00f3n de enlaces al siguiente nivel con nuestros servicios de marca blanca adaptados espec\u00edficamente al mercado espa\u00f1ol. Colabore con <strong>LinkBuildingSpainAgency.com<\/strong> para ofrecer a sus clientes soluciones de creaci\u00f3n de enlaces fiables y de alta calidad, manteniendo al mismo tiempo un control total sobre su marca y sus servicios.<\/h6>\n\n\n\n<div class=\"wp-block-buttons alignwide is-horizontal is-content-justification-center is-layout-flex wp-container-core-buttons-is-layout-bba8380a wp-block-buttons-is-layout-flex\" style=\"margin-top:50px\">\n<div class=\"wp-block-button\"><a class=\"wp-block-button__link wp-element-button\">P\u00f3ngase en contacto con nosotros<\/a><\/div>\n<\/div>\n<\/div>\n\n\n\n<p><\/p>","protected":false},"excerpt":{"rendered":"<p>Save Time: Skip the process of hiring experts and gathering contacts for link building! Expertise: We provide premium backlinks, backed [&hellip;]<\/p>","protected":false},"author":1,"featured_media":0,"parent":0,"menu_order":0,"comment_status":"closed","ping_status":"closed","template":"","meta":{"site-sidebar-layout":"no-sidebar","site-content-layout":"plain-container","ast-site-content-layout":"","site-content-style":"default","site-sidebar-style":"default","ast-global-header-display":"","ast-banner-title-visibility":"","ast-main-header-display":"","ast-hfb-above-header-display":"","ast-hfb-below-header-display":"","ast-hfb-mobile-header-display":"","site-post-title":"disabled","ast-breadcrumbs-content":"","ast-featured-img":"","footer-sml-layout":"","theme-transparent-header-meta":"enabled","adv-header-id-meta":"","stick-header-meta":"","header-above-stick-meta":"","header-main-stick-meta":"","header-below-stick-meta":"","astra-migrate-meta-layouts":"default","ast-page-background-enabled":"default","ast-page-background-meta":{"desktop":{"background-color":"var(--ast-global-color-5)","background-image":"","background-repeat":"repeat","background-position":"center center","background-size":"auto","background-attachment":"scroll","background-type":"","background-media":"","overlay-type":"","overlay-color":"","overlay-opacity":"","overlay-gradient":""},"tablet":{"background-color":"","background-image":"","background-repeat":"repeat","background-position":"center center","background-size":"auto","background-attachment":"scroll","background-type":"","background-media":"","overlay-type":"","overlay-color":"","overlay-opacity":"","overlay-gradient":""},"mobile":{"background-color":"","background-image":"","background-repeat":"repeat","background-position":"center center","background-size":"auto","background-attachment":"scroll","background-type":"","background-media":"","overlay-type":"","overlay-color":"","overlay-opacity":"","overlay-gradient":""}},"ast-content-background-meta":{"desktop":{"background-color":"var(--ast-global-color-4)","background-image":"","background-repeat":"repeat","background-position":"center center","background-size":"auto","background-attachment":"scroll","background-type":"","background-media":"","overlay-type":"","overlay-color":"","overlay-opacity":"","overlay-gradient":""},"tablet":{"background-color":"var(--ast-global-color-4)","background-image":"","background-repeat":"repeat","background-position":"center center","background-size":"auto","background-attachment":"scroll","background-type":"","background-media":"","overlay-type":"","overlay-color":"","overlay-opacity":"","overlay-gradient":""},"mobile":{"background-color":"var(--ast-global-color-4)","background-image":"","background-repeat":"repeat","background-position":"center center","background-size":"auto","background-attachment":"scroll","background-type":"","background-media":"","overlay-type":"","overlay-color":"","overlay-opacity":"","overlay-gradient":""}},"footnotes":""},"class_list":["post-49","page","type-page","status-publish","hentry"],"_links":{"self":[{"href":"https:\/\/linkbuildingspainagency.com\/es\/wp-json\/wp\/v2\/pages\/49","targetHints":{"allow":["GET"]}}],"collection":[{"href":"https:\/\/linkbuildingspainagency.com\/es\/wp-json\/wp\/v2\/pages"}],"about":[{"href":"https:\/\/linkbuildingspainagency.com\/es\/wp-json\/wp\/v2\/types\/page"}],"author":[{"embeddable":true,"href":"https:\/\/linkbuildingspainagency.com\/es\/wp-json\/wp\/v2\/users\/1"}],"replies":[{"embeddable":true,"href":"https:\/\/linkbuildingspainagency.com\/es\/wp-json\/wp\/v2\/comments?post=49"}],"version-history":[{"count":49,"href":"https:\/\/linkbuildingspainagency.com\/es\/wp-json\/wp\/v2\/pages\/49\/revisions"}],"predecessor-version":[{"id":1180,"href":"https:\/\/linkbuildingspainagency.com\/es\/wp-json\/wp\/v2\/pages\/49\/revisions\/1180"}],"wp:attachment":[{"href":"https:\/\/linkbuildingspainagency.com\/es\/wp-json\/wp\/v2\/media?parent=49"}],"curies":[{"name":"wp","href":"https:\/\/api.w.org\/{rel}","templated":true}]}}