{"id":47,"date":"2025-05-12T11:47:46","date_gmt":"2025-05-12T11:47:46","guid":{"rendered":"https:\/\/linkbuildingspainagency.com\/guest-posting-3\/"},"modified":"2025-06-05T09:28:10","modified_gmt":"2025-06-05T09:28:10","slug":"backlinks-contextuales","status":"publish","type":"page","link":"https:\/\/linkbuildingspainagency.com\/es\/backlinks-contextuales\/","title":{"rendered":"Enlaces contextuales"},"content":{"rendered":"<div class=\"wp-block-cover alignfull is-light\" style=\"min-height:720px;aspect-ratio:unset;\"><span aria-hidden=\"true\" class=\"wp-block-cover__background has-background-dim-100 has-background-dim has-background-gradient\" style=\"background:linear-gradient(35deg,rgb(6,0,151) 0%,rgb(130,4,255) 73%,rgb(193,15,255) 100%)\"><\/span><div class=\"wp-block-cover__inner-container is-layout-flow wp-block-cover-is-layout-flow\">\n<div class=\"inherit-container-width wp-block-group alignwide is-layout-constrained wp-block-group-is-layout-constrained\">\n<div class=\"wp-block-media-text alignwide has-media-on-the-right is-stacked-on-mobile is-vertically-aligned-center\" style=\"grid-template-columns:auto 51%\"><div class=\"wp-block-media-text__content\">\n<h1 class=\"wp-block-heading has-text-align-left has-white-color has-text-color\">Servicios de construcci\u00f3n de enlaces contextuales en Espa\u00f1a<\/h1>\n\n\n\n<p class=\"has-white-color has-text-color\"><strong>Estamos especializados en crear enlaces contextuales de alta calidad que ayuden a su negocio a destacar en los resultados de los buscadores espa\u00f1oles. Nuestra estrategia se adapta a sus necesidades espec\u00edficas, garantizando que cada enlace se alinee perfectamente con sus objetivos y su p\u00fablico objetivo en Espa\u00f1a.<\/strong><\/p>\n\n\n\n<div class=\"wp-block-buttons is-layout-flex wp-block-buttons-is-layout-flex\">\n<div class=\"wp-block-button\"><a class=\"wp-block-button__link wp-element-button\" href=\"#\">Encargar enlace contextual<\/a><\/div>\n<\/div>\n<\/div><figure class=\"wp-block-media-text__media\"><img loading=\"lazy\" decoding=\"async\" width=\"1024\" height=\"683\" src=\"https:\/\/linkbuildingspainagency.com\/wp-content\/uploads\/2025\/05\/Why-Do-Quality-Links-Matter-in-Manual-Link-Building-1024x683.png\" alt=\"\" class=\"wp-image-832 size-full\" srcset=\"https:\/\/linkbuildingspainagency.com\/wp-content\/uploads\/2025\/05\/Why-Do-Quality-Links-Matter-in-Manual-Link-Building-1024x683.png 1024w, https:\/\/linkbuildingspainagency.com\/wp-content\/uploads\/2025\/05\/Why-Do-Quality-Links-Matter-in-Manual-Link-Building-300x200.png 300w, https:\/\/linkbuildingspainagency.com\/wp-content\/uploads\/2025\/05\/Why-Do-Quality-Links-Matter-in-Manual-Link-Building-768x512.png 768w, https:\/\/linkbuildingspainagency.com\/wp-content\/uploads\/2025\/05\/Why-Do-Quality-Links-Matter-in-Manual-Link-Building-1536x1024.png 1536w, https:\/\/linkbuildingspainagency.com\/wp-content\/uploads\/2025\/05\/Why-Do-Quality-Links-Matter-in-Manual-Link-Building-2048x1365.png 2048w\" sizes=\"auto, (max-width: 1024px) 100vw, 1024px\" \/><\/figure><\/div>\n<\/div>\n<\/div><\/div>\n\n\n\n<div class=\"wp-block-group alignfull has-ast-global-color-5-background-color has-background is-layout-constrained wp-container-core-group-is-layout-9cedb757 wp-block-group-is-layout-constrained\" style=\"padding-bottom:0px\">\n<section id=\"contextual-link-building-services\">\n  <div class=\"container\">\n    <h1>Servicios de construcci\u00f3n de enlaces contextuales en Espa\u00f1a<\/h1>\n    <p>\n      En <strong>LinkBuildingEspa\u00f1aAgencia<\/strong>Nos especializamos en la creaci\u00f3n de backlinks contextuales de alta calidad que son esenciales para impulsar su negocio en Espa\u00f1a. Proporcionamos estrategias personalizadas, adaptando cada enfoque para satisfacer las necesidades y objetivos \u00fanicos de su negocio.\n    <\/p>\n    <p>\n      Nuestro equipo selecciona cuidadosamente los recursos en Espa\u00f1a que se alinean con sus objetivos, asegur\u00e1ndose de que cada enlace se integra perfectamente en el contenido relevante. De este modo, no solo mejorar\u00e1 su posicionamiento en los motores de b\u00fasqueda de Espa\u00f1a, sino tambi\u00e9n la presencia de su marca en Internet.\n    <\/p>\n  <\/div>\n<\/section>\n<\/div>\n\n\n\n<section class=\"key-benefits\">\n    <h2>Beneficios clave de los backlinks contextuales con linkbuildingspainagency.com:<\/h2>\n\n    <div class=\"benefits-container\">\n        <div class=\"benefit\">\n            <h3>Enfoque orientado al cliente:<\/h3>\n            <p>\"Nos centramos en sus necesidades \u00fanicas, asegur\u00e1ndonos de proporcionar los enlaces contextuales m\u00e1s eficaces. Eval\u00fae el sitio donde se colocar\u00e1n sus enlaces para garantizar la mejor calidad\".<\/p>\n        <\/div>\n\n        <div class=\"benefit\">\n            <h3>Amplia gama de sitios:<\/h3>\n            <p>\"Acceda a una amplia selecci\u00f3n de plataformas de alta calidad para colocar sus enlaces contextuales, garantizando un amplio impacto\".<\/p>\n        <\/div>\n\n        <div class=\"benefit\">\n            <h3>Inserci\u00f3n en contenidos relevantes:<\/h3>\n            <p>\"Los enlaces contextuales funcionan mejor cuando se colocan en contenidos relevantes y atractivos. Nos aseguramos de que cada enlace complemente el texto y aporte valor a su audiencia\".<\/p>\n        <\/div>\n\n        <div class=\"benefit\">\n            <h3>Publicar en una p\u00e1gina ya existente:<\/h3>\n            <p>\"Colocamos los enlaces en p\u00e1ginas bien establecidas con una masa de enlaces probada, dando a su sitio la mejor oportunidad de posicionarse mejor en los resultados de b\u00fasqueda\".<\/p>\n        <\/div>\n    <\/div>\n<\/section>\n\n\n\n<div id=\"reviews\" class=\"wp-block-group has-ast-global-color-4-background-color has-background is-layout-constrained wp-container-core-group-is-layout-6a2cfb7b wp-block-group-is-layout-constrained\">\n<section class=\"contextual-links-matter\">\n    <h2>Por qu\u00e9 son importantes los enlaces contextuales en Espa\u00f1a<\/h2>\n    <p>Los v\u00ednculos de retroceso contextuales se consideran una de las estrategias SEO m\u00e1s potentes porque se colocan de forma natural dentro de contenido relevante. Estos tipos de enlaces generan credibilidad tanto entre los motores de b\u00fasqueda como entre los usuarios, lo que te ayuda a destacar en un panorama digital competitivo.<\/p>\n\n    <ul>\n        <li><strong>Impulse la clasificaci\u00f3n en los motores de b\u00fasqueda:<\/strong> Al conseguir enlaces desde plataformas autorizadas y relevantes, su sitio web gana credibilidad a los ojos de los motores de b\u00fasqueda.<\/li>\n        <li><strong>Aumentar el tr\u00e1fico org\u00e1nico:<\/strong> Con enlaces contextuales colocados correctamente, puede atraer m\u00e1s tr\u00e1fico a su sitio web, ya que los usuarios son guiados de forma natural a su contenido.<\/li>\n        <li><strong>Mejore la visibilidad de su marca:<\/strong> A medida que estos enlaces se integran perfectamente en contenidos de alta calidad, su marca se hace m\u00e1s visible y reconocida entre su p\u00fablico objetivo.<\/li>\n    <\/ul>\n<\/section>\n<\/div>\n\n\n\n<div class=\"wp-block-group alignfull is-layout-constrained wp-container-core-group-is-layout-45b0ac4f wp-block-group-is-layout-constrained\" id=\"services\" style=\"padding-top:144px;padding-bottom:0px\">\n<section class=\"contextual-links-benefits\">\n  <h2>Qu\u00e9 conseguir\u00e1 con los enlaces contextuales<\/h2>\n\n  <div class=\"contextual-benefit\">\n    <h3>Base de datos de recursos populares en l\u00ednea:<\/h3>\n    <p>Acceda a una lista completa de plataformas verificadas con gran autoridad, garantizando que sus enlaces lleguen al p\u00fablico adecuado.<\/p>\n  <\/div>\n\n  <div class=\"contextual-benefit\">\n    <h3>Relevancia:<\/h3>\n    <p>Cada enlace se coloca en un contenido que coincide con su nicho y su p\u00fablico objetivo, lo que garantiza la m\u00e1xima eficacia.<\/p>\n  <\/div>\n\n  <div class=\"contextual-benefit\">\n    <h3>Optimizaci\u00f3n de anclajes:<\/h3>\n    <p>Se elige el texto de anclaje adecuado para cada enlace contextual con el fin de mejorar el SEO y garantizar una mejor clasificaci\u00f3n en los resultados de b\u00fasqueda.<\/p>\n  <\/div>\n\n  <div class=\"contextual-benefit\">\n    <h3>Coordinaci\u00f3n:<\/h3>\n    <p>La transparencia es la clave. Proporcionamos vistas previas de d\u00f3nde y c\u00f3mo se colocar\u00e1 su enlace para su aprobaci\u00f3n, asegur\u00e1ndonos de que todo se alinea con los objetivos de su marca.<\/p>\n  <\/div>\n<\/section>\n<\/div>\n\n\n\n<div class=\"wp-block-group alignfull has-background is-layout-constrained wp-container-core-group-is-layout-cfcca693 wp-block-group-is-layout-constrained\" id=\"contact\" style=\"background:linear-gradient(35deg,rgb(6,0,151) 0%,rgb(130,4,255) 64%,rgb(193,15,255) 98%);padding-top:104px;padding-bottom:104px\">\n<h2 class=\"wp-block-heading alignfull has-text-align-center has-text-color\" style=\"color:#ffffff\">Promocione su marca con enlaces contextuales en Espa\u00f1a<\/h2>\n\n\n\n<h6 class=\"wp-block-heading alignfull has-text-align-center has-text-color\" style=\"color:#ffffff\">Lleve su marca al siguiente nivel con enlaces contextuales de alta calidad adaptados espec\u00edficamente al mercado espa\u00f1ol. En <strong>LinkBuildingEspa\u00f1aAgencia<\/strong>nos centramos en crear backlinks estrat\u00e9gicos que mejoren la visibilidad de su marca, impulsen el SEO y atraigan tr\u00e1fico org\u00e1nico desde Espa\u00f1a. Nuestro enfoque personalizado de creaci\u00f3n de enlaces garantiza que cada enlace se alinee perfectamente con sus objetivos de negocio y los intereses de su p\u00fablico objetivo en Espa\u00f1a.<\/h6>\n\n\n\n<div class=\"wp-block-buttons alignwide is-horizontal is-content-justification-center is-layout-flex wp-container-core-buttons-is-layout-bba8380a wp-block-buttons-is-layout-flex\" style=\"margin-top:50px\">\n<div class=\"wp-block-button\"><a class=\"wp-block-button__link wp-element-button\">Hablemos de enlaces contextuales<\/a><\/div>\n<\/div>\n<\/div>","protected":false},"excerpt":{"rendered":"<p>Contextual Link Building Services in Spain At LinkBuildingSpainAgency, we specialize in crafting high-quality contextual backlinks that are essential for driving [&hellip;]<\/p>","protected":false},"author":1,"featured_media":0,"parent":0,"menu_order":0,"comment_status":"closed","ping_status":"closed","template":"","meta":{"site-sidebar-layout":"no-sidebar","site-content-layout":"plain-container","ast-site-content-layout":"","site-content-style":"default","site-sidebar-style":"default","ast-global-header-display":"","ast-banner-title-visibility":"","ast-main-header-display":"","ast-hfb-above-header-display":"","ast-hfb-below-header-display":"","ast-hfb-mobile-header-display":"","site-post-title":"disabled","ast-breadcrumbs-content":"","ast-featured-img":"","footer-sml-layout":"","theme-transparent-header-meta":"enabled","adv-header-id-meta":"","stick-header-meta":"","header-above-stick-meta":"","header-main-stick-meta":"","header-below-stick-meta":"","astra-migrate-meta-layouts":"default","ast-page-background-enabled":"default","ast-page-background-meta":{"desktop":{"background-color":"var(--ast-global-color-5)","background-image":"","background-repeat":"repeat","background-position":"center center","background-size":"auto","background-attachment":"scroll","background-type":"","background-media":"","overlay-type":"","overlay-color":"","overlay-opacity":"","overlay-gradient":""},"tablet":{"background-color":"","background-image":"","background-repeat":"repeat","background-position":"center center","background-size":"auto","background-attachment":"scroll","background-type":"","background-media":"","overlay-type":"","overlay-color":"","overlay-opacity":"","overlay-gradient":""},"mobile":{"background-color":"","background-image":"","background-repeat":"repeat","background-position":"center center","background-size":"auto","background-attachment":"scroll","background-type":"","background-media":"","overlay-type":"","overlay-color":"","overlay-opacity":"","overlay-gradient":""}},"ast-content-background-meta":{"desktop":{"background-color":"var(--ast-global-color-4)","background-image":"","background-repeat":"repeat","background-position":"center center","background-size":"auto","background-attachment":"scroll","background-type":"","background-media":"","overlay-type":"","overlay-color":"","overlay-opacity":"","overlay-gradient":""},"tablet":{"background-color":"var(--ast-global-color-4)","background-image":"","background-repeat":"repeat","background-position":"center center","background-size":"auto","background-attachment":"scroll","background-type":"","background-media":"","overlay-type":"","overlay-color":"","overlay-opacity":"","overlay-gradient":""},"mobile":{"background-color":"var(--ast-global-color-4)","background-image":"","background-repeat":"repeat","background-position":"center center","background-size":"auto","background-attachment":"scroll","background-type":"","background-media":"","overlay-type":"","overlay-color":"","overlay-opacity":"","overlay-gradient":""}},"footnotes":""},"class_list":["post-47","page","type-page","status-publish","hentry"],"_links":{"self":[{"href":"https:\/\/linkbuildingspainagency.com\/es\/wp-json\/wp\/v2\/pages\/47","targetHints":{"allow":["GET"]}}],"collection":[{"href":"https:\/\/linkbuildingspainagency.com\/es\/wp-json\/wp\/v2\/pages"}],"about":[{"href":"https:\/\/linkbuildingspainagency.com\/es\/wp-json\/wp\/v2\/types\/page"}],"author":[{"embeddable":true,"href":"https:\/\/linkbuildingspainagency.com\/es\/wp-json\/wp\/v2\/users\/1"}],"replies":[{"embeddable":true,"href":"https:\/\/linkbuildingspainagency.com\/es\/wp-json\/wp\/v2\/comments?post=47"}],"version-history":[{"count":22,"href":"https:\/\/linkbuildingspainagency.com\/es\/wp-json\/wp\/v2\/pages\/47\/revisions"}],"predecessor-version":[{"id":1181,"href":"https:\/\/linkbuildingspainagency.com\/es\/wp-json\/wp\/v2\/pages\/47\/revisions\/1181"}],"wp:attachment":[{"href":"https:\/\/linkbuildingspainagency.com\/es\/wp-json\/wp\/v2\/media?parent=47"}],"curies":[{"name":"wp","href":"https:\/\/api.w.org\/{rel}","templated":true}]}}