{"id":45,"date":"2025-05-12T11:47:18","date_gmt":"2025-05-12T11:47:18","guid":{"rendered":"https:\/\/linkbuildingspainagency.com\/guest-posting-2\/"},"modified":"2025-06-05T09:25:48","modified_gmt":"2025-06-05T09:25:48","slug":"ediciones-de-nicho","status":"publish","type":"page","link":"https:\/\/linkbuildingspainagency.com\/es\/ediciones-de-nicho\/","title":{"rendered":"Ediciones especializadas"},"content":{"rendered":"<div class=\"wp-block-cover alignfull is-light\" style=\"min-height:720px;aspect-ratio:unset;\"><span aria-hidden=\"true\" class=\"wp-block-cover__background has-background-dim-100 has-background-dim has-background-gradient\" style=\"background:linear-gradient(35deg,rgb(6,0,151) 0%,rgb(130,4,255) 73%,rgb(193,15,255) 100%)\"><\/span><div class=\"wp-block-cover__inner-container is-layout-flow wp-block-cover-is-layout-flow\">\n<div class=\"inherit-container-width wp-block-group alignwide is-layout-constrained wp-block-group-is-layout-constrained\">\n<div class=\"wp-block-media-text alignwide has-media-on-the-right is-stacked-on-mobile is-vertically-aligned-center\" style=\"grid-template-columns:auto 43%\"><div class=\"wp-block-media-text__content\">\n<h1 class=\"wp-block-heading has-text-align-left has-white-color has-text-color\">Servicios de Niche Edits en Espa\u00f1a<\/h1>\n\n\n\n<p class=\"has-white-color has-text-color\"><strong>Proporcionamos backlinks premium para art\u00edculos ya indexados y de alto ranking en Google. Nuestro equipo selecciona cuidadosamente sitios web con autoridad en Espa\u00f1a que se alinean con su nicho para maximizar el tr\u00e1fico org\u00e1nico y mejorar el posicionamiento en los motores de b\u00fasqueda.<\/strong><\/p>\n\n\n\n<div class=\"wp-block-buttons is-layout-flex wp-block-buttons-is-layout-flex\">\n<div class=\"wp-block-button\"><a class=\"wp-block-button__link wp-element-button\" href=\"#\">Contacte con nosotros<\/a><\/div>\n<\/div>\n<\/div><figure class=\"wp-block-media-text__media\"><img loading=\"lazy\" decoding=\"async\" width=\"1000\" height=\"1000\" src=\"https:\/\/linkbuildingspainagency.com\/wp-content\/uploads\/2025\/05\/niche-edits-3.png\" alt=\"\" class=\"wp-image-159 size-full\" srcset=\"https:\/\/linkbuildingspainagency.com\/wp-content\/uploads\/2025\/05\/niche-edits-3.png 1000w, https:\/\/linkbuildingspainagency.com\/wp-content\/uploads\/2025\/05\/niche-edits-3-300x300.png 300w, https:\/\/linkbuildingspainagency.com\/wp-content\/uploads\/2025\/05\/niche-edits-3-150x150.png 150w, https:\/\/linkbuildingspainagency.com\/wp-content\/uploads\/2025\/05\/niche-edits-3-768x768.png 768w\" sizes=\"auto, (max-width: 1000px) 100vw, 1000px\" \/><\/figure><\/div>\n<\/div>\n<\/div><\/div>\n\n\n\n<div class=\"wp-block-group alignfull has-ast-global-color-5-background-color has-background is-layout-constrained wp-container-core-group-is-layout-9cedb757 wp-block-group-is-layout-constrained\" style=\"padding-bottom:0px\">\n<section class=\"niche-edits\">\n  <div class=\"container\">\n    <h2>\u00bfQu\u00e9 son las ediciones especializadas?<\/h2>\n    <p>Las ediciones de nicho, tambi\u00e9n conocidas como inserciones de enlaces, consisten en colocar backlinks dentro de art\u00edculos o entradas de blog preexistentes en sitios web bien establecidos y relevantes para el nicho...<\/p>\n  <\/div>\n  <div class=\"container\">\n    <h2>\u00bfC\u00f3mo creamos ediciones especializadas?<\/h2>\n    <p>Nuestro enfoque comienza con una investigaci\u00f3n exhaustiva y la selecci\u00f3n de sitios web de alto tr\u00e1fico relevantes para su nicho. Nos centramos en sitios bien establecidos con s\u00f3lidas m\u00e9tricas SEO...<\/p>\n  <\/div>\n  <div class=\"container\">\n    <h2>\u00bfPor qu\u00e9 elegir nuestra agencia para las inserciones en nichos?<\/h2>\n    <p>Las ediciones de nicho requieren un profundo conocimiento de SEO y experiencia en la selecci\u00f3n de los sitios adecuados para la inserci\u00f3n de enlaces. La experiencia de nuestro equipo nos permite identificar sitios de alto tr\u00e1fico...<\/p>\n  <\/div>\n<\/section>\n<\/div>\n\n\n\n<div class=\"wp-block-group alignfull is-layout-constrained wp-container-core-group-is-layout-45b0ac4f wp-block-group-is-layout-constrained\" id=\"services\" style=\"padding-top:144px;padding-bottom:0px\">\n<section class=\"boost-ranking\">\n  <h2>Aumente el posicionamiento y la autoridad de su sitio web en Espa\u00f1a.<\/h2>\n  <p>\u00a1Acelere el crecimiento de su sitio web con ediciones de nicho en Espa\u00f1a! Reconocidas por los expertos en SEO y linkbuilding por su eficacia y r\u00e1pidos resultados, las ediciones de nicho aumentan la autoridad de sus backlinks y mejoran la visibilidad de su sitio en los resultados de b\u00fasqueda. Esto no s\u00f3lo refuerza la presencia online de su marca en Espa\u00f1a, sino que tambi\u00e9n atrae tr\u00e1fico a su sitio web.<\/p>\n\n  <h3>Aproveche nuestra experiencia<\/h3>\n  <p>En linkbuildingspainagency.com, nos especializamos en atraer a su p\u00fablico ideal, mejorar la autoridad del dominio y elevar su marca a trav\u00e9s de inserciones de enlaces eficaces.<\/p>\n\n  <button class=\"cta-button\">Empezar ahora<\/button>\n<\/section>\n<\/div>\n\n\n\n<div class=\"wp-block-group alignfull has-ast-global-color-5-background-color has-background is-layout-constrained wp-container-core-group-is-layout-94d206d0 wp-block-group-is-layout-constrained\" id=\"about\" style=\"padding-top:143px;padding-bottom:144px\">\n<section class=\"niche-edits\">\n  <h2>Por qu\u00e9 las ediciones de nicho son esenciales para su marca<\/h2>\n  <p>Incorporar inserciones de nicho a su estrategia SEO es una inversi\u00f3n a largo plazo en el crecimiento de su marca. Al centrarse en la calidad de los contenidos y la relevancia del sitio, aumenta la credibilidad de su marca a los ojos de los motores de b\u00fasqueda, reforzando su autoridad. Este enfoque atrae enlaces de alta calidad y relevantes para su nicho, lo que conduce de forma natural m\u00e1s tr\u00e1fico org\u00e1nico a su sitio web. El resultado es un crecimiento sostenible y constante en el mercado digital.<\/p>\n\n  <ul>\n    <li><strong> Fortalecimiento de la autoridad de dominio:<\/strong> Sus rankings de b\u00fasqueda dependen directamente de la fuerza de sus backlinks. C\u00e9ntrese en sitios con puntuaciones DA\/DR elevadas, ya que la inserci\u00f3n de enlaces desde sitios con autoridad mejora su posicionamiento en las b\u00fasquedas y la autoridad de su dominio.<\/li>\n    <li><strong> Construir un perfil de enlaces diverso:<\/strong> Incorporar ediciones de nicho le permite diversificar su perfil de enlaces, adquiriendo enlaces de varios sitios dentro de su nicho e incrust\u00e1ndolos en diferentes tipos de contenido.<\/li>\n    <li><strong> Resultados m\u00e1s r\u00e1pidos:<\/strong> Las ediciones de nicho son eficaces y rentables, ya que proporcionan una indexaci\u00f3n m\u00e1s r\u00e1pida y mejoras SEO casi inmediatas mediante el uso de contenido establecido y autorizado.<\/li>\n    <li><strong> Relevancia:<\/strong> Las ediciones de nicho garantizan que sus v\u00ednculos de retroceso sean contextualmente relevantes, lo que ayuda a los motores de b\u00fasqueda a entender su recurso, impulsando su autoridad y sus clasificaciones de b\u00fasqueda. Los enlaces relevantes atraen tr\u00e1fico org\u00e1nico y aumentan las conversiones.<\/li>\n    <li><strong> Indexaci\u00f3n m\u00e1s r\u00e1pida:<\/strong> Las ediciones de nicho aceleran la indexaci\u00f3n de su sitio colocando enlaces en contenidos ya indexados, lo que ofrece un impulso SEO instant\u00e1neo y optimiza la posici\u00f3n de su sitio en los rankings de b\u00fasqueda.<\/li>\n    <li><strong> Confianza en la marca:<\/strong> Los encartes de nicho ayudan a construir relaciones a largo plazo con su audiencia, posicionando su marca en sitios web de autoridad y mejorando su reputaci\u00f3n y la confianza en sus productos o servicios.<\/li>\n  <\/ul>\n<\/section>\n<\/div>\n\n\n\n<div class=\"wp-block-group alignfull is-layout-constrained wp-container-core-group-is-layout-3fee123f wp-block-group-is-layout-constrained\" id=\"whyus\" style=\"padding-top:144px;padding-bottom:144px\">\n<section class=\"what-you-gain\">\n  <h2>\u00bfQu\u00e9 ganar\u00e1 en Espa\u00f1a?<\/h2>\n  <p>\n    En <strong>linkbuildingspainagency.com<\/strong>somos un equipo de profesionales SEO con amplia experiencia en potenciar la visibilidad de los sitios web en los motores de b\u00fasqueda. Creamos estrategias personalizadas adaptadas a las necesidades de su marca utilizando ediciones de nicho cuidadosamente seleccionadas en Espa\u00f1a.\n  <\/p>\n  <p>\n    Colaboraci\u00f3n con <strong>linkbuildingspainagency.com<\/strong> garantiza una mejor clasificaci\u00f3n y una mayor confianza de su p\u00fablico, lo que se traduce en un aumento de las ventas y un mayor reconocimiento de la marca.\n  <\/p>\n\n  <div class=\"steps\">\n    <div class=\"step\">\n      <div class=\"step-icon\">\u2714<\/div>\n      <h3>M\u00e9tricas principales<\/h3>\n      <p>Analizamos los sitios de los donantes utilizando m\u00e9tricas SEO clave como DR, DA, dominios de referencia, TF y CF.<\/p>\n      <p>Trabajamos s\u00f3lo con sitios que tienen DA\/DR de 30+ y 2.000+ dominios de referencia para asegurar la autoridad.<\/p>\n    <\/div>\n    <div class=\"step\">\n      <div class=\"step-icon\">\u2714<\/div>\n      <h3>Enlaces clasificados e indexados<\/h3>\n      <p>Colocamos backlinks en contenidos bien establecidos e indexados en Google para obtener el m\u00e1ximo beneficio SEO.<\/p>\n      <p>Sus ediciones de nicho ser\u00e1n en contenido verificado de al menos 6 meses de antig\u00fcedad.<\/p>\n    <\/div>\n    <div class=\"step\">\n      <div class=\"step-icon\">\u2714<\/div>\n      <h3>Colocaci\u00f3n contextual<\/h3>\n      <p>Los enlaces se integran en contenidos relevantes para su nicho, amplificando el impacto SEO.<\/p>\n      <p>Adoptamos un enfoque hol\u00edstico que tiene en cuenta todos los factores clave para obtener los mejores resultados.<\/p>\n    <\/div>\n    <div class=\"step\">\n      <div class=\"step-icon\">\u2714<\/div>\n      <h3>Tr\u00e1fico org\u00e1nico<\/h3>\n      <p>Los enlaces s\u00f3lo van a sitios con al menos 1.000 visitantes org\u00e1nicos mensuales.<\/p>\n      <p>Evitamos las PBN y los blogs inactivos para garantizar una visibilidad real de la audiencia.<\/p>\n    <\/div>\n    <div class=\"step\">\n      <div class=\"step-icon\">\u2714<\/div>\n      <h3>Aprobaci\u00f3n previa<\/h3>\n      <p>Puede revisar y ajustar el contenido de los v\u00ednculos de retroceso y el texto de anclaje para obtener resultados \u00f3ptimos.<\/p>\n      <p>Se pueden incluir palabras clave y nombres de marcas relevantes para mejorar la clasificaci\u00f3n.<\/p>\n    <\/div>\n    <div class=\"step\">\n      <div class=\"step-icon\">\u2714<\/div>\n      <h3>Precios competitivos<\/h3>\n      <p>Acceda a una amplia base de datos de sitios donantes con precios que se ajustan a su presupuesto.<\/p>\n      <p>Garantizamos la calidad y seguridad de los enlaces en cada colocaci\u00f3n.<\/p>\n    <\/div>\n  <\/div>\n<\/section>\n\n\n\n<section class=\"niche-edits-suitable\">\n  <h2>\u00bfQui\u00e9n puede beneficiarse de las ediciones especializadas?<\/h2>\n  <p>Todo el mundo puede beneficiarse de nuestros servicios.<\/p>\n\n  <div class=\"niche-edits-cards\">\n    <div class=\"niche-edits-card\">\n      <h3>Para empresas<\/h3>\n      <p>\u00bfQuiere introducirse r\u00e1pidamente en el mercado y mejorar su posici\u00f3n en las b\u00fasquedas? Las ediciones de nicho ofrecen la soluci\u00f3n perfecta para su negocio. Mejoran la autoridad de su dominio y atraen a nuevos clientes, por lo que son especialmente eficaces para sitios web especializados, empresas SaaS, startups y plataformas de comercio electr\u00f3nico.<\/p>\n      <p>Reforzar su presencia en l\u00ednea no tiene por qu\u00e9 implicar la creaci\u00f3n de un equipo interno. Con las ediciones de nicho, puede asociarse con linkbuildingspainagency.com, un m\u00e9todo de confianza para mejorar r\u00e1pidamente los rankings, aumentar la autoridad y atraer clientes. Nuestra amplia base de datos de dominios le garantiza encontrar sitios con autoridad y relevantes en su nicho, totalmente adaptados para satisfacer sus necesidades.<\/p>\n      <p>Aportamos una amplia experiencia en m\u00faltiples sectores, una lista de sitios seleccionados y an\u00e1lisis exhaustivos para maximizar el retorno de la inversi\u00f3n. Adem\u00e1s, proporcionamos informes detallados que le ayudan a realizar un seguimiento de la eficacia de sus campa\u00f1as de marketing y a adaptarse r\u00e1pidamente a los cambios del mercado.<\/p>\n    <\/div>\n\n    <div class=\"niche-edits-card\">\n      <h3>Para agencias de marketing digital y especialistas en SEO<\/h3>\n      <p>Aumente la eficacia de su equipo o agencia SEO con LinkBuilder. Ofrecemos soluciones flexibles que se adaptan a sus necesidades espec\u00edficas, agilizan los flujos de trabajo y le ayudan a alcanzar sus objetivos de SEO con mayor rapidez.<\/p>\n      <p>Para profesionales y agencias SEO, obtenga acceso completo a nuestra amplia base de datos de dominios actualizada regularmente. Encuentra f\u00e1cilmente fuentes frescas para tus inserciones de enlaces y utiliza nuestros filtros avanzados y m\u00e9tricas SEO para seleccionar los donantes de enlaces ideales y optimizar tu estrategia.<\/p>\n      <p>Para las agencias digitales y los blogueros, ofrecemos la oportunidad perfecta para delegar tareas de SEO en nuestro equipo, lo que le permitir\u00e1 ampliar su oferta de servicios y mejorar los procesos. Desde la creaci\u00f3n de enlaces y el guest posting hasta el crowd marketing y la inserci\u00f3n de enlaces de nicho, nos aseguramos de que tus clientes reciban los mejores resultados.<\/p>\n    <\/div>\n  <\/div>\n<\/section>\n<\/div>\n\n\n\n<div class=\"wp-block-group alignfull has-background is-layout-constrained wp-container-core-group-is-layout-cfcca693 wp-block-group-is-layout-constrained\" id=\"contact\" style=\"background:linear-gradient(35deg,rgb(6,0,151) 0%,rgb(130,4,255) 64%,rgb(193,15,255) 98%);padding-top:104px;padding-bottom:104px\">\n<h2 class=\"wp-block-heading alignfull has-text-align-center has-text-color\" style=\"color:#ffffff\">\u00a1Refuerce la posici\u00f3n de su dominio en los buscadores en Espa\u00f1a!<\/h2>\n\n\n\n<h6 class=\"wp-block-heading alignfull has-text-align-center has-text-color\" style=\"color:#ffffff\">Elija <strong>LinkBuildingSpainAgency.com<\/strong> para obtener soluciones de edici\u00f3n de nicho eficaces y fiables adaptadas espec\u00edficamente al mercado espa\u00f1ol. Nuestras estrategias expertas le ayudar\u00e1n a mejorar la visibilidad de su sitio web, aumentar la autoridad y dirigir el tr\u00e1fico a su sitio desde los motores de b\u00fasqueda espa\u00f1oles.<\/h6>\n\n\n\n<div class=\"wp-block-buttons alignwide is-horizontal is-content-justification-center is-layout-flex wp-container-core-buttons-is-layout-bba8380a wp-block-buttons-is-layout-flex\" style=\"margin-top:50px\">\n<div class=\"wp-block-button\"><a class=\"wp-block-button__link wp-element-button\">Hablemos de ediciones especializadas<\/a><\/div>\n<\/div>\n<\/div>","protected":false},"excerpt":{"rendered":"<p>What Are Niche Edits? Niche Edits, also known as link inserts, involve placing backlinks within pre-existing articles or blog posts [&hellip;]<\/p>","protected":false},"author":1,"featured_media":0,"parent":0,"menu_order":0,"comment_status":"closed","ping_status":"closed","template":"","meta":{"site-sidebar-layout":"no-sidebar","site-content-layout":"plain-container","ast-site-content-layout":"","site-content-style":"default","site-sidebar-style":"default","ast-global-header-display":"","ast-banner-title-visibility":"","ast-main-header-display":"","ast-hfb-above-header-display":"","ast-hfb-below-header-display":"","ast-hfb-mobile-header-display":"","site-post-title":"disabled","ast-breadcrumbs-content":"","ast-featured-img":"","footer-sml-layout":"","theme-transparent-header-meta":"enabled","adv-header-id-meta":"","stick-header-meta":"","header-above-stick-meta":"","header-main-stick-meta":"","header-below-stick-meta":"","astra-migrate-meta-layouts":"default","ast-page-background-enabled":"default","ast-page-background-meta":{"desktop":{"background-color":"var(--ast-global-color-5)","background-image":"","background-repeat":"repeat","background-position":"center center","background-size":"auto","background-attachment":"scroll","background-type":"","background-media":"","overlay-type":"","overlay-color":"","overlay-opacity":"","overlay-gradient":""},"tablet":{"background-color":"","background-image":"","background-repeat":"repeat","background-position":"center center","background-size":"auto","background-attachment":"scroll","background-type":"","background-media":"","overlay-type":"","overlay-color":"","overlay-opacity":"","overlay-gradient":""},"mobile":{"background-color":"","background-image":"","background-repeat":"repeat","background-position":"center center","background-size":"auto","background-attachment":"scroll","background-type":"","background-media":"","overlay-type":"","overlay-color":"","overlay-opacity":"","overlay-gradient":""}},"ast-content-background-meta":{"desktop":{"background-color":"var(--ast-global-color-4)","background-image":"","background-repeat":"repeat","background-position":"center center","background-size":"auto","background-attachment":"scroll","background-type":"","background-media":"","overlay-type":"","overlay-color":"","overlay-opacity":"","overlay-gradient":""},"tablet":{"background-color":"var(--ast-global-color-4)","background-image":"","background-repeat":"repeat","background-position":"center center","background-size":"auto","background-attachment":"scroll","background-type":"","background-media":"","overlay-type":"","overlay-color":"","overlay-opacity":"","overlay-gradient":""},"mobile":{"background-color":"var(--ast-global-color-4)","background-image":"","background-repeat":"repeat","background-position":"center center","background-size":"auto","background-attachment":"scroll","background-type":"","background-media":"","overlay-type":"","overlay-color":"","overlay-opacity":"","overlay-gradient":""}},"footnotes":""},"class_list":["post-45","page","type-page","status-publish","hentry"],"_links":{"self":[{"href":"https:\/\/linkbuildingspainagency.com\/es\/wp-json\/wp\/v2\/pages\/45","targetHints":{"allow":["GET"]}}],"collection":[{"href":"https:\/\/linkbuildingspainagency.com\/es\/wp-json\/wp\/v2\/pages"}],"about":[{"href":"https:\/\/linkbuildingspainagency.com\/es\/wp-json\/wp\/v2\/types\/page"}],"author":[{"embeddable":true,"href":"https:\/\/linkbuildingspainagency.com\/es\/wp-json\/wp\/v2\/users\/1"}],"replies":[{"embeddable":true,"href":"https:\/\/linkbuildingspainagency.com\/es\/wp-json\/wp\/v2\/comments?post=45"}],"version-history":[{"count":39,"href":"https:\/\/linkbuildingspainagency.com\/es\/wp-json\/wp\/v2\/pages\/45\/revisions"}],"predecessor-version":[{"id":1179,"href":"https:\/\/linkbuildingspainagency.com\/es\/wp-json\/wp\/v2\/pages\/45\/revisions\/1179"}],"wp:attachment":[{"href":"https:\/\/linkbuildingspainagency.com\/es\/wp-json\/wp\/v2\/media?parent=45"}],"curies":[{"name":"wp","href":"https:\/\/api.w.org\/{rel}","templated":true}]}}