{"id":27,"date":"2025-05-11T12:45:24","date_gmt":"2025-05-11T12:45:24","guid":{"rendered":"https:\/\/linkbuildingspainagency.com\/?page_id=27"},"modified":"2025-06-05T09:25:11","modified_gmt":"2025-06-05T09:25:11","slug":"publicacion-invitada","status":"publish","type":"page","link":"https:\/\/linkbuildingspainagency.com\/es\/publicacion-invitada\/","title":{"rendered":"Invitados"},"content":{"rendered":"<div class=\"wp-block-cover alignfull is-light\" style=\"min-height:720px;aspect-ratio:unset;\"><span aria-hidden=\"true\" class=\"wp-block-cover__background has-background-dim-100 has-background-dim has-background-gradient\" style=\"background:linear-gradient(35deg,rgb(6,0,151) 0%,rgb(130,4,255) 73%,rgb(193,15,255) 100%)\"><\/span><div class=\"wp-block-cover__inner-container is-layout-flow wp-block-cover-is-layout-flow\">\n<div class=\"inherit-container-width wp-block-group alignwide is-layout-constrained wp-block-group-is-layout-constrained\">\n<div class=\"wp-block-media-text alignwide has-media-on-the-right is-stacked-on-mobile is-vertically-aligned-center\" style=\"grid-template-columns:auto 35%\"><div class=\"wp-block-media-text__content\">\n<h1 class=\"wp-block-heading has-text-align-left has-white-color has-text-color\">Espa\u00f1a Guest Posting Servicios y Blogger Outreach Agencia <strong>en Espa\u00f1a<\/strong><\/h1>\n\n\n\n<p class=\"has-white-color has-text-color\"><strong>\u00bfNecesitas backlinks potentes en Espa\u00f1a? Soy Honorata Estrada Rocha, y ofrezco servicios de construcci\u00f3n de enlaces de confianza al mejor precio.<\/strong><\/p>\n\n\n\n<div class=\"wp-block-buttons is-layout-flex wp-block-buttons-is-layout-flex\">\n<div class=\"wp-block-button\"><a class=\"wp-block-button__link wp-element-button\" href=\"#\">P\u00f3ngase en contacto conmigo<\/a><\/div>\n<\/div>\n\n\n\n<figure class=\"wp-block-gallery has-nested-images columns-default is-cropped wp-block-gallery-1 is-layout-flex wp-block-gallery-is-layout-flex\"><\/figure>\n<\/div><figure class=\"wp-block-media-text__media\"><img loading=\"lazy\" decoding=\"async\" width=\"471\" height=\"414\" src=\"https:\/\/linkbuildingspainagency.com\/wp-content\/uploads\/2025\/05\/guest-posting-services-1.png\" alt=\"\" class=\"wp-image-156 size-full\" srcset=\"https:\/\/linkbuildingspainagency.com\/wp-content\/uploads\/2025\/05\/guest-posting-services-1.png 471w, https:\/\/linkbuildingspainagency.com\/wp-content\/uploads\/2025\/05\/guest-posting-services-1-300x264.png 300w\" sizes=\"auto, (max-width: 471px) 100vw, 471px\" \/><\/figure><\/div>\n<\/div>\n<\/div><\/div>\n\n\n\n<div class=\"wp-block-group alignfull has-ast-global-color-5-background-color has-background is-layout-constrained wp-container-core-group-is-layout-9cedb757 wp-block-group-is-layout-constrained\" style=\"padding-bottom:0px\">\n<section class=\"why-guest-posting\">\n  <h2>\u00bfPor qu\u00e9 Guest Posting en Espa\u00f1a?<\/h2>\n  <p>El guest posting es una de las estrategias m\u00e1s eficaces para aumentar la autoridad de su sitio web y mejorar su SEO. Al publicar contenido de calidad en sitios web de gran autoridad, puedes crear backlinks valiosos, atraer tr\u00e1fico espec\u00edfico y mejorar tu visibilidad online.<\/p>\n  <p>Nuestro equipo se especializa en conseguir oportunidades para publicar como invitado en sitios web en espa\u00f1ol en Espa\u00f1a, garantizando que su contenido llegue a la audiencia adecuada y maximice su impacto.<\/p>\n<\/section>\n<\/div>\n\n\n\n<div class=\"wp-block-group alignfull is-layout-constrained wp-container-core-group-is-layout-45b0ac4f wp-block-group-is-layout-constrained\" id=\"services\" style=\"padding-top:144px;padding-bottom:0px\">\n<section class=\"key-benefits\">\n  <h2>Principales ventajas de publicar como invitado con nosotros<\/h2>\n  <div class=\"benefits\">\n    <div class=\"benefit\">\n      <h3>Nuestra herramienta de selecci\u00f3n de Guest Post<\/h3>\n      <p>Nuestra herramienta de selecci\u00f3n de Guest Post le ayuda a encontrar las ofertas m\u00e1s relevantes del mercado y a obtener backlinks de alta calidad que aumentan la confianza, atraen clientes y mejoran el posicionamiento en las b\u00fasquedas.<\/p>\n    <\/div>\n    <div class=\"benefit\">\n      <h3>Contenido valioso<\/h3>\n      <p>El contenido que ofrezca para su publicaci\u00f3n debe ser valioso para el p\u00fablico objetivo. Puede crearlo usted mismo, solicit\u00e1rnoslo (incluido) o confiar en los expertos redactores de linkbuildingspainagency.com.<\/p>\n    <\/div>\n    <div class=\"benefit\">\n      <h3>Alcance personalizado<\/h3>\n      <p>Elaboramos mensajes de difusi\u00f3n personalizados que atraen a socios potenciales y ayudan a crear relaciones a largo plazo y mutuamente beneficiosas dentro de su nicho.<\/p>\n    <\/div>\n    <div class=\"benefit\">\n      <h3>Estrategias a largo plazo<\/h3>\n      <p>Desarrollamos estrategias a largo plazo para garantizar un crecimiento estable, reforzar su presencia en l\u00ednea, aumentar la visibilidad en las b\u00fasquedas y generar confianza entre los visitantes.<\/p>\n    <\/div>\n  <\/div>\n<\/section>\n<\/div>\n\n\n\n<div class=\"wp-block-group alignwide has-ast-global-color-4-background-color has-background is-layout-constrained wp-container-core-group-is-layout-6a2cfb7b wp-block-group-is-layout-constrained\" id=\"reviews\">\n<section class=\"service-faq\">\n    <div class=\"service-faq__wrapper container\">\n        <div class=\"service-faq__title section-text\">\n            <h2>Todo lo que debe saber sobre la divulgaci\u00f3n<\/h2>\n        <\/div>\n        <aside class=\"service-faq__accordion\" data-mobile-accordion=\"\">\n            <details open=\"\" name=\"accordion-0\">\n                <summary>\u00bfCu\u00e1l es la diferencia entre la divulgaci\u00f3n y el Guest Posting?<\/summary>\n                <p>El guest posting consiste en escribir y publicar contenidos en otro sitio web, ya sea a trav\u00e9s de una invitaci\u00f3n o de un acuerdo, con el fin de ganar visibilidad, backlinks y atraer tr\u00e1fico. Por otro lado, el blogger outreach consiste en ponerse en contacto con blogueros para que escriban sobre su empresa o producto. Esta estrategia aprovecha la influencia del blogger para promocionar su marca de una forma que atraiga a su audiencia. Ambas estrategias trabajan juntas para mejorar la visibilidad y la autoridad de su sitio web en las clasificaciones de los motores de b\u00fasqueda.<\/p>\n            <\/details>\n            <details name=\"accordion-0\">\n                <summary>\u00bfCu\u00e1les son los beneficios SEO del Guest Posting?<\/summary>\n                <p>El guest posting ofrece importantes ventajas SEO, como una mayor visibilidad en los motores de b\u00fasqueda gracias a los backlinks de sitios web con autoridad. Estos backlinks aumentan la autoridad de dominio de su sitio y atraen tr\u00e1fico de referencia de la audiencia del sitio invitado. Adem\u00e1s, la publicaci\u00f3n como invitado le ayuda a centrarse en palabras clave espec\u00edficas y temas del sector, lo que refuerza su reputaci\u00f3n en su campo e impulsa su clasificaci\u00f3n. Las colaboraciones que establezca a trav\u00e9s del guest posting tambi\u00e9n le brindar\u00e1n oportunidades de establecer contactos con otros profesionales del sector, lo que contribuir\u00e1 a que su marca crezca a\u00fan m\u00e1s.<\/p>\n            <\/details>\n            <details name=\"accordion-0\">\n                <summary>\u00bfC\u00f3mo conseguir un blog invitado eficaz?<\/summary>\n                <p>Para garantizar el \u00e9xito de la difusi\u00f3n de su blog invitado, es esencial empezar por definir unos objetivos claros e identificar los sitios web adecuados para publicar su contenido. Los sitios que elija deben ser relevantes, dignos de confianza, con autoridad y tener una autoridad de dominio (DA) elevada junto con un buen flujo de confianza y citas. Tambi\u00e9n es fundamental crear contenidos originales y de alta calidad. Ofrecer algo \u00fanico, como un art\u00edculo de un experto, una infograf\u00eda o informaci\u00f3n sobre el sector, mejorar\u00e1 significativamente sus posibilidades de que se publique su contenido. Una vez que su contenido sea aceptado, es fundamental supervisar el rendimiento de sus publicaciones como invitado para evaluar la eficacia de sus campa\u00f1as de difusi\u00f3n y optimizar continuamente su enfoque.<\/p>\n            <\/details>\n            <details name=\"accordion-0\">\n                <summary>\u00bfPor qu\u00e9 confiar el Guest Posting y el Blogger Outreach a una agencia?<\/summary>\n                <p>El Guest posting es una tarea que requiere mucho tiempo y habilidades especializadas, tanto si la realiza un freelance como si se hace internamente. En linkbuildingspainagency.com, contamos con los conocimientos y la experiencia necesarios para gestionar todos los aspectos de su campa\u00f1a de difusi\u00f3n. Trabajaremos estrechamente con usted para comprender sus objetivos y elaborar un contenido \u00fanico y de alta calidad que resuene tanto en los editores como en la audiencia de los sitios objetivo. Nuestro equipo garantiza un proceso \u00e1gil que le permitir\u00e1 centrarse en otras prioridades empresariales. Adem\u00e1s, disponemos de las herramientas y los recursos necesarios para supervisar y optimizar el rendimiento de las campa\u00f1as, lo que garantiza una mayor eficacia y mejores resultados en comparaci\u00f3n con la gesti\u00f3n interna o con trabajadores aut\u00f3nomos. Con linkbuildingspainagency.com, conseguir\u00e1 una campa\u00f1a de guest posting m\u00e1s impactante, fiable y exitosa.<\/p>\n            <\/details>\n        <\/aside>\n    <\/div>\n<\/section>\n<\/div>\n\n\n\n<div class=\"wp-block-group alignfull has-ast-global-color-5-background-color has-background is-layout-constrained wp-container-core-group-is-layout-94d206d0 wp-block-group-is-layout-constrained\" id=\"about\" style=\"padding-top:143px;padding-bottom:144px\">\n<section class=\"how-we-do\">\n  <h2 style=\"text-align: center;\">C\u00f3mo hacemos Guest Posting<\/h2>\n  <div class=\"steps\" style=\"display: flex; justify-content: center; gap: 20px; flex-wrap: wrap;\">\n    <div class=\"step\" style=\"text-align: center; width: 250px;\">\n      <div class=\"icon\" style=\"background-color: #4CAF50; width: 60px; height: 60px; display: flex; justify-content: center; align-items: center; border-radius: 50%; margin: 0 auto;\">\n        <i class=\"fas fa-bullhorn\" style=\"color: white; font-size: 24px;\"><\/i>\n      <\/div>\n      <h3>Estrategia y fijaci\u00f3n de objetivos<\/h3>\n      <p>Trabajamos con usted para definir su p\u00fablico objetivo y establecer objetivos claros para su campa\u00f1a de guest posting.<\/p>\n    <\/div>\n    <div class=\"step\" style=\"text-align: center; width: 250px;\">\n      <div class=\"icon\" style=\"background-color: #FF9800; width: 60px; height: 60px; display: flex; justify-content: center; align-items: center; border-radius: 50%; margin: 0 auto;\">\n        <i class=\"fas fa-pen-alt\" style=\"color: white; font-size: 24px;\"><\/i>\n      <\/div>\n      <h3>Creaci\u00f3n de contenidos<\/h3>\n      <p>Nuestro equipo elabora contenidos originales de alta calidad que se ajustan a la voz de su marca y a la relevancia de su sector.<\/p>\n    <\/div>\n    <div class=\"step\" style=\"text-align: center; width: 250px;\">\n      <div class=\"icon\" style=\"background-color: #F44336; width: 60px; height: 60px; display: flex; justify-content: center; align-items: center; border-radius: 50%; margin: 0 auto;\">\n        <i class=\"fas fa-share-alt\" style=\"color: white; font-size: 24px;\"><\/i>\n      <\/div>\n      <h3>Divulgaci\u00f3n<\/h3>\n      <p>Nos ponemos en contacto con los principales blogs y sitios web espa\u00f1oles para ofrecerles oportunidades de publicar como invitados, asegur\u00e1ndonos de que nos dirigimos a sitios de gran autoridad en su nicho.<\/p>\n    <\/div>\n    <div class=\"step\" style=\"text-align: center; width: 250px;\">\n      <div class=\"icon\" style=\"background-color: #9C27B0; width: 60px; height: 60px; display: flex; justify-content: center; align-items: center; border-radius: 50%; margin: 0 auto;\">\n        <i class=\"fas fa-chart-line\" style=\"color: white; font-size: 24px;\"><\/i>\n      <\/div>\n      <h3>Colocaci\u00f3n y seguimiento<\/h3>\n      <p>Una vez que su art\u00edculo como invitado est\u00e1 activo, le proporcionamos informes detallados y realizamos un seguimiento del rendimiento de sus v\u00ednculos de retroceso.<\/p>\n    <\/div>\n  <\/div>\n<\/section>\n<\/div>\n\n\n\n<div class=\"wp-block-group alignfull has-ast-global-color-4-background-color has-background is-layout-constrained wp-container-core-group-is-layout-6a2cfb7b wp-block-group-is-layout-constrained\" id=\"reviews\">\n<section class=\"why-choose-us\">\n  <h2>\u00bfPor qu\u00e9 elegirnos para su campa\u00f1a de Guest Posting?<\/h2>\n  <p>Estamos especializados en servicios de guest posting espec\u00edficamente dise\u00f1ados para el mercado espa\u00f1ol. El profundo conocimiento que nuestro equipo tiene de los sitios web espa\u00f1oles, combinado con nuestra experiencia en divulgaci\u00f3n, garantiza que su contenido llegar\u00e1 al p\u00fablico adecuado y generar\u00e1 los mejores resultados. A continuaci\u00f3n le explicamos por qu\u00e9 deber\u00eda confiarnos sus campa\u00f1as de guest posting:<\/p>\n  <ul class=\"reasons\">\n    <li><strong>S\u00f3lo trabajamos con sitios web espa\u00f1oles de gran autoridad.<\/strong><\/li>\n    <li><strong>Nuestra creaci\u00f3n de contenidos es 100% original y optimizada para SEO.<\/strong><\/li>\n    <li><strong>Ofrecemos informes transparentes y una optimizaci\u00f3n continua de su campa\u00f1a.<\/strong><\/li>\n  <\/ul>\n<\/section>\n<\/div>\n\n\n\n<div class=\"wp-block-group alignfull has-background is-layout-constrained wp-container-core-group-is-layout-cfcca693 wp-block-group-is-layout-constrained\" id=\"contact\" style=\"background:linear-gradient(35deg,rgb(6,0,151) 0%,rgb(130,4,255) 64%,rgb(193,15,255) 98%);padding-top:104px;padding-bottom:104px\">\n<h3 class=\"wp-block-heading alignfull has-text-align-center has-text-color\" style=\"color:#ffffff\">Listo para impulsar tu SEO con Guest Posting <strong>en Espa\u00f1a<\/strong><\/h3>\n\n\n\n<h6 class=\"wp-block-heading has-text-align-center has-text-color\" style=\"color:#ffffff\">P\u00f3ngase en contacto con nosotros hoy mismo para iniciar su campa\u00f1a de guest posting. Nuestro equipo est\u00e1 listo para ayudarle a hacer crecer su marca y mejorar su posicionamiento.<\/h6>\n\n\n\n<div class=\"wp-block-buttons alignwide is-horizontal is-content-justification-center is-layout-flex wp-container-core-buttons-is-layout-bba8380a wp-block-buttons-is-layout-flex\" style=\"margin-top:50px\">\n<div class=\"wp-block-button\"><a class=\"wp-block-button__link wp-element-button\">Contacto\" \/ \"Presupuesto personalizado<\/a><\/div>\n<\/div>\n<\/div>\n\n\n\n<p><\/p>","protected":false},"excerpt":{"rendered":"<p>Why Guest Posting in Spain? Guest posting is one of the most effective strategies to increase your website\u2019s authority and [&hellip;]<\/p>","protected":false},"author":1,"featured_media":0,"parent":0,"menu_order":0,"comment_status":"closed","ping_status":"closed","template":"","meta":{"site-sidebar-layout":"no-sidebar","site-content-layout":"plain-container","ast-site-content-layout":"","site-content-style":"default","site-sidebar-style":"default","ast-global-header-display":"","ast-banner-title-visibility":"","ast-main-header-display":"","ast-hfb-above-header-display":"","ast-hfb-below-header-display":"","ast-hfb-mobile-header-display":"","site-post-title":"disabled","ast-breadcrumbs-content":"","ast-featured-img":"","footer-sml-layout":"","theme-transparent-header-meta":"enabled","adv-header-id-meta":"","stick-header-meta":"","header-above-stick-meta":"","header-main-stick-meta":"","header-below-stick-meta":"","astra-migrate-meta-layouts":"default","ast-page-background-enabled":"default","ast-page-background-meta":{"desktop":{"background-color":"var(--ast-global-color-5)","background-image":"","background-repeat":"repeat","background-position":"center center","background-size":"auto","background-attachment":"scroll","background-type":"","background-media":"","overlay-type":"","overlay-color":"","overlay-opacity":"","overlay-gradient":""},"tablet":{"background-color":"","background-image":"","background-repeat":"repeat","background-position":"center center","background-size":"auto","background-attachment":"scroll","background-type":"","background-media":"","overlay-type":"","overlay-color":"","overlay-opacity":"","overlay-gradient":""},"mobile":{"background-color":"","background-image":"","background-repeat":"repeat","background-position":"center center","background-size":"auto","background-attachment":"scroll","background-type":"","background-media":"","overlay-type":"","overlay-color":"","overlay-opacity":"","overlay-gradient":""}},"ast-content-background-meta":{"desktop":{"background-color":"var(--ast-global-color-4)","background-image":"","background-repeat":"repeat","background-position":"center center","background-size":"auto","background-attachment":"scroll","background-type":"","background-media":"","overlay-type":"","overlay-color":"","overlay-opacity":"","overlay-gradient":""},"tablet":{"background-color":"var(--ast-global-color-4)","background-image":"","background-repeat":"repeat","background-position":"center center","background-size":"auto","background-attachment":"scroll","background-type":"","background-media":"","overlay-type":"","overlay-color":"","overlay-opacity":"","overlay-gradient":""},"mobile":{"background-color":"var(--ast-global-color-4)","background-image":"","background-repeat":"repeat","background-position":"center center","background-size":"auto","background-attachment":"scroll","background-type":"","background-media":"","overlay-type":"","overlay-color":"","overlay-opacity":"","overlay-gradient":""}},"footnotes":""},"class_list":["post-27","page","type-page","status-publish","hentry"],"_links":{"self":[{"href":"https:\/\/linkbuildingspainagency.com\/es\/wp-json\/wp\/v2\/pages\/27","targetHints":{"allow":["GET"]}}],"collection":[{"href":"https:\/\/linkbuildingspainagency.com\/es\/wp-json\/wp\/v2\/pages"}],"about":[{"href":"https:\/\/linkbuildingspainagency.com\/es\/wp-json\/wp\/v2\/types\/page"}],"author":[{"embeddable":true,"href":"https:\/\/linkbuildingspainagency.com\/es\/wp-json\/wp\/v2\/users\/1"}],"replies":[{"embeddable":true,"href":"https:\/\/linkbuildingspainagency.com\/es\/wp-json\/wp\/v2\/comments?post=27"}],"version-history":[{"count":29,"href":"https:\/\/linkbuildingspainagency.com\/es\/wp-json\/wp\/v2\/pages\/27\/revisions"}],"predecessor-version":[{"id":1190,"href":"https:\/\/linkbuildingspainagency.com\/es\/wp-json\/wp\/v2\/pages\/27\/revisions\/1190"}],"wp:attachment":[{"href":"https:\/\/linkbuildingspainagency.com\/es\/wp-json\/wp\/v2\/media?parent=27"}],"curies":[{"name":"wp","href":"https:\/\/api.w.org\/{rel}","templated":true}]}}