{"id":1191,"date":"2025-09-02T11:29:27","date_gmt":"2025-09-02T11:29:27","guid":{"rendered":"https:\/\/linkbuildingspainagency.com\/guest-posting-2\/"},"modified":"2025-09-02T12:13:23","modified_gmt":"2025-09-02T12:13:23","slug":"reddit-quora-backlinks-y-menciones-de-marca","status":"publish","type":"page","link":"https:\/\/linkbuildingspainagency.com\/es\/reddit-quora-backlinks-y-menciones-de-marca\/","title":{"rendered":"Backlinks y menciones de marca en Reddit y Quora"},"content":{"rendered":"<div class=\"wp-block-cover alignfull is-light\" style=\"min-height:720px;aspect-ratio:unset;\"><span aria-hidden=\"true\" class=\"wp-block-cover__background has-background-dim-100 has-background-dim has-background-gradient\" style=\"background:linear-gradient(35deg,rgb(6,0,151) 0%,rgb(130,4,255) 73%,rgb(193,15,255) 100%)\"><\/span><div class=\"wp-block-cover__inner-container is-layout-flow wp-block-cover-is-layout-flow\">\n<div class=\"inherit-container-width wp-block-group alignwide is-layout-constrained wp-block-group-is-layout-constrained\">\n<div class=\"wp-block-media-text alignwide has-media-on-the-right is-stacked-on-mobile is-vertically-aligned-center\" style=\"grid-template-columns:auto 35%\"><div class=\"wp-block-media-text__content\">\n<h1 class=\"wp-block-heading has-text-align-left has-white-color has-text-color\">Backlinks y menciones de marca en Reddit y Quora en Espa\u00f1a<\/h1>\n\n\n\n<p class=\"has-white-color has-text-color\">En <strong>LinkBuilder Espa\u00f1a<\/strong>Estamos especializados en la adquisici\u00f3n de backlinks de alta calidad a trav\u00e9s de Reddit y Quora para mejorar la presencia de su marca en Espa\u00f1a. Nuestro equipo elabora respuestas perspicaces y bien documentadas en hilos activos, utilizando cuentas cre\u00edbles con una s\u00f3lida reputaci\u00f3n. Cada backlink se integra de forma natural en las discusiones, a\u00f1adiendo valor a la vez que se siguen las directrices de la plataforma.<\/p>\n\n\n\n<p class=\"has-white-color has-text-color\">Al aprovechar estas plataformas, ayudamos a mejorar la autoridad de su marca, atraer tr\u00e1fico espec\u00edfico y mejorar su reputaci\u00f3n en l\u00ednea.<\/p>\n\n\n\n<div class=\"wp-block-buttons is-layout-flex wp-block-buttons-is-layout-flex\">\n<div class=\"wp-block-button\"><a class=\"wp-block-button__link wp-element-button\" href=\"#\">P\u00f3ngase en contacto conmigo<\/a><\/div>\n<\/div>\n\n\n\n<figure class=\"wp-block-gallery has-nested-images columns-default is-cropped wp-block-gallery-1 is-layout-flex wp-block-gallery-is-layout-flex\"><\/figure>\n<\/div><figure class=\"wp-block-media-text__media\"><img loading=\"lazy\" decoding=\"async\" width=\"640\" height=\"508\" src=\"https:\/\/linkbuildingspainagency.com\/wp-content\/uploads\/2025\/09\/mentionlytics-sources-640x508-1.png\" alt=\"\" class=\"wp-image-1193 size-full\" srcset=\"https:\/\/linkbuildingspainagency.com\/wp-content\/uploads\/2025\/09\/mentionlytics-sources-640x508-1.png 640w, https:\/\/linkbuildingspainagency.com\/wp-content\/uploads\/2025\/09\/mentionlytics-sources-640x508-1-300x238.png 300w, https:\/\/linkbuildingspainagency.com\/wp-content\/uploads\/2025\/09\/mentionlytics-sources-640x508-1-15x12.png 15w\" sizes=\"auto, (max-width: 640px) 100vw, 640px\" \/><\/figure><\/div>\n<\/div>\n<\/div><\/div>\n\n\n\n<div class=\"wp-block-group alignfull has-ast-global-color-5-background-color has-background is-layout-constrained wp-container-core-group-is-layout-9cedb757 wp-block-group-is-layout-constrained\" style=\"padding-bottom:0px\">\n<section class=\"why-guest-posting\">\n  <h2>Aumenta tus rankings con los backlinks de Quora en Espa\u00f1a<\/h2>\n  <p>Quora es una plataforma \u00fanica en la que los usuarios buscan activamente respuestas en profundidad basadas en la experiencia, lo que brinda a su marca la oportunidad de contribuir de forma significativa a conversaciones relevantes.<\/p>\n  <p>Al participar en estas discusiones, puede atraer a visitantes espec\u00edficos, generar confianza con su audiencia y mejorar su autoridad dentro de su nicho. En LinkBuilder Espa\u00f1a, nuestro equipo sabe c\u00f3mo aprovechar estrat\u00e9gicamente Quora, convirtiendo cada interacci\u00f3n en una ventaja SEO duradera para su negocio.<\/p>\n<\/section>\n<\/div>\n\n\n\n<div class=\"wp-block-group alignfull is-layout-constrained wp-container-core-group-is-layout-45b0ac4f wp-block-group-is-layout-constrained\" id=\"services\" style=\"padding-top:144px;padding-bottom:0px\">\n<p data-start=\"134\" data-end=\"187\"><strong data-start=\"134\" data-end=\"187\">Ventajas de Reddit Links con LinkBuilder Espa\u00f1a<\/strong><\/p>\n<ul>\n<li data-start=\"189\" data-end=\"362\">Colocamos los enlaces estrat\u00e9gicamente en hilos activos y relevantes de Reddit, asegur\u00e1ndonos de que resulten naturales, fomenten la confianza y atraigan tr\u00e1fico, sin infringir las normas de moderaci\u00f3n.<\/li>\n<li data-start=\"364\" data-end=\"520\">La colocaci\u00f3n de cada enlace se estudia cuidadosamente evaluando la audiencia, el tono y las directrices del subreddit para garantizar una integraci\u00f3n perfecta y un valor significativo.<\/li>\n<li data-start=\"522\" data-end=\"714\">Elaboramos cada mensaje para que se ajuste al estilo \u00fanico de cada comunidad: nada de ventas forzadas, s\u00f3lo ideas valiosas, experiencias personales o recomendaciones amables que incorporan de forma natural su enlace.<\/li>\n<li data-start=\"716\" data-end=\"879\">Nuestras publicaciones se realizan a trav\u00e9s de cuentas de Reddit consolidadas y de confianza con un s\u00f3lido historial de actividad, lo que aumenta la credibilidad y minimiza las posibilidades de que se eliminen enlaces.<\/li>\n<\/ul>\n<div id=\"simple-translate\" class=\"simple-translate-system-theme\">\n<div>\n<div class=\"simple-translate-button isShow\" style=\"background-image: url('chrome-extension:\/\/ibplnjkanclpjokhdolnendpplpjiace\/icons\/512.png'); height: 22px; width: 22px; top: 68px; left: 1px;\"><\/div>\n<div class=\"simple-translate-panel\" style=\"width: 300px; height: 200px; top: 0px; left: 0px; font-size: 13px;\">\n<div class=\"simple-translate-result-wrapper\" style=\"overflow: hidden;\">\n<div class=\"simple-translate-move\" draggable=\"true\"><\/div>\n<div class=\"simple-translate-result-contents\">\n<p class=\"simple-translate-result\" dir=\"auto\"><\/p>\n<p class=\"simple-translate-candidate\" dir=\"auto\"><\/p>\n<\/div>\n<\/div>\n<\/div>\n<\/div>\n<\/div>\n<\/div>\n\n\n\n<div class=\"wp-block-group alignwide has-ast-global-color-4-background-color has-background is-layout-constrained wp-container-core-group-is-layout-6a2cfb7b wp-block-group-is-layout-constrained\" id=\"reviews\">\n<section class=\"service-faq\">\n    <div class=\"service-faq__wrapper container\">\n        <div class=\"service-faq__title section-text\">\n            <h2>Todo lo que debe saber sobre los enlaces de Quora<\/h2>\n        <\/div>\n        <aside class=\"service-faq__accordion\" data-mobile-accordion=\"\">\n            <details open=\"\" name=\"accordion-0\">\n                <summary>\u00bfQu\u00e9 son los enlaces de Quora?<\/summary>\n                <p>Los enlaces de Quora son backlinks insertados en las respuestas de la plataforma de preguntas y respuestas Quora. Estos enlaces gu\u00edan a los usuarios a su sitio web, blog o p\u00e1gina de destino, y sirven para aumentar el tr\u00e1fico de referencia, mejorar el SEO y establecer la credibilidad de la marca.\n\nCuando se hacen correctamente, estos enlaces se integran de forma natural en la conversaci\u00f3n y a\u00f1aden valor al apoyar las respuestas con fuentes relevantes y \u00fatiles. Aunque la mayor\u00eda de los enlaces de Quora son nofollow, siguen contribuyendo a la participaci\u00f3n, la visibilidad y el tr\u00e1fico org\u00e1nico.<\/p>\n            <\/details>\n            <details name=\"accordion-0\">\n                <summary>\u00bfPor qu\u00e9 Quora es mejor que los foros normales?<\/summary>\n                <p>Quora se distingue de los foros t\u00edpicos por su elevada autoridad de dominio, su estricta moderaci\u00f3n de contenidos y su \u00e9nfasis en las contribuciones de expertos. Las respuestas de Quora suelen tener una posici\u00f3n destacada en las b\u00fasquedas de Google, lo que genera tr\u00e1fico org\u00e1nico a largo plazo. La plataforma atrae a un p\u00fablico global bien formado, lo que la convierte en un espacio ideal para generar confianza y posicionar su marca como una autoridad.\n\nAdem\u00e1s, los hilos de Quora aparecen con frecuencia en los resultados de b\u00fasqueda de Google, sobre todo en el caso de preguntas detalladas y extensas, lo que proporciona una exposici\u00f3n duradera y un flujo constante de tr\u00e1fico cualificado a su sitio web.<\/p>\n            <\/details>\n            <details name=\"accordion-0\">\n                <summary>\u00bfQu\u00e9 nichos son adecuados para los enlaces de Quora?<\/summary>\n                <p>Los enlaces de Quora son muy eficaces en sectores en los que los usuarios buscan asesoramiento, comparan opciones o conf\u00edan en la opini\u00f3n de expertos, como las plataformas SaaS, los servicios financieros, la sanidad, la educaci\u00f3n, el marketing digital o la tecnolog\u00eda, entre otros. El formato pregunta-respuesta permite a las marcas participar en debates relevantes, ofreciendo informaci\u00f3n valiosa que resuene con su p\u00fablico objetivo.\n\nEste enfoque funciona bien tanto para empresas B2B como B2C, especialmente en los mercados de habla inglesa, donde la creaci\u00f3n de confianza, la exhibici\u00f3n de experiencia y el mantenimiento de una s\u00f3lida presencia en l\u00ednea son cruciales para el \u00e9xito.<\/p>\n            <\/details>\n            <details name=\"accordion-0\">\n                <summary>\u00bfCu\u00e1ndo debe un sitio web utilizar enlaces de Quora?<\/summary>\n                <p>Un sitio web deber\u00eda considerar el uso de enlaces de Quora si quiere aumentar la visibilidad de su marca, atraer tr\u00e1fico de referencia y diversificar su perfil de backlinks. Estos enlaces ayudan a establecer autoridad tem\u00e1tica a trav\u00e9s de contribuciones consistentes de expertos, apoyando el SEO de cola larga aprovechando los fuertes rankings de los motores de b\u00fasqueda de Quora.\n\nLos enlaces de Quora son especialmente beneficiosos cuando se lanzan nuevas p\u00e1ginas o durante las primeras etapas de promoci\u00f3n de un sitio web. Incluso los sitios ya establecidos pueden beneficiarse de los enlaces de Quora como se\u00f1al de confianza a largo plazo y fuente de tr\u00e1fico fiable. Si los competidores ya est\u00e1n aprovechando Quora para el SEO, no utilizar esta plataforma podr\u00eda dejarle atr\u00e1s en los resultados de los motores de b\u00fasqueda.<\/p>\n            <\/details>\n        <\/aside>\n    <\/div>\n<\/section>\n<\/div>\n\n\n\n<h1>Por qu\u00e9 su marca necesita enlaces Reddit<\/h1>\n\n<p>Reddit es el lugar donde se re\u00fanen las comunidades online m\u00e1s grandes y comprometidas para compartir experiencias, debatir sobre productos y recomendar servicios en los que realmente conf\u00edan. Si quieres que tu marca sea vista por un p\u00fablico activo e interesado, Reddit es la plataforma en la que debes estar.<\/p>\n\n<p>En Reddit, las conversaciones son din\u00e1micas y a menudo muy espec\u00edficas. Cuando su marca forma parte de estos debates, gana credibilidad, confianza y un lugar natural dentro de la comunidad. Este enfoque hace que la presencia de su marca deje de ser una intrusi\u00f3n para convertirse en una valiosa contribuci\u00f3n al di\u00e1logo en curso.<\/p>\n\n<h2>Llegar al p\u00fablico adecuado<\/h2>\n\n<p>Reddit no es s\u00f3lo un foro gigante, es una red de comunidades muy espec\u00edficas. Ya sean entusiastas de las startups, aficionados a las criptomonedas, personas preocupadas por la salud o aficionados al bricolaje, hay un subreddit lleno de gente a la que le interesa lo que ofreces.<\/p>\n\n<p>Al colocar sus enlaces en estos temas tan espec\u00edficos, nos aseguramos de que su mensaje llegue al p\u00fablico adecuado. Esto significa que sus enlaces no solo son visibles, sino tambi\u00e9n relevantes, lo que genera una participaci\u00f3n de mayor calidad.<\/p>\n\n<h2>Integraci\u00f3n perfecta y natural<\/h2>\n\n<p>Una publicaci\u00f3n exitosa en Reddit no deber\u00eda parecer marketing. Debe mezclarse como una contribuci\u00f3n genuina y \u00fatil. En LinkBuilder.com, creamos publicaciones que coinciden con el tono de la conversaci\u00f3n. Nuestro equipo se asegura de que su enlace no parezca un argumento de venta, sino una recomendaci\u00f3n bien pensada.<\/p>\n\n<p>Este enfoque aut\u00e9ntico hace m\u00e1s probable que la comunidad acepte su contenido, conf\u00ede en su marca y se comprometa con su mensaje. Al seguir las normas de Reddit, tu contenido permanece visible y evita ser marcado o eliminado.<\/p>\n\n<h2>Aprovechar la prueba social<\/h2>\n\n<p>En Reddit, los buenos contenidos son recompensados. Cuantos m\u00e1s \"upvotes\", respuestas y participaci\u00f3n positiva reciba tu publicaci\u00f3n, mayor ser\u00e1 su visibilidad. El algoritmo de Reddit favorece las publicaciones que generan interacci\u00f3n real, lo que amplifica significativamente su alcance.<\/p>\n\n<p>Esta prueba social org\u00e1nica no s\u00f3lo refuerza la confianza en su marca, sino que genera m\u00e1s tr\u00e1fico y aumenta las conversiones. Cuanta m\u00e1s interacci\u00f3n reciba tu contenido, m\u00e1s fuerte ser\u00e1 tu enlace.<\/p>\n\n<h2>Comentarios instant\u00e1neos<\/h2>\n\n<p>Reddit proporciona reacciones inmediatas y sin filtrar de sus usuarios, ofreci\u00e9ndole informaci\u00f3n en tiempo real sobre c\u00f3mo percibe su mensaje su audiencia. Este tipo de reacci\u00f3n r\u00e1pida es dif\u00edcil de obtener a trav\u00e9s de otros canales de marketing.<\/p>\n\n<p>Utilice esta informaci\u00f3n para perfeccionar sus mensajes, validar ideas y comprender mejor a su p\u00fablico. Piense en ello como una investigaci\u00f3n de mercado en vivo que informa directamente a su estrategia de SEO. Con Reddit, obtendr\u00e1 respuestas r\u00e1pidas que pueden ayudarle a pivotar y mejorar las estrategias m\u00e1s r\u00e1pidamente que con los m\u00e9todos tradicionales.<\/p>\n\n<h2>Refuerce su perfil de enlaces<\/h2>\n\n<p>Los enlaces de Reddit no son backlinks cualquiera. Se colocan manualmente, son relevantes y est\u00e1n rodeados de contenido genuino generado por los usuarios, precisamente el tipo de se\u00f1ales que valoran los motores de b\u00fasqueda. Este contexto hace que estos enlaces sean mucho m\u00e1s valiosos que los backlinks gen\u00e9ricos producidos en masa.<\/p>\n\n<p>Los enlaces de Reddit diversifican su perfil de backlinks y complementan otras fuentes, como los art\u00edculos de invitados o los directorios, mejorando la autoridad de su sitio e impulsando el SEO natural. Con el tiempo, esta diversidad refuerza su estrategia SEO, haci\u00e9ndola m\u00e1s resistente.<\/p>\n\n<h2>Beneficios a largo plazo<\/h2>\n\n<p>El impacto de las publicaciones de Reddit no desaparece r\u00e1pidamente. Siguen posicion\u00e1ndose en Google y generando tr\u00e1fico mucho tiempo despu\u00e9s de su publicaci\u00f3n. Si tu comentario gana tracci\u00f3n pronto, puede generar tr\u00e1fico constante durante meses o incluso a\u00f1os.<\/p>\n\n<p>Considere los enlaces de Reddit como activos a largo plazo. Esta presencia continua garantiza que su inversi\u00f3n en Reddit contin\u00fae trabajando para su marca, proporcionando beneficios duraderos mucho m\u00e1s all\u00e1 de la primera participaci\u00f3n.<\/p>\n\n\n\n\n<div class=\"wp-block-group alignfull has-background is-layout-constrained wp-container-core-group-is-layout-cfcca693 wp-block-group-is-layout-constrained\" id=\"contact\" style=\"background:linear-gradient(35deg,rgb(6,0,151) 0%,rgb(130,4,255) 64%,rgb(193,15,255) 98%);padding-top:104px;padding-bottom:104px\">\n<h3 class=\"wp-block-heading alignfull has-text-align-center has-text-color\" style=\"color:#ffffff\">Listo para impulsar tu SEO con Guest Posting <strong>en Espa\u00f1a<\/strong><\/h3>\n\n\n\n<h6 class=\"wp-block-heading has-text-align-center has-text-color\" style=\"color:#ffffff\">P\u00f3ngase en contacto con nosotros hoy mismo para iniciar su campa\u00f1a de guest posting. Nuestro equipo est\u00e1 listo para ayudarle a hacer crecer su marca y mejorar su posicionamiento.<\/h6>\n\n\n\n<div class=\"wp-block-buttons alignwide is-horizontal is-content-justification-center is-layout-flex wp-container-core-buttons-is-layout-bba8380a wp-block-buttons-is-layout-flex\" style=\"margin-top:50px\">\n<div class=\"wp-block-button\"><a class=\"wp-block-button__link wp-element-button\">Contacto\" \/ \"Presupuesto personalizado<\/a><\/div>\n<\/div>\n<\/div>\n\n\n\n<p><\/p>","protected":false},"excerpt":{"rendered":"<p>Impulsa tus rankings con Backlinks de Quora en Espa\u00f1a Quora es una plataforma \u00fanica donde los usuarios buscan activamente respuestas en profundidad, basadas en la experiencia, [...]<\/p>","protected":false},"author":1,"featured_media":0,"parent":0,"menu_order":0,"comment_status":"closed","ping_status":"closed","template":"","meta":{"site-sidebar-layout":"no-sidebar","site-content-layout":"plain-container","ast-site-content-layout":"","site-content-style":"default","site-sidebar-style":"default","ast-global-header-display":"","ast-banner-title-visibility":"","ast-main-header-display":"","ast-hfb-above-header-display":"","ast-hfb-below-header-display":"","ast-hfb-mobile-header-display":"","site-post-title":"disabled","ast-breadcrumbs-content":"","ast-featured-img":"","footer-sml-layout":"","theme-transparent-header-meta":"enabled","adv-header-id-meta":"","stick-header-meta":"","header-above-stick-meta":"","header-main-stick-meta":"","header-below-stick-meta":"","astra-migrate-meta-layouts":"default","ast-page-background-enabled":"default","ast-page-background-meta":{"desktop":{"background-color":"var(--ast-global-color-5)","background-image":"","background-repeat":"repeat","background-position":"center center","background-size":"auto","background-attachment":"scroll","background-type":"","background-media":"","overlay-type":"","overlay-color":"","overlay-opacity":"","overlay-gradient":""},"tablet":{"background-color":"","background-image":"","background-repeat":"repeat","background-position":"center center","background-size":"auto","background-attachment":"scroll","background-type":"","background-media":"","overlay-type":"","overlay-color":"","overlay-opacity":"","overlay-gradient":""},"mobile":{"background-color":"","background-image":"","background-repeat":"repeat","background-position":"center center","background-size":"auto","background-attachment":"scroll","background-type":"","background-media":"","overlay-type":"","overlay-color":"","overlay-opacity":"","overlay-gradient":""}},"ast-content-background-meta":{"desktop":{"background-color":"var(--ast-global-color-4)","background-image":"","background-repeat":"repeat","background-position":"center center","background-size":"auto","background-attachment":"scroll","background-type":"","background-media":"","overlay-type":"","overlay-color":"","overlay-opacity":"","overlay-gradient":""},"tablet":{"background-color":"var(--ast-global-color-4)","background-image":"","background-repeat":"repeat","background-position":"center center","background-size":"auto","background-attachment":"scroll","background-type":"","background-media":"","overlay-type":"","overlay-color":"","overlay-opacity":"","overlay-gradient":""},"mobile":{"background-color":"var(--ast-global-color-4)","background-image":"","background-repeat":"repeat","background-position":"center center","background-size":"auto","background-attachment":"scroll","background-type":"","background-media":"","overlay-type":"","overlay-color":"","overlay-opacity":"","overlay-gradient":""}},"footnotes":""},"class_list":["post-1191","page","type-page","status-publish","hentry"],"_links":{"self":[{"href":"https:\/\/linkbuildingspainagency.com\/es\/wp-json\/wp\/v2\/pages\/1191","targetHints":{"allow":["GET"]}}],"collection":[{"href":"https:\/\/linkbuildingspainagency.com\/es\/wp-json\/wp\/v2\/pages"}],"about":[{"href":"https:\/\/linkbuildingspainagency.com\/es\/wp-json\/wp\/v2\/types\/page"}],"author":[{"embeddable":true,"href":"https:\/\/linkbuildingspainagency.com\/es\/wp-json\/wp\/v2\/users\/1"}],"replies":[{"embeddable":true,"href":"https:\/\/linkbuildingspainagency.com\/es\/wp-json\/wp\/v2\/comments?post=1191"}],"version-history":[{"count":5,"href":"https:\/\/linkbuildingspainagency.com\/es\/wp-json\/wp\/v2\/pages\/1191\/revisions"}],"predecessor-version":[{"id":1203,"href":"https:\/\/linkbuildingspainagency.com\/es\/wp-json\/wp\/v2\/pages\/1191\/revisions\/1203"}],"wp:attachment":[{"href":"https:\/\/linkbuildingspainagency.com\/es\/wp-json\/wp\/v2\/media?parent=1191"}],"curies":[{"name":"wp","href":"https:\/\/api.w.org\/{rel}","templated":true}]}}